{"id":8926,"date":"2020-09-11T07:52:28","date_gmt":"2020-09-11T07:52:28","guid":{"rendered":"https:\/\/www.avancehair.com\/acerca-de-avance-cirugia-plastica-y-trasplante-capilar\/"},"modified":"2024-10-28T09:00:07","modified_gmt":"2024-10-28T09:00:07","slug":"acerca-de-avance-cirugia-plastica-y-trasplante-capilar","status":"publish","type":"page","link":"https:\/\/www.avancehair.com\/es\/acerca-de-avance-cirugia-plastica-y-trasplante-capilar\/","title":{"rendered":"Acerca de Avance Cirug\u00eda Pl\u00e1stica y Trasplante Capilar"},"content":{"rendered":"<h1>Acerca de Avance Cirug\u00eda Pl\u00e1stica y Trasplante Capilar<\/h1>\n<p>  Si luchas contra la ca\u00edda del cabello, la restauraci\u00f3n capilar puede cambiar tu vida de muchas maneras.<br \/>\n<a title=\"Trasplante capilar Reno NV\" href=\"https:\/\/www.avancehair.com\/es\/\"><em><strong>Avance Trasplante Capilar<\/strong><\/em><\/a> es una cl\u00ednica m\u00e9dica de restauraci\u00f3n y trasplante capilar de primera categor\u00eda en Reno, Nevada.<br \/>\nEl compasivo personal est\u00e1 formado por profesionales m\u00e9dicos altamente formados en los tratamientos est\u00e9ticos m\u00e1s avanzados y en el uso de aparatos est\u00e9ticos.<br \/>\nEl centro forma a m\u00e9dicos y cirujanos de todo el mundo en diversos campos sobre m\u00e9todos y medicamentos de restauraci\u00f3n capilar.     <\/p>\n<h2>Especialistas en restauraci\u00f3n capilar de Nevada<\/h2>\n<p>  Como especialistas en restauraci\u00f3n capilar de Nevada, Avance Hair Transplant atiende a pacientes de todo el mundo con tecnolog\u00eda de vanguardia y procedimientos quir\u00fargicos avanzados.<br \/>\nCada paciente de trasplante capilar recibe una atenci\u00f3n del m\u00e1s alto nivel con un plan personalizado para satisfacer sus necesidades y objetivos est\u00e9ticos individuales.<br \/>\nEn las instalaciones de Nevada, los pacientes reciben recursos educativos para ayudarles en el camino hacia la consecuci\u00f3n de sus objetivos est\u00e9ticos.<br \/>\nPara saber m\u00e1s sobre lo que Avance Cirug\u00eda Pl\u00e1stica y Trasplante Capilar ofrece a los pacientes, visita los siguientes enlaces:     <nav class=\"flc-submenu\" aria-label=\"sub menu\"><ul><\/ul><\/nav><\/p>\n<h3>Sobre el Dr. Erez Dayan<\/h3>\n<p>  El Dr. Erez Dayan es un experimentado cirujano pl\u00e1stico y reconstructivo especializado en m\u00faltiples procedimientos de trasplante y restauraci\u00f3n capilar.<br \/>\nEl Dr. Dayan ha compartido sus investigaciones y conocimientos en los cinco continentes y ha colaborado en m\u00faltiples libros y art\u00edculos publicados.<br \/>\nMediante procedimientos de trasplante capilar m\u00ednimamente invasivos, el Dr. Dayan ayuda a los pacientes a conseguir resultados \u00f3ptimos sin las incisiones tradicionales ni el tiempo de inactividad necesario con otros procedimientos de restauraci\u00f3n capilar.<br \/>\nAlgunos de los procedimientos de trasplante capilar en los que se especializa el Dr. Dayan son la extracci\u00f3n de unidades foliculares, la transferencia de unidades foliculares, las inyecciones de PRP y las micropuntas.<br \/>\nEl Dr. Dayan tambi\u00e9n est\u00e1 especializado en t\u00e9cnicas de trasplante capilar de m\u00e9dula \u00f3sea, c\u00e9lulas madre y microgotas de c\u00e9lulas madre de grasa.<br \/>\nLas opciones no quir\u00fargicas pueden incluir terapia hormonal, suplemento Nutrafol y otras soluciones m\u00e9dicas para el crecimiento del cabello.       <\/p>\n<h4>Programa una consulta sobre trasplante capilar<\/h4>\n<p>  Los especialistas en trasplante capilar de Avance Hair Transplant ofrecen numerosos procedimientos de trasplante y restauraci\u00f3n capilar tanto para hombres como para mujeres en todo Nevada y el resto de Estados Unidos.<br \/>\nLos pacientes reciben un plan personalizado para satisfacer sus objetivos y necesidades est\u00e9ticas espec\u00edficas.<br \/>\nDurante una consulta, el Dr. Dayan puede determinar si eres un candidato ideal y discutir los beneficios y riesgos.<br \/>\nDescubre c\u00f3mo el trasplante capilar en Avance Hair Transplant puede cambiar tu vida y aumentar la confianza en ti misma. <a title=\"Contacta con Avance Hair Transplant en Reno NV\" href=\"https:\/\/www.avancehair.com\/es\/contact-us-dr-erez-dayan\/\"><em><strong>Programa una consulta<\/strong><\/em><\/a> hoy mismo.<br \/>\nProporcionamos a nuestros pacientes quir\u00fargicos y no quir\u00fargicos de todo Nevada, incluidas las siguientes ciudades y zonas circundantes:      <nav class=\"flc-submenu\" aria-label=\"sub menu\"><ul><\/ul><\/nav><\/p>\n","protected":false},"excerpt":{"rendered":"<p>Acerca de Avance Cirug\u00eda Pl\u00e1stica y Trasplante Capilar Si luchas contra la ca\u00edda del cabello, la restauraci\u00f3n capilar puede&hellip;<\/p>\n","protected":false},"author":1,"featured_media":0,"parent":0,"menu_order":10,"comment_status":"closed","ping_status":"closed","template":"","meta":{"_acf_changed":false,"footnotes":""},"class_list":["post-8926","page","type-page","status-publish"],"acf":[],"yoast_head":"<!-- This site is optimized with the Yoast SEO plugin v24.5 - https:\/\/yoast.com\/wordpress\/plugins\/seo\/ -->\n<title>Avance Hair Transplant | Reno, NV Especialistas en restauraci\u00f3n capilar | Lake Tahoe<\/title>\n<meta name=\"description\" content=\"Avance Hair Transplant puede ayudarte a transformar tu vida con las t\u00e9cnicas de restauraci\u00f3n capilar m\u00e1s avanzadas. Programa una consulta hoy mismo.\" \/>\n<meta name=\"robots\" content=\"index, follow, max-snippet:-1, max-image-preview:large, max-video-preview:-1\" \/>\n<link rel=\"canonical\" href=\"https:\/\/www.avancehair.com\/es\/acerca-de-avance-cirugia-plastica-y-trasplante-capilar\/\" \/>\n<meta property=\"og:locale\" content=\"es_ES\" \/>\n<meta property=\"og:type\" content=\"article\" \/>\n<meta property=\"og:title\" content=\"Avance Hair Transplant | Reno, NV Especialistas en restauraci\u00f3n capilar | Lake Tahoe\" \/>\n<meta property=\"og:description\" content=\"Avance Hair Transplant puede ayudarte a transformar tu vida con las t\u00e9cnicas de restauraci\u00f3n capilar m\u00e1s avanzadas. Programa una consulta hoy mismo.\" \/>\n<meta property=\"og:url\" content=\"https:\/\/www.avancehair.com\/es\/acerca-de-avance-cirugia-plastica-y-trasplante-capilar\/\" \/>\n<meta property=\"og:site_name\" content=\"Avance Hair Transplant\" \/>\n<meta property=\"article:modified_time\" content=\"2024-10-28T09:00:07+00:00\" \/>\n<meta name=\"twitter:card\" content=\"summary_large_image\" \/>\n<meta name=\"twitter:label1\" content=\"Tiempo de lectura\" \/>\n\t<meta name=\"twitter:data1\" content=\"3 minutos\" \/>\n<!-- \/ Yoast SEO plugin. -->","yoast_head_json":{"title":"Avance Hair Transplant | Reno, NV Especialistas en restauraci\u00f3n capilar | Lake Tahoe","description":"Avance Hair Transplant puede ayudarte a transformar tu vida con las t\u00e9cnicas de restauraci\u00f3n capilar m\u00e1s avanzadas. Programa una consulta hoy mismo.","robots":{"index":"index","follow":"follow","max-snippet":"max-snippet:-1","max-image-preview":"max-image-preview:large","max-video-preview":"max-video-preview:-1"},"canonical":"https:\/\/www.avancehair.com\/es\/acerca-de-avance-cirugia-plastica-y-trasplante-capilar\/","og_locale":"es_ES","og_type":"article","og_title":"Avance Hair Transplant | Reno, NV Especialistas en restauraci\u00f3n capilar | Lake Tahoe","og_description":"Avance Hair Transplant puede ayudarte a transformar tu vida con las t\u00e9cnicas de restauraci\u00f3n capilar m\u00e1s avanzadas. Programa una consulta hoy mismo.","og_url":"https:\/\/www.avancehair.com\/es\/acerca-de-avance-cirugia-plastica-y-trasplante-capilar\/","og_site_name":"Avance Hair Transplant","article_modified_time":"2024-10-28T09:00:07+00:00","twitter_card":"summary_large_image","twitter_misc":{"Tiempo de lectura":"3 minutos"},"schema":{"@context":"https:\/\/schema.org","@graph":[{"@type":"WebPage","@id":"https:\/\/www.avancehair.com\/es\/acerca-de-avance-cirugia-plastica-y-trasplante-capilar\/","url":"https:\/\/www.avancehair.com\/es\/acerca-de-avance-cirugia-plastica-y-trasplante-capilar\/","name":"Avance Hair Transplant | Reno, NV Especialistas en restauraci\u00f3n capilar | Lake Tahoe","isPartOf":{"@id":"https:\/\/www.avancehair.com\/es\/#website"},"datePublished":"2020-09-11T07:52:28+00:00","dateModified":"2024-10-28T09:00:07+00:00","description":"Avance Hair Transplant puede ayudarte a transformar tu vida con las t\u00e9cnicas de restauraci\u00f3n capilar m\u00e1s avanzadas. Programa una consulta hoy mismo.","breadcrumb":{"@id":"https:\/\/www.avancehair.com\/es\/acerca-de-avance-cirugia-plastica-y-trasplante-capilar\/#breadcrumb"},"inLanguage":"es","potentialAction":[{"@type":"ReadAction","target":["https:\/\/www.avancehair.com\/es\/acerca-de-avance-cirugia-plastica-y-trasplante-capilar\/"]}]},{"@type":"BreadcrumbList","@id":"https:\/\/www.avancehair.com\/es\/acerca-de-avance-cirugia-plastica-y-trasplante-capilar\/#breadcrumb","itemListElement":[{"@type":"ListItem","position":1,"name":"Home","item":"https:\/\/www.avancehair.com\/es\/"},{"@type":"ListItem","position":2,"name":"Acerca de Avance Cirug\u00eda Pl\u00e1stica y Trasplante Capilar"}]},{"@type":"WebSite","@id":"https:\/\/www.avancehair.com\/es\/#website","url":"https:\/\/www.avancehair.com\/es\/","name":"Avance Hair Transplant","description":"","potentialAction":[{"@type":"SearchAction","target":{"@type":"EntryPoint","urlTemplate":"https:\/\/www.avancehair.com\/es\/?s={search_term_string}"},"query-input":{"@type":"PropertyValueSpecification","valueRequired":true,"valueName":"search_term_string"}}],"inLanguage":"es"}]}},"_links":{"self":[{"href":"https:\/\/www.avancehair.com\/es\/wp-json\/wp\/v2\/pages\/8926","targetHints":{"allow":["GET"]}}],"collection":[{"href":"https:\/\/www.avancehair.com\/es\/wp-json\/wp\/v2\/pages"}],"about":[{"href":"https:\/\/www.avancehair.com\/es\/wp-json\/wp\/v2\/types\/page"}],"author":[{"embeddable":true,"href":"https:\/\/www.avancehair.com\/es\/wp-json\/wp\/v2\/users\/1"}],"replies":[{"embeddable":true,"href":"https:\/\/www.avancehair.com\/es\/wp-json\/wp\/v2\/comments?post=8926"}],"version-history":[{"count":2,"href":"https:\/\/www.avancehair.com\/es\/wp-json\/wp\/v2\/pages\/8926\/revisions"}],"predecessor-version":[{"id":8936,"href":"https:\/\/www.avancehair.com\/es\/wp-json\/wp\/v2\/pages\/8926\/revisions\/8936"}],"wp:attachment":[{"href":"https:\/\/www.avancehair.com\/es\/wp-json\/wp\/v2\/media?parent=8926"}],"curies":[{"name":"wp","href":"https:\/\/api.w.org\/{rel}","templated":true}]}}