{"id":8865,"date":"2020-09-15T10:40:20","date_gmt":"2020-09-15T10:40:20","guid":{"rendered":"https:\/\/www.avancehair.com\/dr-erez-dayan\/"},"modified":"2024-10-25T12:57:19","modified_gmt":"2024-10-25T12:57:19","slug":"dr-erez-dayan","status":"publish","type":"page","link":"https:\/\/www.avancehair.com\/es\/acerca-de-avance-cirugia-plastica-y-trasplante-capilar\/dr-erez-dayan\/","title":{"rendered":"Dr. Erez Dayan"},"content":{"rendered":"<h1 style=\"text-align: center;\">Antecedentes del Dr. Erez Dayan<\/h1>\n<p>El Dr. Erez Dayan es cirujano pl\u00e1stico y reconstructivo, autor e investigador. Complet\u00f3 su formaci\u00f3n en el elitista Programa de Cirug\u00eda Pl\u00e1stica de Harvard antes de conseguir una beca en cirug\u00eda est\u00e9tica en el Instituto de Cirug\u00eda Pl\u00e1stica de Dallas, de categor\u00eda mundial. Ha sido llamado como investigador clave para una serie de becas financiadas por Allergan, Galderma, InMode y MTF Biologics, que se encuentran entre las empresas sanitarias m\u00e1s innovadoras a la vanguardia de la ciencia est\u00e9tica. El Dr. Dayan es un educador activo, l\u00edder de opini\u00f3n clave y conferenciante. En los \u00faltimos 10 a\u00f1os, ha publicado y presentado su trabajo en m\u00e1s de 150 ocasiones, no s\u00f3lo en Estados Unidos, sino tambi\u00e9n en China, Taiw\u00e1n, Oriente Medio, Europa y Sudam\u00e9rica. Es autor de seis libros notables sobre temas especiales de cirug\u00eda est\u00e9tica y reconstructiva. El Dr. Dayan es codesarrollador de <a href=\"https:\/\/www.coreaesthetics.com\/\" target=\"_blank\" rel=\"noreferrer noopener\">coreaesthetics.com<\/a>, un recurso en l\u00ednea que educa a los proveedores de est\u00e9tica sobre las t\u00e9cnicas y tecnolog\u00edas m\u00e1s eficaces y seguras para tratar a los pacientes. Este sitio web ha capacitado a miles de profesionales de todo el mundo para comprender mejor los fundamentos de los tratamientos est\u00e9ticos, as\u00ed como para formarse en t\u00e9cnicas avanzadas impartidas en cursos de m\u00e1ster comisariados.  <\/p>\n<h2>Filosof\u00eda del Dr. Dayan<\/h2>\n<p><img loading=\"lazy\" decoding=\"async\" src=\"https:\/\/www.avancehair.com\/wp-content\/uploads\/2020\/09\/erez-or-1-min.jpg\" alt=\"El Dr. Dayan durante la operaci\u00f3n\" class=\"alignright wp-image-5082\" width=\"400\" height=\"525\" srcset=\"https:\/\/www.avancehair.com\/wp-content\/uploads\/2020\/09\/erez-or-1-min.jpg 1238w, https:\/\/www.avancehair.com\/wp-content\/uploads\/2020\/09\/erez-or-1-min-229x300.jpg 229w, https:\/\/www.avancehair.com\/wp-content\/uploads\/2020\/09\/erez-or-1-min-781x1024.jpg 781w, https:\/\/www.avancehair.com\/wp-content\/uploads\/2020\/09\/erez-or-1-min-768x1007.jpg 768w, https:\/\/www.avancehair.com\/wp-content\/uploads\/2020\/09\/erez-or-1-min-1171x1536.jpg 1171w\" sizes=\"auto, (max-width: 400px) 100vw, 400px\" \/><\/p>\n<p>El Dr. Dayan se dedica a conseguir resultados extraordinarios, utilizando las t\u00e9cnicas y la tecnolog\u00eda m\u00e1s avanzadas. Ha centrado gran parte de su carrera en realizar e investigar procedimientos m\u00ednimamente invasivos para ofrecer a los pacientes los resultados que desean sin las incisiones tradicionales ni el tiempo de inactividad. El Dr. Dayan evoluciona constantemente y adquiere tecnolog\u00eda y equipos nuevos y avanzados de todo el mundo para promover su objetivo de optimizar los resultados de los pacientes. Como cirujano, el Dr. Dayan entiende que el \u00e9xito de una intervenci\u00f3n se basa en la confianza, la transparencia y la educaci\u00f3n. Escucha atentamente los objetivos de mejora de los pacientes durante una consulta en profundidad y crea una hoja de ruta personalizada para el tratamiento. Explicar\u00e1 cada paso detalladamente para que los pacientes sean plenamente conscientes de los riesgos, beneficios, resultados previstos y costes de su viaje est\u00e9tico. Como Director M\u00e9dico del Instituto de Cirug\u00eda Pl\u00e1stica Avance en Reno\/Tahoe, el objetivo del Dr. Dayan es determinar tu candidatura para los procedimientos est\u00e9ticos y educarte sobre qu\u00e9 opciones son las mejores para lograr tus objetivos. El Dr. Dayan se preocupa ante todo por tu salud y bienestar generales. Con frecuencia, har\u00e1 que los pacientes sigan un \u00abplan previo al tratamiento\u00bb participando en un programa personalizado para optimizar su candidatura general y los resultados de los procedimientos est\u00e9ticos. Por ejemplo, en casos de contorno corporal, el Dr. Dayan puede sugerir que optimices tus resultados con una dieta personalizada o un programa de ejercicio. En el caso del rejuvenecimiento facial, el Dr. Dayan suele realizar un tratamiento previo con un r\u00e9gimen de cuidado de la piel de grado m\u00e9dico para garantizar los mejores resultados posibles. La filosof\u00eda del Dr. Dayan es que los pacientes a los que no realiza procedimientos son tan importantes como los que trata. El proceso de consulta en profundidad tiene por objeto comprender tus objetivos y expectativas est\u00e9ticas. Si estos objetivos no son alcanzables o razonables, el Dr. Dayan te explicar\u00e1 por qu\u00e9 y te informar\u00e1 sobre las mejores alternativas posibles.  <\/p>\n<h3>El Dr. Dayan es uno de los cirujanos pl\u00e1sticos m\u00e1s populares del norte de Nevada<\/h3>\n<p>El Dr. Dayan ofrece tratamientos est\u00e9ticos integrales para la cara, los senos y el cuerpo, as\u00ed como cirug\u00eda reconstructiva. Desde procedimientos est\u00e9ticos como estiramientos faciales, aumentos mamarios, rinoplastia y abdominoplastias, hasta tratamientos m\u00e1s personalizados y exclusivos como el estiramiento cut\u00e1neo por radiofrecuencia o ultrasonidos, la reconstrucci\u00f3n con MOHS y la transferencia de grasa, el Dr. Dayan aplica un enfoque laborioso y basado en la precisi\u00f3n que refleja su innata inclinaci\u00f3n por la excelencia. El Instituto de Cirug\u00eda Pl\u00e1stica Avance alberga la \u00faltima tecnolog\u00eda disponible en el sector de la est\u00e9tica. Los pacientes pueden esperar un plan de tratamiento personalizado que se desarrolla a partir de toda la gama de tratamientos est\u00e9ticos, incluidos los quir\u00fargicos, m\u00ednimamente invasivos y no invasivos. Al someterse a una intervenci\u00f3n est\u00e9tica realizada por un cirujano pl\u00e1stico y reconstructivo experto como el Dr. Dayan, los pacientes de Reno pueden esperar tener un aspecto y sentirse m\u00e1s j\u00f3venes y vibrantes, con una sensaci\u00f3n de mayor confianza y satisfacci\u00f3n personal con su imagen. <\/p>\n<h3>Educaci\u00f3n y Formaci\u00f3n<\/h3>\n<ul>\n<li><strong>Beca de Cirug\u00eda Pl\u00e1stica Est\u00e9tica y Reparadora<\/strong> &#8211; Instituto de Cirug\u00eda Pl\u00e1stica de Dallas<\/li>\n<li><strong>Jefe de Residentes de Cirug\u00eda Pl\u00e1stica y Reparadora<\/strong> &#8211; Hospital General de Massachusetts\/Escuela de Medicina de Harvard<\/li>\n<li><strong>Residente, Cirug\u00eda Pl\u00e1stica y Reparadora<\/strong> &#8211; Harvard Plastic Surgery<\/li>\n<li><strong>Jefe Administrativo Residente en Cirug\u00eda General<\/strong> &#8211; Escuela de Medicina Icahn en Mount Sinai<\/li>\n<li><strong>Residencia en Cirug\u00eda General<\/strong> &#8211; Escuela de Medicina Icahn en Mount Sinai<\/li>\n<li><strong>Doctor en Medicina<\/strong> &#8211; Universidad Estatal de Nueva York, Centro M\u00e9dico Downstate<\/li>\n<li><strong>Licenciatura en Ciencias<\/strong> &#8211; Universidad Brandeis<\/li>\n<\/ul>\n<p>Llama al Instituto de Cirug\u00eda Pl\u00e1stica Avance al (775) 800-4444 para concertar hoy mismo una consulta cosm\u00e9tica y reconstructiva confidencial con el Dr. Erez Dayan.<\/p>\n<h2 style=\"text-align: center;\">CV del Dr. Dayan<\/h2>\n<dl id=\"faq-1\" class=\"flc-faq\"><\/dl>\n","protected":false},"excerpt":{"rendered":"<p>Antecedentes del Dr. Erez Dayan El Dr. Erez Dayan es cirujano pl\u00e1stico y reconstructivo, autor e investigador. Complet\u00f3 su&hellip;<\/p>\n","protected":false},"author":1,"featured_media":8666,"parent":8926,"menu_order":0,"comment_status":"closed","ping_status":"closed","template":"template-fullwidth.php","meta":{"_acf_changed":false,"footnotes":""},"class_list":["post-8865","page","type-page","status-publish","has-post-thumbnail"],"acf":[],"yoast_head":"<!-- This site is optimized with the Yoast SEO plugin v27.4 - https:\/\/yoast.com\/product\/yoast-seo-wordpress\/ -->\n<title>Cirujano Pl\u00e1stico Reno NV Dr. Erez Dayan | Cirug\u00eda Est\u00e9tica Lake Tahoe<\/title>\n<meta name=\"description\" content=\"Los residentes de Reno, NV, tienen la suerte de contar con el calibre de un cirujano pl\u00e1stico est\u00e9tico como el Dr. Erez Dayan, disponible para realizar tratamientos est\u00e9ticos y cosm\u00e9ticos. Obt\u00e9n m\u00e1s informaci\u00f3n sobre la formaci\u00f3n, educaci\u00f3n, filosof\u00eda m\u00e9dica y enfoque del tratamiento del Dr. Dayan.\" \/>\n<meta name=\"robots\" content=\"index, follow, max-snippet:-1, max-image-preview:large, max-video-preview:-1\" \/>\n<link rel=\"canonical\" href=\"https:\/\/www.avancehair.com\/es\/acerca-de-avance-cirugia-plastica-y-trasplante-capilar\/dr-erez-dayan\/\" \/>\n<meta property=\"og:locale\" content=\"es_ES\" \/>\n<meta property=\"og:type\" content=\"article\" \/>\n<meta property=\"og:title\" content=\"Cirujano Pl\u00e1stico Reno NV Dr. Erez Dayan | Cirug\u00eda Est\u00e9tica Lake Tahoe\" \/>\n<meta property=\"og:description\" content=\"Los residentes de Reno, NV, tienen la suerte de contar con el calibre de un cirujano pl\u00e1stico est\u00e9tico como el Dr. Erez Dayan, disponible para realizar tratamientos est\u00e9ticos y cosm\u00e9ticos. Obt\u00e9n m\u00e1s informaci\u00f3n sobre la formaci\u00f3n, educaci\u00f3n, filosof\u00eda m\u00e9dica y enfoque del tratamiento del Dr. Dayan.\" \/>\n<meta property=\"og:url\" content=\"https:\/\/www.avancehair.com\/es\/acerca-de-avance-cirugia-plastica-y-trasplante-capilar\/dr-erez-dayan\/\" \/>\n<meta property=\"og:site_name\" content=\"Avance Hair Transplant\" \/>\n<meta property=\"article:modified_time\" content=\"2024-10-25T12:57:19+00:00\" \/>\n<meta property=\"og:image\" content=\"https:\/\/www.avancehair.com\/wp-content\/uploads\/2020\/09\/about-header-min.jpg\" \/>\n\t<meta property=\"og:image:width\" content=\"1920\" \/>\n\t<meta property=\"og:image:height\" content=\"500\" \/>\n\t<meta property=\"og:image:type\" content=\"image\/jpeg\" \/>\n<meta name=\"twitter:card\" content=\"summary_large_image\" \/>\n<meta name=\"twitter:label1\" content=\"Tiempo de lectura\" \/>\n\t<meta name=\"twitter:data1\" content=\"5 minutos\" \/>\n<!-- \/ Yoast SEO plugin. -->","yoast_head_json":{"title":"Cirujano Pl\u00e1stico Reno NV Dr. Erez Dayan | Cirug\u00eda Est\u00e9tica Lake Tahoe","description":"Los residentes de Reno, NV, tienen la suerte de contar con el calibre de un cirujano pl\u00e1stico est\u00e9tico como el Dr. Erez Dayan, disponible para realizar tratamientos est\u00e9ticos y cosm\u00e9ticos. Obt\u00e9n m\u00e1s informaci\u00f3n sobre la formaci\u00f3n, educaci\u00f3n, filosof\u00eda m\u00e9dica y enfoque del tratamiento del Dr. Dayan.","robots":{"index":"index","follow":"follow","max-snippet":"max-snippet:-1","max-image-preview":"max-image-preview:large","max-video-preview":"max-video-preview:-1"},"canonical":"https:\/\/www.avancehair.com\/es\/acerca-de-avance-cirugia-plastica-y-trasplante-capilar\/dr-erez-dayan\/","og_locale":"es_ES","og_type":"article","og_title":"Cirujano Pl\u00e1stico Reno NV Dr. Erez Dayan | Cirug\u00eda Est\u00e9tica Lake Tahoe","og_description":"Los residentes de Reno, NV, tienen la suerte de contar con el calibre de un cirujano pl\u00e1stico est\u00e9tico como el Dr. Erez Dayan, disponible para realizar tratamientos est\u00e9ticos y cosm\u00e9ticos. Obt\u00e9n m\u00e1s informaci\u00f3n sobre la formaci\u00f3n, educaci\u00f3n, filosof\u00eda m\u00e9dica y enfoque del tratamiento del Dr. Dayan.","og_url":"https:\/\/www.avancehair.com\/es\/acerca-de-avance-cirugia-plastica-y-trasplante-capilar\/dr-erez-dayan\/","og_site_name":"Avance Hair Transplant","article_modified_time":"2024-10-25T12:57:19+00:00","og_image":[{"width":1920,"height":500,"url":"https:\/\/www.avancehair.com\/wp-content\/uploads\/2020\/09\/about-header-min.jpg","type":"image\/jpeg"}],"twitter_card":"summary_large_image","twitter_misc":{"Tiempo de lectura":"5 minutos"},"schema":{"@context":"https:\/\/schema.org","@graph":[{"@type":"WebPage","@id":"https:\/\/www.avancehair.com\/es\/acerca-de-avance-cirugia-plastica-y-trasplante-capilar\/dr-erez-dayan\/","url":"https:\/\/www.avancehair.com\/es\/acerca-de-avance-cirugia-plastica-y-trasplante-capilar\/dr-erez-dayan\/","name":"Cirujano Pl\u00e1stico Reno NV Dr. Erez Dayan | Cirug\u00eda Est\u00e9tica Lake Tahoe","isPartOf":{"@id":"https:\/\/www.avancehair.com\/es\/#website"},"primaryImageOfPage":{"@id":"https:\/\/www.avancehair.com\/es\/acerca-de-avance-cirugia-plastica-y-trasplante-capilar\/dr-erez-dayan\/#primaryimage"},"image":{"@id":"https:\/\/www.avancehair.com\/es\/acerca-de-avance-cirugia-plastica-y-trasplante-capilar\/dr-erez-dayan\/#primaryimage"},"thumbnailUrl":"https:\/\/www.avancehair.com\/wp-content\/uploads\/2020\/09\/about-header-min.jpg","datePublished":"2020-09-15T10:40:20+00:00","dateModified":"2024-10-25T12:57:19+00:00","description":"Los residentes de Reno, NV, tienen la suerte de contar con el calibre de un cirujano pl\u00e1stico est\u00e9tico como el Dr. Erez Dayan, disponible para realizar tratamientos est\u00e9ticos y cosm\u00e9ticos. Obt\u00e9n m\u00e1s informaci\u00f3n sobre la formaci\u00f3n, educaci\u00f3n, filosof\u00eda m\u00e9dica y enfoque del tratamiento del Dr. Dayan.","breadcrumb":{"@id":"https:\/\/www.avancehair.com\/es\/acerca-de-avance-cirugia-plastica-y-trasplante-capilar\/dr-erez-dayan\/#breadcrumb"},"inLanguage":"es","potentialAction":[{"@type":"ReadAction","target":["https:\/\/www.avancehair.com\/es\/acerca-de-avance-cirugia-plastica-y-trasplante-capilar\/dr-erez-dayan\/"]}]},{"@type":"ImageObject","inLanguage":"es","@id":"https:\/\/www.avancehair.com\/es\/acerca-de-avance-cirugia-plastica-y-trasplante-capilar\/dr-erez-dayan\/#primaryimage","url":"https:\/\/www.avancehair.com\/wp-content\/uploads\/2020\/09\/about-header-min.jpg","contentUrl":"https:\/\/www.avancehair.com\/wp-content\/uploads\/2020\/09\/about-header-min.jpg","width":1920,"height":500},{"@type":"BreadcrumbList","@id":"https:\/\/www.avancehair.com\/es\/acerca-de-avance-cirugia-plastica-y-trasplante-capilar\/dr-erez-dayan\/#breadcrumb","itemListElement":[{"@type":"ListItem","position":1,"name":"Home","item":"https:\/\/www.avancehair.com\/es\/"},{"@type":"ListItem","position":2,"name":"Acerca de Avance Cirug\u00eda Pl\u00e1stica y Trasplante Capilar","item":"https:\/\/www.avancehair.com\/es\/acerca-de-avance-cirugia-plastica-y-trasplante-capilar\/"},{"@type":"ListItem","position":3,"name":"Dr. Erez Dayan"}]},{"@type":"WebSite","@id":"https:\/\/www.avancehair.com\/es\/#website","url":"https:\/\/www.avancehair.com\/es\/","name":"Avance Hair Transplant","description":"","potentialAction":[{"@type":"SearchAction","target":{"@type":"EntryPoint","urlTemplate":"https:\/\/www.avancehair.com\/es\/?s={search_term_string}"},"query-input":{"@type":"PropertyValueSpecification","valueRequired":true,"valueName":"search_term_string"}}],"inLanguage":"es"}]}},"_links":{"self":[{"href":"https:\/\/www.avancehair.com\/es\/wp-json\/wp\/v2\/pages\/8865","targetHints":{"allow":["GET"]}}],"collection":[{"href":"https:\/\/www.avancehair.com\/es\/wp-json\/wp\/v2\/pages"}],"about":[{"href":"https:\/\/www.avancehair.com\/es\/wp-json\/wp\/v2\/types\/page"}],"author":[{"embeddable":true,"href":"https:\/\/www.avancehair.com\/es\/wp-json\/wp\/v2\/users\/1"}],"replies":[{"embeddable":true,"href":"https:\/\/www.avancehair.com\/es\/wp-json\/wp\/v2\/comments?post=8865"}],"version-history":[{"count":1,"href":"https:\/\/www.avancehair.com\/es\/wp-json\/wp\/v2\/pages\/8865\/revisions"}],"predecessor-version":[{"id":8927,"href":"https:\/\/www.avancehair.com\/es\/wp-json\/wp\/v2\/pages\/8865\/revisions\/8927"}],"up":[{"embeddable":true,"href":"https:\/\/www.avancehair.com\/es\/wp-json\/wp\/v2\/pages\/8926"}],"wp:featuredmedia":[{"embeddable":true,"href":"https:\/\/www.avancehair.com\/es\/wp-json\/wp\/v2\/media\/8666"}],"wp:attachment":[{"href":"https:\/\/www.avancehair.com\/es\/wp-json\/wp\/v2\/media?parent=8865"}],"curies":[{"name":"wp","href":"https:\/\/api.w.org\/{rel}","templated":true}]}}