{"id":8864,"date":"2022-04-06T11:01:03","date_gmt":"2022-04-06T11:01:03","guid":{"rendered":"https:\/\/www.avancehair.com\/tratamientos-no-quirurgicos-para-la-caida-del-cabello\/inyecciones-de-prp\/"},"modified":"2024-10-28T10:38:59","modified_gmt":"2024-10-28T10:38:59","slug":"inyecciones-de-prp","status":"publish","type":"page","link":"https:\/\/www.avancehair.com\/es\/tratamientos-no-quirurgicos-para-la-caida-del-cabello\/inyecciones-de-prp\/","title":{"rendered":"Inyecciones de PRP"},"content":{"rendered":"<h1>Inyecciones de PRP para la ca\u00edda del cabello<\/h1>\n<p>El debilitamiento y la ca\u00edda del cabello pueden afectar significativamente a tu aspecto y a c\u00f3mo te sientes contigo misma. Hay numerosas razones por las que puedes perder el pelo, y multitud de opciones de tratamiento para ayudarte. Si te preocupan los efectos secundarios y las complicaciones de la cirug\u00eda o los medicamentos t\u00f3picos, existen opciones alternativas que utilizan tu propio cuerpo para estimular el crecimiento del pelo. Las inyecciones de plasma rico en plaquetas (PRP) para la ca\u00edda del cabello son <a title=\"Tratamiento no quir\u00fargico de la ca\u00edda del cabello en Reno NV\" href=\"https:\/\/www.avancehair.com\/es\/tratamientos-no-quirurgicos-para-la-caida-del-cabello\/\"><em><strong>procedimientos no quir\u00fargicos eficaces<\/strong><\/em><\/a> para ayudar a potenciar el crecimiento y que puedas tener m\u00e1s confianza en tu aspecto.   <\/p>\n<h2>C\u00f3mo funcionan las inyecciones de PRP para la ca\u00edda del cabello<\/h2>\n<p>Las inyecciones de PRP para la ca\u00edda del cabello funcionan utilizando tu propio plasma para ayudar a que vuelva a crecer el pelo debilitado. Se te extrae sangre y se coloca en una centrifugadora para centrifugarla en tres capas. Se selecciona el plasma rico en plaquetas y se desecha el resto. A continuaci\u00f3n, este plasma se inyecta en tu cuero cabelludo. Una vez inyectado el PRP en el cuero cabelludo, las plaquetas se activan para liberar varios factores de crecimiento que fomentan el desarrollo de cabello nuevo. El proceso completo dura aproximadamente una hora. Pueden ser necesarios varios tratamientos a lo largo del tiempo para alcanzar los objetivos deseados. Los resultados pueden ser visibles en tres meses, y los resultados completos se consiguen en aproximadamente seis meses. Puedes reanudar tus actividades normales despu\u00e9s del procedimiento. Las inyecciones de PRP pueden combinarse con otros m\u00e9todos de restauraci\u00f3n capilar para ayudar a estimular el crecimiento.    <\/p>\n<h3>Candidatos ideales para las inyecciones de PRP<\/h3>\n<p>Los candidatos ideales para las inyecciones de PRP para la ca\u00edda del cabello son hombres y mujeres con ca\u00edda del cabello de leve a moderada. Durante una consulta, el Dr. Erez Dayan, cirujano pl\u00e1stico y reconstructivo colegiado, puede determinar si eres un candidato ideal. El Dr. Dayan har\u00e1 una evaluaci\u00f3n y recomendar\u00e1 el mejor plan de tratamiento adaptado a tus necesidades y objetivos est\u00e9ticos \u00fanicos.  <\/p>\n<h4>Solicita una consulta sobre las inyecciones de PRP para la ca\u00edda del cabello<\/h4>\n<p>Si el debilitamiento o la ca\u00edda del cabello est\u00e1n afectando a tu autoestima, las inyecciones de PRP para la ca\u00edda del cabello pueden ser muy beneficiosas. Avance Hair Transplant se especializa en una amplia gama de m\u00e9todos de restauraci\u00f3n capilar utilizando las \u00faltimas tecnolog\u00edas y t\u00e9cnicas. <a title=\"Contacta con Avance Hair Transplant en Reno NV\" href=\"https:\/\/www.avancehair.com\/es\/contact-us-dr-erez-dayan\/\"><em><strong>Programa una consulta<\/strong><\/em><\/a> para saber si las inyecciones de PRP para la ca\u00edda del cabello son adecuadas para ti hoy mismo. <\/p>\n","protected":false},"excerpt":{"rendered":"<p>Inyecciones de PRP para la ca\u00edda del cabello El debilitamiento y la ca\u00edda del cabello pueden afectar significativamente a&hellip;<\/p>\n","protected":false},"author":1,"featured_media":0,"parent":8842,"menu_order":0,"comment_status":"closed","ping_status":"closed","template":"","meta":{"_acf_changed":false,"footnotes":""},"class_list":["post-8864","page","type-page","status-publish"],"acf":[],"yoast_head":"<!-- This site is optimized with the Yoast SEO plugin v24.5 - https:\/\/yoast.com\/wordpress\/plugins\/seo\/ -->\n<title>Inyecciones de PRP en Reno NV para la ca\u00edda del cabello | Restauraci\u00f3n capilar con PRP en Lake Tahoe<\/title>\n<meta name=\"description\" content=\"Las inyecciones de plasma rico en plaquetas (PRP) para la ca\u00edda del cabello son procedimientos cosm\u00e9ticos no quir\u00fargicos eficaces para que puedas tener m\u00e1s confianza en tu aspecto.\" \/>\n<meta name=\"robots\" content=\"index, follow, max-snippet:-1, max-image-preview:large, max-video-preview:-1\" \/>\n<link rel=\"canonical\" href=\"https:\/\/www.avancehair.com\/es\/tratamientos-no-quirurgicos-para-la-caida-del-cabello\/inyecciones-de-prp\/\" \/>\n<meta property=\"og:locale\" content=\"es_ES\" \/>\n<meta property=\"og:type\" content=\"article\" \/>\n<meta property=\"og:title\" content=\"Inyecciones de PRP en Reno NV para la ca\u00edda del cabello | Restauraci\u00f3n capilar con PRP en Lake Tahoe\" \/>\n<meta property=\"og:description\" content=\"Las inyecciones de plasma rico en plaquetas (PRP) para la ca\u00edda del cabello son procedimientos cosm\u00e9ticos no quir\u00fargicos eficaces para que puedas tener m\u00e1s confianza en tu aspecto.\" \/>\n<meta property=\"og:url\" content=\"https:\/\/www.avancehair.com\/es\/tratamientos-no-quirurgicos-para-la-caida-del-cabello\/inyecciones-de-prp\/\" \/>\n<meta property=\"og:site_name\" content=\"Avance Hair Transplant\" \/>\n<meta property=\"article:modified_time\" content=\"2024-10-28T10:38:59+00:00\" \/>\n<meta name=\"twitter:card\" content=\"summary_large_image\" \/>\n<meta name=\"twitter:label1\" content=\"Tiempo de lectura\" \/>\n\t<meta name=\"twitter:data1\" content=\"2 minutos\" \/>\n<!-- \/ Yoast SEO plugin. -->","yoast_head_json":{"title":"Inyecciones de PRP en Reno NV para la ca\u00edda del cabello | Restauraci\u00f3n capilar con PRP en Lake Tahoe","description":"Las inyecciones de plasma rico en plaquetas (PRP) para la ca\u00edda del cabello son procedimientos cosm\u00e9ticos no quir\u00fargicos eficaces para que puedas tener m\u00e1s confianza en tu aspecto.","robots":{"index":"index","follow":"follow","max-snippet":"max-snippet:-1","max-image-preview":"max-image-preview:large","max-video-preview":"max-video-preview:-1"},"canonical":"https:\/\/www.avancehair.com\/es\/tratamientos-no-quirurgicos-para-la-caida-del-cabello\/inyecciones-de-prp\/","og_locale":"es_ES","og_type":"article","og_title":"Inyecciones de PRP en Reno NV para la ca\u00edda del cabello | Restauraci\u00f3n capilar con PRP en Lake Tahoe","og_description":"Las inyecciones de plasma rico en plaquetas (PRP) para la ca\u00edda del cabello son procedimientos cosm\u00e9ticos no quir\u00fargicos eficaces para que puedas tener m\u00e1s confianza en tu aspecto.","og_url":"https:\/\/www.avancehair.com\/es\/tratamientos-no-quirurgicos-para-la-caida-del-cabello\/inyecciones-de-prp\/","og_site_name":"Avance Hair Transplant","article_modified_time":"2024-10-28T10:38:59+00:00","twitter_card":"summary_large_image","twitter_misc":{"Tiempo de lectura":"2 minutos"},"schema":{"@context":"https:\/\/schema.org","@graph":[{"@type":"WebPage","@id":"https:\/\/www.avancehair.com\/es\/tratamientos-no-quirurgicos-para-la-caida-del-cabello\/inyecciones-de-prp\/","url":"https:\/\/www.avancehair.com\/es\/tratamientos-no-quirurgicos-para-la-caida-del-cabello\/inyecciones-de-prp\/","name":"Inyecciones de PRP en Reno NV para la ca\u00edda del cabello | Restauraci\u00f3n capilar con PRP en Lake Tahoe","isPartOf":{"@id":"https:\/\/www.avancehair.com\/es\/#website"},"datePublished":"2022-04-06T11:01:03+00:00","dateModified":"2024-10-28T10:38:59+00:00","description":"Las inyecciones de plasma rico en plaquetas (PRP) para la ca\u00edda del cabello son procedimientos cosm\u00e9ticos no quir\u00fargicos eficaces para que puedas tener m\u00e1s confianza en tu aspecto.","breadcrumb":{"@id":"https:\/\/www.avancehair.com\/es\/tratamientos-no-quirurgicos-para-la-caida-del-cabello\/inyecciones-de-prp\/#breadcrumb"},"inLanguage":"es","potentialAction":[{"@type":"ReadAction","target":["https:\/\/www.avancehair.com\/es\/tratamientos-no-quirurgicos-para-la-caida-del-cabello\/inyecciones-de-prp\/"]}]},{"@type":"BreadcrumbList","@id":"https:\/\/www.avancehair.com\/es\/tratamientos-no-quirurgicos-para-la-caida-del-cabello\/inyecciones-de-prp\/#breadcrumb","itemListElement":[{"@type":"ListItem","position":1,"name":"Home","item":"https:\/\/www.avancehair.com\/es\/"},{"@type":"ListItem","position":2,"name":"Tratamientos no quir\u00fargicos para la ca\u00edda del cabello","item":"https:\/\/www.avancehair.com\/es\/tratamientos-no-quirurgicos-para-la-caida-del-cabello\/"},{"@type":"ListItem","position":3,"name":"Inyecciones de PRP"}]},{"@type":"WebSite","@id":"https:\/\/www.avancehair.com\/es\/#website","url":"https:\/\/www.avancehair.com\/es\/","name":"Avance Hair Transplant","description":"","potentialAction":[{"@type":"SearchAction","target":{"@type":"EntryPoint","urlTemplate":"https:\/\/www.avancehair.com\/es\/?s={search_term_string}"},"query-input":{"@type":"PropertyValueSpecification","valueRequired":true,"valueName":"search_term_string"}}],"inLanguage":"es"}]}},"_links":{"self":[{"href":"https:\/\/www.avancehair.com\/es\/wp-json\/wp\/v2\/pages\/8864","targetHints":{"allow":["GET"]}}],"collection":[{"href":"https:\/\/www.avancehair.com\/es\/wp-json\/wp\/v2\/pages"}],"about":[{"href":"https:\/\/www.avancehair.com\/es\/wp-json\/wp\/v2\/types\/page"}],"author":[{"embeddable":true,"href":"https:\/\/www.avancehair.com\/es\/wp-json\/wp\/v2\/users\/1"}],"replies":[{"embeddable":true,"href":"https:\/\/www.avancehair.com\/es\/wp-json\/wp\/v2\/comments?post=8864"}],"version-history":[{"count":1,"href":"https:\/\/www.avancehair.com\/es\/wp-json\/wp\/v2\/pages\/8864\/revisions"}],"predecessor-version":[{"id":8953,"href":"https:\/\/www.avancehair.com\/es\/wp-json\/wp\/v2\/pages\/8864\/revisions\/8953"}],"up":[{"embeddable":true,"href":"https:\/\/www.avancehair.com\/es\/wp-json\/wp\/v2\/pages\/8842"}],"wp:attachment":[{"href":"https:\/\/www.avancehair.com\/es\/wp-json\/wp\/v2\/media?parent=8864"}],"curies":[{"name":"wp","href":"https:\/\/api.w.org\/{rel}","templated":true}]}}