{"id":8862,"date":"2022-04-06T11:12:19","date_gmt":"2022-04-06T11:12:19","guid":{"rendered":"https:\/\/www.avancehair.com\/carson-city\/"},"modified":"2024-10-28T09:56:58","modified_gmt":"2024-10-28T09:56:58","slug":"carson-city","status":"publish","type":"page","link":"https:\/\/www.avancehair.com\/es\/acerca-de-avance-cirugia-plastica-y-trasplante-capilar\/carson-city\/","title":{"rendered":"Carson City"},"content":{"rendered":"<h1>Trasplante de pelo en Carson City<\/h1>\n<p>\u00bfEst\u00e1s experimentando un debilitamiento del cabello o calvicie? Perder el pelo puede afectar a c\u00f3mo te sientes contigo mismo, lo que puede repercutir en todos los aspectos de tu vida. El trasplante o la restauraci\u00f3n capilar pueden ser soluciones ideales tanto para hombres como para mujeres que viven en Carson City, Nevada. <a title=\"Trasplante capilar cerca de Carson City NV\" href=\"https:\/\/www.avancehair.com\/\"><em><strong>Avance Trasplante Capilar<\/strong><\/em><\/a> se especializa en <a title=\"Cirug\u00eda de trasplante capilar cerca de Carson City NV\" href=\"https:\/\/www.avancehair.com\/hair-restoration-procedures\/\"><em><strong>quir\u00fargicos<\/strong><\/em><\/a> y <a title=\"Tratamiento no quir\u00fargico de la ca\u00edda del cabello cerca de Carson City NV\" href=\"https:\/\/www.avancehair.com\/non-surgical-hair-loss-treatments\/\"><em><strong>t\u00e9cnicas y tecnolog\u00edas quir\u00fargicas y no quir\u00fargicas<\/strong><\/em><\/a> para potenciar el crecimiento del cabello y la confianza en tu aspecto.  <\/p>\n<h2>Restauraci\u00f3n del vello de la barba\/cejas<\/h2>\n<p>El adelgazamiento y la calvicie del cuero cabelludo o del vello facial pueden deberse a m\u00faltiples causas. El envejecimiento, la gen\u00e9tica, el estr\u00e9s y los problemas de salud pueden hacer que tu pelo deje de crecer y se da\u00f1e. Una de las opciones de tratamiento m\u00e1s populares para los residentes de Carson City en Avance Hair Transplant es la restauraci\u00f3n capilar de la barba o las cejas. Se puede utilizar un trasplante capilar del pelo existente en la parte posterior del cuero cabelludo para rellenar zonas irregulares y proporcionar plenitud y un pelo sano. Puedes reanudar tus actividades normales en unos d\u00edas y experimentar resultados notables en unos meses. Para ser candidato a un trasplante y restauraci\u00f3n capilares, puedes reunirte con un cirujano pl\u00e1stico certificado para hablar de tus objetivos est\u00e9ticos. Durante esta cita, el cirujano realizar\u00e1 una evaluaci\u00f3n y pruebas para crear un plan de tratamiento personalizado. Puedes informarte sobre las ventajas y los riesgos de las distintas opciones disponibles.    <\/p>\n<h3>\u00bfPor qu\u00e9 elegir Avance Cirug\u00eda Pl\u00e1stica y Trasplante Capilar?<\/h3>\n<p>Avance Cirug\u00eda Pl\u00e1stica y Trasplante Capilar es una cl\u00ednica de restauraci\u00f3n capilar de primera clase en Reno, Nevada. El centro forma a cirujanos de todo el mundo en las \u00faltimas tecnolog\u00edas y m\u00e9todos utilizados para restaurar la ca\u00edda del cabello. El Dr. Erez Dayan ha compartido sus conocimientos y experiencia a trav\u00e9s de numerosos libros y conferencias pronunciadas en todo el mundo.  <\/p>\n<h4>Consulta sobre trasplante capilar en Carson City<\/h4>\n<p>Si la ca\u00edda del cabello est\u00e1 afectando a la confianza que tienes en tu aspecto, un trasplante capilar puede ser una inversi\u00f3n excelente. Avance Hair Transplant ofrece consultas en persona y virtuales para hombres y mujeres en Carson City, Nevada. Como cirujano pl\u00e1stico y reconstructivo altamente acreditado, el Dr. Erez Dayan puede dise\u00f1ar el plan de trasplante y restauraci\u00f3n capilar que mejor se adapte a tus necesidades y objetivos \u00fanicos. <a title=\"Contacta con Avance Hair Transplant cerca de Carson City NV\" href=\"https:\/\/www.avancehair.com\/es\/contact-us-dr-erez-dayan\/\"><em><strong>Programa una consulta<\/strong><\/em><\/a> para ver si un trasplante capilar es adecuado para ti hoy mismo.  <\/p>\n","protected":false},"excerpt":{"rendered":"<p>Trasplante de pelo en Carson City \u00bfEst\u00e1s experimentando un debilitamiento del cabello o calvicie? Perder el pelo puede afectar&hellip;<\/p>\n","protected":false},"author":1,"featured_media":0,"parent":8926,"menu_order":50,"comment_status":"closed","ping_status":"closed","template":"","meta":{"_acf_changed":false,"footnotes":""},"class_list":["post-8862","page","type-page","status-publish"],"acf":[],"yoast_head":"<!-- This site is optimized with the Yoast SEO plugin v27.4 - https:\/\/yoast.com\/product\/yoast-seo-wordpress\/ -->\n<title>Carson City NV Trasplante capilar | Restauraci\u00f3n capilar barba\/cejas<\/title>\n<meta name=\"description\" content=\"\u00bfNecesitas un trasplante capilar en Carson City, Nevada? Ponte en contacto con Avance Hair Transplant hoy mismo para una consulta y descubrir si eres candidato.\" \/>\n<meta name=\"robots\" content=\"index, follow, max-snippet:-1, max-image-preview:large, max-video-preview:-1\" \/>\n<link rel=\"canonical\" href=\"https:\/\/www.avancehair.com\/es\/acerca-de-avance-cirugia-plastica-y-trasplante-capilar\/carson-city\/\" \/>\n<meta property=\"og:locale\" content=\"es_ES\" \/>\n<meta property=\"og:type\" content=\"article\" \/>\n<meta property=\"og:title\" content=\"Carson City NV Trasplante capilar | Restauraci\u00f3n capilar barba\/cejas\" \/>\n<meta property=\"og:description\" content=\"\u00bfNecesitas un trasplante capilar en Carson City, Nevada? Ponte en contacto con Avance Hair Transplant hoy mismo para una consulta y descubrir si eres candidato.\" \/>\n<meta property=\"og:url\" content=\"https:\/\/www.avancehair.com\/es\/acerca-de-avance-cirugia-plastica-y-trasplante-capilar\/carson-city\/\" \/>\n<meta property=\"og:site_name\" content=\"Avance Hair Transplant\" \/>\n<meta property=\"article:modified_time\" content=\"2024-10-28T09:56:58+00:00\" \/>\n<meta name=\"twitter:card\" content=\"summary_large_image\" \/>\n<meta name=\"twitter:label1\" content=\"Tiempo de lectura\" \/>\n\t<meta name=\"twitter:data1\" content=\"2 minutos\" \/>\n<!-- \/ Yoast SEO plugin. -->","yoast_head_json":{"title":"Carson City NV Trasplante capilar | Restauraci\u00f3n capilar barba\/cejas","description":"\u00bfNecesitas un trasplante capilar en Carson City, Nevada? Ponte en contacto con Avance Hair Transplant hoy mismo para una consulta y descubrir si eres candidato.","robots":{"index":"index","follow":"follow","max-snippet":"max-snippet:-1","max-image-preview":"max-image-preview:large","max-video-preview":"max-video-preview:-1"},"canonical":"https:\/\/www.avancehair.com\/es\/acerca-de-avance-cirugia-plastica-y-trasplante-capilar\/carson-city\/","og_locale":"es_ES","og_type":"article","og_title":"Carson City NV Trasplante capilar | Restauraci\u00f3n capilar barba\/cejas","og_description":"\u00bfNecesitas un trasplante capilar en Carson City, Nevada? Ponte en contacto con Avance Hair Transplant hoy mismo para una consulta y descubrir si eres candidato.","og_url":"https:\/\/www.avancehair.com\/es\/acerca-de-avance-cirugia-plastica-y-trasplante-capilar\/carson-city\/","og_site_name":"Avance Hair Transplant","article_modified_time":"2024-10-28T09:56:58+00:00","twitter_card":"summary_large_image","twitter_misc":{"Tiempo de lectura":"2 minutos"},"schema":{"@context":"https:\/\/schema.org","@graph":[{"@type":"WebPage","@id":"https:\/\/www.avancehair.com\/es\/acerca-de-avance-cirugia-plastica-y-trasplante-capilar\/carson-city\/","url":"https:\/\/www.avancehair.com\/es\/acerca-de-avance-cirugia-plastica-y-trasplante-capilar\/carson-city\/","name":"Carson City NV Trasplante capilar | Restauraci\u00f3n capilar barba\/cejas","isPartOf":{"@id":"https:\/\/www.avancehair.com\/es\/#website"},"datePublished":"2022-04-06T11:12:19+00:00","dateModified":"2024-10-28T09:56:58+00:00","description":"\u00bfNecesitas un trasplante capilar en Carson City, Nevada? Ponte en contacto con Avance Hair Transplant hoy mismo para una consulta y descubrir si eres candidato.","breadcrumb":{"@id":"https:\/\/www.avancehair.com\/es\/acerca-de-avance-cirugia-plastica-y-trasplante-capilar\/carson-city\/#breadcrumb"},"inLanguage":"es","potentialAction":[{"@type":"ReadAction","target":["https:\/\/www.avancehair.com\/es\/acerca-de-avance-cirugia-plastica-y-trasplante-capilar\/carson-city\/"]}]},{"@type":"BreadcrumbList","@id":"https:\/\/www.avancehair.com\/es\/acerca-de-avance-cirugia-plastica-y-trasplante-capilar\/carson-city\/#breadcrumb","itemListElement":[{"@type":"ListItem","position":1,"name":"Home","item":"https:\/\/www.avancehair.com\/es\/"},{"@type":"ListItem","position":2,"name":"Acerca de Avance Cirug\u00eda Pl\u00e1stica y Trasplante Capilar","item":"https:\/\/www.avancehair.com\/es\/acerca-de-avance-cirugia-plastica-y-trasplante-capilar\/"},{"@type":"ListItem","position":3,"name":"Carson City"}]},{"@type":"WebSite","@id":"https:\/\/www.avancehair.com\/es\/#website","url":"https:\/\/www.avancehair.com\/es\/","name":"Avance Hair Transplant","description":"","potentialAction":[{"@type":"SearchAction","target":{"@type":"EntryPoint","urlTemplate":"https:\/\/www.avancehair.com\/es\/?s={search_term_string}"},"query-input":{"@type":"PropertyValueSpecification","valueRequired":true,"valueName":"search_term_string"}}],"inLanguage":"es"}]}},"_links":{"self":[{"href":"https:\/\/www.avancehair.com\/es\/wp-json\/wp\/v2\/pages\/8862","targetHints":{"allow":["GET"]}}],"collection":[{"href":"https:\/\/www.avancehair.com\/es\/wp-json\/wp\/v2\/pages"}],"about":[{"href":"https:\/\/www.avancehair.com\/es\/wp-json\/wp\/v2\/types\/page"}],"author":[{"embeddable":true,"href":"https:\/\/www.avancehair.com\/es\/wp-json\/wp\/v2\/users\/1"}],"replies":[{"embeddable":true,"href":"https:\/\/www.avancehair.com\/es\/wp-json\/wp\/v2\/comments?post=8862"}],"version-history":[{"count":3,"href":"https:\/\/www.avancehair.com\/es\/wp-json\/wp\/v2\/pages\/8862\/revisions"}],"predecessor-version":[{"id":8938,"href":"https:\/\/www.avancehair.com\/es\/wp-json\/wp\/v2\/pages\/8862\/revisions\/8938"}],"up":[{"embeddable":true,"href":"https:\/\/www.avancehair.com\/es\/wp-json\/wp\/v2\/pages\/8926"}],"wp:attachment":[{"href":"https:\/\/www.avancehair.com\/es\/wp-json\/wp\/v2\/media?parent=8862"}],"curies":[{"name":"wp","href":"https:\/\/api.w.org\/{rel}","templated":true}]}}