{"id":8861,"date":"2022-04-06T10:54:21","date_gmt":"2022-04-06T10:54:21","guid":{"rendered":"https:\/\/www.avancehair.com\/tratamientos-no-quirurgicos-para-la-caida-del-cabello\/inyecciones-de-microgotas-de-celulas-madre-de-grasa\/"},"modified":"2024-10-28T10:38:09","modified_gmt":"2024-10-28T10:38:09","slug":"inyecciones-de-microgotas-de-celulas-madre-de-grasa","status":"publish","type":"page","link":"https:\/\/www.avancehair.com\/es\/tratamientos-no-quirurgicos-para-la-caida-del-cabello\/inyecciones-de-microgotas-de-celulas-madre-de-grasa\/","title":{"rendered":"Inyecciones de microgotas de c\u00e9lulas madre de grasa"},"content":{"rendered":"<h1>Inyecciones de microgotas de c\u00e9lulas madre de grasa<\/h1>\n<p>Las inyecciones de microgotas de c\u00e9lulas madre de grasa son un <a title=\"Tratamiento no quir\u00fargico de la ca\u00edda del cabello en Reno NV\" href=\"https:\/\/www.avancehair.com\/es\/tratamientos-no-quirurgicos-para-la-caida-del-cabello\/\"><em><strong>tratamiento no quir\u00fargico eficaz e innovador<\/strong><\/em><\/a> para hombres y mujeres que luchan contra la ca\u00edda del cabello. Estas inyecciones utilizan tu propio cuerpo para ayudar a restaurar una cabellera sana y as\u00ed minimizar los riesgos y complicaciones que conllevan los procedimientos quir\u00fargicos. Avance Hair Transplant se especializa en este procedimiento, as\u00ed como en otros m\u00e9todos de restauraci\u00f3n capilar de \u00faltima generaci\u00f3n para ayudarte a verte y sentirte lo mejor posible.  <\/p>\n<h2>C\u00f3mo funcionan las inyecciones de microgotas de c\u00e9lulas madre de grasa<\/h2>\n<p>Con las inyecciones de microgotas de c\u00e9lulas madre de grasa, la liposucci\u00f3n aspira c\u00e9lulas madre de grasa de la zona abdominal. A continuaci\u00f3n, estas c\u00e9lulas se colocan en una centrifugadora para purificarlas antes de inyectarlas en las zonas de calvicie seleccionadas. Estas c\u00e9lulas derivadas de la grasa ayudan a inducir el crecimiento de fol\u00edculos pilosos y pueden ayudar a prevenir la ca\u00edda del cabello en el futuro. Puedes experimentar algunas molestias leves durante y despu\u00e9s de la intervenci\u00f3n, pero las actividades normales pueden reanudarse enseguida. Este tratamiento cosm\u00e9tico m\u00ednimamente invasivo puede combinarse con otros procedimientos de restauraci\u00f3n capilar para mejorar los resultados.    <\/p>\n<h3>Candidatos ideales para las inyecciones de microgotas de c\u00e9lulas madre de grasa<\/h3>\n<p>Los candidatos ideales para las inyecciones de microgotas de c\u00e9lulas madre de grasa son hombres y mujeres con buena salud y expectativas realistas. Si est\u00e1s interesado en este procedimiento, necesitar\u00e1s una consulta con un cirujano pl\u00e1stico titulado. Durante la cita, el cirujano revisar\u00e1 tu historial m\u00e9dico y puede realizar pruebas para determinar la causa de tu p\u00e9rdida de cabello. Podr\u00e1s informarte sobre las ventajas y los riesgos, y obtener respuestas a tus preguntas o preocupaciones para que puedas tomar una decisi\u00f3n informada para tus objetivos est\u00e9ticos.   <\/p>\n<h4>Solicitar una consulta<\/h4>\n<p>Si te encuentras en las fases iniciales de la ca\u00edda del cabello y deseas evitar los procedimientos quir\u00fargicos est\u00e9ticos, las inyecciones de microgotas de c\u00e9lulas madre de grasa pueden ser una soluci\u00f3n alternativa ideal para la restauraci\u00f3n capilar. Avance Hair Transplant ofrece consultas virtuales y en persona para ayudarte a tomar una decisi\u00f3n informada sobre este innovador tratamiento de restauraci\u00f3n capilar. El Dr. Erez Dayan, cirujano pl\u00e1stico y reconstructivo certificado, puede explicarte las ventajas y los riesgos y recomendarte el mejor plan para satisfacer tus necesidades y objetivos est\u00e9ticos. <a title=\"Contacta con Avance Hair Transplant en Reno NV\" href=\"https:\/\/www.avancehair.com\/es\/contact-us-dr-erez-dayan\/\"><em><strong>Programa una consulta<\/strong><\/em><\/a> para descubrir si las inyecciones de microgotas de c\u00e9lulas madre de grasa son adecuadas para ti hoy mismo.  <\/p>\n","protected":false},"excerpt":{"rendered":"<p>Inyecciones de microgotas de c\u00e9lulas madre de grasa Las inyecciones de microgotas de c\u00e9lulas madre de grasa son un&hellip;<\/p>\n","protected":false},"author":1,"featured_media":0,"parent":8842,"menu_order":0,"comment_status":"closed","ping_status":"closed","template":"","meta":{"_acf_changed":false,"footnotes":""},"class_list":["post-8861","page","type-page","status-publish"],"acf":[],"yoast_head":"<!-- This site is optimized with the Yoast SEO plugin v27.4 - https:\/\/yoast.com\/product\/yoast-seo-wordpress\/ -->\n<title>Reno NV Restauraci\u00f3n Capilar con C\u00e9lulas Madre Grasas | Lake Tahoe Terapia para la P\u00e9rdida de Cabello<\/title>\n<meta name=\"description\" content=\"Las inyecciones de microgotas de c\u00e9lulas madre de grasa pueden ser una soluci\u00f3n alternativa ideal de restauraci\u00f3n capilar para hombres y mujeres de Reno, Nevada.\" \/>\n<meta name=\"robots\" content=\"index, follow, max-snippet:-1, max-image-preview:large, max-video-preview:-1\" \/>\n<link rel=\"canonical\" href=\"https:\/\/www.avancehair.com\/es\/tratamientos-no-quirurgicos-para-la-caida-del-cabello\/inyecciones-de-microgotas-de-celulas-madre-de-grasa\/\" \/>\n<meta property=\"og:locale\" content=\"es_ES\" \/>\n<meta property=\"og:type\" content=\"article\" \/>\n<meta property=\"og:title\" content=\"Reno NV Restauraci\u00f3n Capilar con C\u00e9lulas Madre Grasas | Lake Tahoe Terapia para la P\u00e9rdida de Cabello\" \/>\n<meta property=\"og:description\" content=\"Las inyecciones de microgotas de c\u00e9lulas madre de grasa pueden ser una soluci\u00f3n alternativa ideal de restauraci\u00f3n capilar para hombres y mujeres de Reno, Nevada.\" \/>\n<meta property=\"og:url\" content=\"https:\/\/www.avancehair.com\/es\/tratamientos-no-quirurgicos-para-la-caida-del-cabello\/inyecciones-de-microgotas-de-celulas-madre-de-grasa\/\" \/>\n<meta property=\"og:site_name\" content=\"Avance Hair Transplant\" \/>\n<meta property=\"article:modified_time\" content=\"2024-10-28T10:38:09+00:00\" \/>\n<meta name=\"twitter:card\" content=\"summary_large_image\" \/>\n<meta name=\"twitter:label1\" content=\"Tiempo de lectura\" \/>\n\t<meta name=\"twitter:data1\" content=\"2 minutos\" \/>\n<!-- \/ Yoast SEO plugin. -->","yoast_head_json":{"title":"Reno NV Restauraci\u00f3n Capilar con C\u00e9lulas Madre Grasas | Lake Tahoe Terapia para la P\u00e9rdida de Cabello","description":"Las inyecciones de microgotas de c\u00e9lulas madre de grasa pueden ser una soluci\u00f3n alternativa ideal de restauraci\u00f3n capilar para hombres y mujeres de Reno, Nevada.","robots":{"index":"index","follow":"follow","max-snippet":"max-snippet:-1","max-image-preview":"max-image-preview:large","max-video-preview":"max-video-preview:-1"},"canonical":"https:\/\/www.avancehair.com\/es\/tratamientos-no-quirurgicos-para-la-caida-del-cabello\/inyecciones-de-microgotas-de-celulas-madre-de-grasa\/","og_locale":"es_ES","og_type":"article","og_title":"Reno NV Restauraci\u00f3n Capilar con C\u00e9lulas Madre Grasas | Lake Tahoe Terapia para la P\u00e9rdida de Cabello","og_description":"Las inyecciones de microgotas de c\u00e9lulas madre de grasa pueden ser una soluci\u00f3n alternativa ideal de restauraci\u00f3n capilar para hombres y mujeres de Reno, Nevada.","og_url":"https:\/\/www.avancehair.com\/es\/tratamientos-no-quirurgicos-para-la-caida-del-cabello\/inyecciones-de-microgotas-de-celulas-madre-de-grasa\/","og_site_name":"Avance Hair Transplant","article_modified_time":"2024-10-28T10:38:09+00:00","twitter_card":"summary_large_image","twitter_misc":{"Tiempo de lectura":"2 minutos"},"schema":{"@context":"https:\/\/schema.org","@graph":[{"@type":"WebPage","@id":"https:\/\/www.avancehair.com\/es\/tratamientos-no-quirurgicos-para-la-caida-del-cabello\/inyecciones-de-microgotas-de-celulas-madre-de-grasa\/","url":"https:\/\/www.avancehair.com\/es\/tratamientos-no-quirurgicos-para-la-caida-del-cabello\/inyecciones-de-microgotas-de-celulas-madre-de-grasa\/","name":"Reno NV Restauraci\u00f3n Capilar con C\u00e9lulas Madre Grasas | Lake Tahoe Terapia para la P\u00e9rdida de Cabello","isPartOf":{"@id":"https:\/\/www.avancehair.com\/es\/#website"},"datePublished":"2022-04-06T10:54:21+00:00","dateModified":"2024-10-28T10:38:09+00:00","description":"Las inyecciones de microgotas de c\u00e9lulas madre de grasa pueden ser una soluci\u00f3n alternativa ideal de restauraci\u00f3n capilar para hombres y mujeres de Reno, Nevada.","breadcrumb":{"@id":"https:\/\/www.avancehair.com\/es\/tratamientos-no-quirurgicos-para-la-caida-del-cabello\/inyecciones-de-microgotas-de-celulas-madre-de-grasa\/#breadcrumb"},"inLanguage":"es","potentialAction":[{"@type":"ReadAction","target":["https:\/\/www.avancehair.com\/es\/tratamientos-no-quirurgicos-para-la-caida-del-cabello\/inyecciones-de-microgotas-de-celulas-madre-de-grasa\/"]}]},{"@type":"BreadcrumbList","@id":"https:\/\/www.avancehair.com\/es\/tratamientos-no-quirurgicos-para-la-caida-del-cabello\/inyecciones-de-microgotas-de-celulas-madre-de-grasa\/#breadcrumb","itemListElement":[{"@type":"ListItem","position":1,"name":"Home","item":"https:\/\/www.avancehair.com\/es\/"},{"@type":"ListItem","position":2,"name":"Tratamientos no quir\u00fargicos para la ca\u00edda del cabello","item":"https:\/\/www.avancehair.com\/es\/tratamientos-no-quirurgicos-para-la-caida-del-cabello\/"},{"@type":"ListItem","position":3,"name":"Inyecciones de microgotas de c\u00e9lulas madre de grasa"}]},{"@type":"WebSite","@id":"https:\/\/www.avancehair.com\/es\/#website","url":"https:\/\/www.avancehair.com\/es\/","name":"Avance Hair Transplant","description":"","potentialAction":[{"@type":"SearchAction","target":{"@type":"EntryPoint","urlTemplate":"https:\/\/www.avancehair.com\/es\/?s={search_term_string}"},"query-input":{"@type":"PropertyValueSpecification","valueRequired":true,"valueName":"search_term_string"}}],"inLanguage":"es"}]}},"_links":{"self":[{"href":"https:\/\/www.avancehair.com\/es\/wp-json\/wp\/v2\/pages\/8861","targetHints":{"allow":["GET"]}}],"collection":[{"href":"https:\/\/www.avancehair.com\/es\/wp-json\/wp\/v2\/pages"}],"about":[{"href":"https:\/\/www.avancehair.com\/es\/wp-json\/wp\/v2\/types\/page"}],"author":[{"embeddable":true,"href":"https:\/\/www.avancehair.com\/es\/wp-json\/wp\/v2\/users\/1"}],"replies":[{"embeddable":true,"href":"https:\/\/www.avancehair.com\/es\/wp-json\/wp\/v2\/comments?post=8861"}],"version-history":[{"count":1,"href":"https:\/\/www.avancehair.com\/es\/wp-json\/wp\/v2\/pages\/8861\/revisions"}],"predecessor-version":[{"id":8952,"href":"https:\/\/www.avancehair.com\/es\/wp-json\/wp\/v2\/pages\/8861\/revisions\/8952"}],"up":[{"embeddable":true,"href":"https:\/\/www.avancehair.com\/es\/wp-json\/wp\/v2\/pages\/8842"}],"wp:attachment":[{"href":"https:\/\/www.avancehair.com\/es\/wp-json\/wp\/v2\/media?parent=8861"}],"curies":[{"name":"wp","href":"https:\/\/api.w.org\/{rel}","templated":true}]}}