{"id":8860,"date":"2022-04-06T11:08:25","date_gmt":"2022-04-06T11:08:25","guid":{"rendered":"https:\/\/www.avancehair.com\/tratamientos-no-quirurgicos-para-la-caida-del-cabello\/soluciones-medicas-para-el-crecimiento-del-cabello\/"},"modified":"2024-10-28T10:39:50","modified_gmt":"2024-10-28T10:39:50","slug":"soluciones-medicas-para-el-crecimiento-del-cabello","status":"publish","type":"page","link":"https:\/\/www.avancehair.com\/es\/tratamientos-no-quirurgicos-para-la-caida-del-cabello\/soluciones-medicas-para-el-crecimiento-del-cabello\/","title":{"rendered":"Soluciones m\u00e9dicas para el crecimiento del cabello"},"content":{"rendered":"<h1>Medicamentos para la ca\u00edda del cabello<\/h1>\n<p>\u00bfEmpiezas a notar signos de ca\u00edda del cabello? Los mechones de pelo en el cepillo o el retroceso de la l\u00ednea de nacimiento del cabello pueden hacer que te sientas acomplejado por tu aspecto. Avance Hair Transplant ofrece <a title=\"Tratamiento no quir\u00fargico de la ca\u00edda del cabello en Reno NV\" href=\"https:\/\/www.avancehair.com\/es\/tratamientos-no-quirurgicos-para-la-caida-del-cabello\/\"><em><strong>variedad de soluciones m\u00e9dicas no quir\u00fargicas para el crecimiento del cabello<\/strong><\/em><\/a> para hombres y mujeres de Reno, Nevada. Dos de las opciones m\u00e1s populares y eficaces que han proporcionado resultados significativos a muchas personas son el Finasteride y el Minoxidil. Aqu\u00ed tienes todo lo que necesitas saber sobre estos medicamentos para el crecimiento del pelo para tomar una decisi\u00f3n informada respecto a tus objetivos est\u00e9ticos.    <\/p>\n<h2>Finasterida<\/h2>\n<p>La finasterida, tambi\u00e9n conocida como Propecia\u00ae, es una de las soluciones m\u00e9dicas para el crecimiento del cabello dise\u00f1adas espec\u00edficamente para los hombres. El medicamento prescrito est\u00e1 dise\u00f1ado para tratar la ca\u00edda del cabello de patr\u00f3n masculino causada por la gen\u00e9tica. Act\u00faa inhibiendo la producci\u00f3n hormonal que destruye los fol\u00edculos pilosos. Los hombres toman el medicamento una vez al d\u00eda y pueden observarse resultados visibles en un plazo de cuatro meses a un a\u00f1o. Puedes experimentar p\u00e9rdida de cabello si se interrumpe la medicaci\u00f3n.    <\/p>\n<h2>Minoxidil<\/h2>\n<p>El minoxidil es una de las soluciones m\u00e9dicas m\u00e1s conocidas para el crecimiento del cabello. Desarrollado originalmente como Rogaine\u00ae, est\u00e1 dise\u00f1ado para tratar la alopecia androg\u00e9nica tanto en hombres como en mujeres. Masajeado en el cuero cabelludo dos veces al d\u00eda, puede favorecer el crecimiento de cabello nuevo y frenar su ca\u00edda. El tratamiento puede utilizarse indefinidamente, y los resultados son m\u00e1s visibles al cabo de entre cuatro meses y un a\u00f1o. Los efectos secundarios m\u00e1s frecuentes son el crecimiento del vello facial o la irritaci\u00f3n y el enrojecimiento del cuero cabelludo.    <\/p>\n<h2>Soluciones m\u00e9dicas para el crecimiento del cabello en Lake Tahoe<\/h2>\n<p>Si utilizas Minoxidil o Finasteride de forma constante, puedes conseguir resultados significativos en el crecimiento del cabello. Avance Hair Transplant proporciona numerosas soluciones m\u00e9dicas de crecimiento capilar para ayudarte a aumentar la confianza en tu aspecto. Estos medicamentos pueden combinarse con otros m\u00e9todos de restauraci\u00f3n capilar para mejorar los resultados deseados. Las consultas virtuales y en persona est\u00e1n disponibles para hombres y mujeres de Nevada y de todo Estados Unidos. El Dr. Erez Dayan es cirujano pl\u00e1stico y reconstructivo especializado en m\u00e9todos avanzados de restauraci\u00f3n capilar. Durante una cita de consulta, el Dr. Dayan puede elaborar un plan de tratamiento personalizado para ayudarte a alcanzar tus objetivos est\u00e9ticos \u00fanicos. <a title=\"Contacta con Avance Hair Transplant en Reno NV\" href=\"https:\/\/www.avancehair.com\/es\/contact-us-dr-erez-dayan\/\"><em><strong>Programa una consulta<\/strong><\/em><\/a> para ver si estas soluciones m\u00e9dicas son adecuadas para ti hoy mismo.  <\/p>\n","protected":false},"excerpt":{"rendered":"<p>Medicamentos para la ca\u00edda del cabello \u00bfEmpiezas a notar signos de ca\u00edda del cabello? Los mechones de pelo en&hellip;<\/p>\n","protected":false},"author":1,"featured_media":0,"parent":8842,"menu_order":0,"comment_status":"closed","ping_status":"closed","template":"","meta":{"_acf_changed":false,"footnotes":""},"class_list":["post-8860","page","type-page","status-publish"],"acf":[],"yoast_head":"<!-- This site is optimized with the Yoast SEO plugin v27.4 - https:\/\/yoast.com\/product\/yoast-seo-wordpress\/ -->\n<title>Reno NV Medicamentos para la Ca\u00edda del Cabello | Lake Tahoe Tratamiento para el Crecimiento del Cabello<\/title>\n<meta name=\"description\" content=\"Las soluciones m\u00e9dicas para el crecimiento del cabello pueden proporcionar resultados significativos a hombres y mujeres que viven en Reno, Nevada. Llama hoy para una consulta.\" \/>\n<meta name=\"robots\" content=\"index, follow, max-snippet:-1, max-image-preview:large, max-video-preview:-1\" \/>\n<link rel=\"canonical\" href=\"https:\/\/www.avancehair.com\/es\/tratamientos-no-quirurgicos-para-la-caida-del-cabello\/soluciones-medicas-para-el-crecimiento-del-cabello\/\" \/>\n<meta property=\"og:locale\" content=\"es_ES\" \/>\n<meta property=\"og:type\" content=\"article\" \/>\n<meta property=\"og:title\" content=\"Reno NV Medicamentos para la Ca\u00edda del Cabello | Lake Tahoe Tratamiento para el Crecimiento del Cabello\" \/>\n<meta property=\"og:description\" content=\"Las soluciones m\u00e9dicas para el crecimiento del cabello pueden proporcionar resultados significativos a hombres y mujeres que viven en Reno, Nevada. Llama hoy para una consulta.\" \/>\n<meta property=\"og:url\" content=\"https:\/\/www.avancehair.com\/es\/tratamientos-no-quirurgicos-para-la-caida-del-cabello\/soluciones-medicas-para-el-crecimiento-del-cabello\/\" \/>\n<meta property=\"og:site_name\" content=\"Avance Hair Transplant\" \/>\n<meta property=\"article:modified_time\" content=\"2024-10-28T10:39:50+00:00\" \/>\n<meta name=\"twitter:card\" content=\"summary_large_image\" \/>\n<meta name=\"twitter:label1\" content=\"Tiempo de lectura\" \/>\n\t<meta name=\"twitter:data1\" content=\"2 minutos\" \/>\n<!-- \/ Yoast SEO plugin. -->","yoast_head_json":{"title":"Reno NV Medicamentos para la Ca\u00edda del Cabello | Lake Tahoe Tratamiento para el Crecimiento del Cabello","description":"Las soluciones m\u00e9dicas para el crecimiento del cabello pueden proporcionar resultados significativos a hombres y mujeres que viven en Reno, Nevada. Llama hoy para una consulta.","robots":{"index":"index","follow":"follow","max-snippet":"max-snippet:-1","max-image-preview":"max-image-preview:large","max-video-preview":"max-video-preview:-1"},"canonical":"https:\/\/www.avancehair.com\/es\/tratamientos-no-quirurgicos-para-la-caida-del-cabello\/soluciones-medicas-para-el-crecimiento-del-cabello\/","og_locale":"es_ES","og_type":"article","og_title":"Reno NV Medicamentos para la Ca\u00edda del Cabello | Lake Tahoe Tratamiento para el Crecimiento del Cabello","og_description":"Las soluciones m\u00e9dicas para el crecimiento del cabello pueden proporcionar resultados significativos a hombres y mujeres que viven en Reno, Nevada. Llama hoy para una consulta.","og_url":"https:\/\/www.avancehair.com\/es\/tratamientos-no-quirurgicos-para-la-caida-del-cabello\/soluciones-medicas-para-el-crecimiento-del-cabello\/","og_site_name":"Avance Hair Transplant","article_modified_time":"2024-10-28T10:39:50+00:00","twitter_card":"summary_large_image","twitter_misc":{"Tiempo de lectura":"2 minutos"},"schema":{"@context":"https:\/\/schema.org","@graph":[{"@type":"WebPage","@id":"https:\/\/www.avancehair.com\/es\/tratamientos-no-quirurgicos-para-la-caida-del-cabello\/soluciones-medicas-para-el-crecimiento-del-cabello\/","url":"https:\/\/www.avancehair.com\/es\/tratamientos-no-quirurgicos-para-la-caida-del-cabello\/soluciones-medicas-para-el-crecimiento-del-cabello\/","name":"Reno NV Medicamentos para la Ca\u00edda del Cabello | Lake Tahoe Tratamiento para el Crecimiento del Cabello","isPartOf":{"@id":"https:\/\/www.avancehair.com\/es\/#website"},"datePublished":"2022-04-06T11:08:25+00:00","dateModified":"2024-10-28T10:39:50+00:00","description":"Las soluciones m\u00e9dicas para el crecimiento del cabello pueden proporcionar resultados significativos a hombres y mujeres que viven en Reno, Nevada. Llama hoy para una consulta.","breadcrumb":{"@id":"https:\/\/www.avancehair.com\/es\/tratamientos-no-quirurgicos-para-la-caida-del-cabello\/soluciones-medicas-para-el-crecimiento-del-cabello\/#breadcrumb"},"inLanguage":"es","potentialAction":[{"@type":"ReadAction","target":["https:\/\/www.avancehair.com\/es\/tratamientos-no-quirurgicos-para-la-caida-del-cabello\/soluciones-medicas-para-el-crecimiento-del-cabello\/"]}]},{"@type":"BreadcrumbList","@id":"https:\/\/www.avancehair.com\/es\/tratamientos-no-quirurgicos-para-la-caida-del-cabello\/soluciones-medicas-para-el-crecimiento-del-cabello\/#breadcrumb","itemListElement":[{"@type":"ListItem","position":1,"name":"Home","item":"https:\/\/www.avancehair.com\/es\/"},{"@type":"ListItem","position":2,"name":"Tratamientos no quir\u00fargicos para la ca\u00edda del cabello","item":"https:\/\/www.avancehair.com\/es\/tratamientos-no-quirurgicos-para-la-caida-del-cabello\/"},{"@type":"ListItem","position":3,"name":"Soluciones m\u00e9dicas para el crecimiento del cabello"}]},{"@type":"WebSite","@id":"https:\/\/www.avancehair.com\/es\/#website","url":"https:\/\/www.avancehair.com\/es\/","name":"Avance Hair Transplant","description":"","potentialAction":[{"@type":"SearchAction","target":{"@type":"EntryPoint","urlTemplate":"https:\/\/www.avancehair.com\/es\/?s={search_term_string}"},"query-input":{"@type":"PropertyValueSpecification","valueRequired":true,"valueName":"search_term_string"}}],"inLanguage":"es"}]}},"_links":{"self":[{"href":"https:\/\/www.avancehair.com\/es\/wp-json\/wp\/v2\/pages\/8860","targetHints":{"allow":["GET"]}}],"collection":[{"href":"https:\/\/www.avancehair.com\/es\/wp-json\/wp\/v2\/pages"}],"about":[{"href":"https:\/\/www.avancehair.com\/es\/wp-json\/wp\/v2\/types\/page"}],"author":[{"embeddable":true,"href":"https:\/\/www.avancehair.com\/es\/wp-json\/wp\/v2\/users\/1"}],"replies":[{"embeddable":true,"href":"https:\/\/www.avancehair.com\/es\/wp-json\/wp\/v2\/comments?post=8860"}],"version-history":[{"count":2,"href":"https:\/\/www.avancehair.com\/es\/wp-json\/wp\/v2\/pages\/8860\/revisions"}],"predecessor-version":[{"id":8955,"href":"https:\/\/www.avancehair.com\/es\/wp-json\/wp\/v2\/pages\/8860\/revisions\/8955"}],"up":[{"embeddable":true,"href":"https:\/\/www.avancehair.com\/es\/wp-json\/wp\/v2\/pages\/8842"}],"wp:attachment":[{"href":"https:\/\/www.avancehair.com\/es\/wp-json\/wp\/v2\/media?parent=8860"}],"curies":[{"name":"wp","href":"https:\/\/api.w.org\/{rel}","templated":true}]}}