{"id":8859,"date":"2022-04-06T11:05:19","date_gmt":"2022-04-06T11:05:19","guid":{"rendered":"https:\/\/www.avancehair.com\/tratamientos-no-quirurgicos-para-la-caida-del-cabello\/suplemento-nutrafol\/"},"modified":"2024-10-28T10:40:37","modified_gmt":"2024-10-28T10:40:37","slug":"suplemento-nutrafol","status":"publish","type":"page","link":"https:\/\/www.avancehair.com\/es\/tratamientos-no-quirurgicos-para-la-caida-del-cabello\/suplemento-nutrafol\/","title":{"rendered":"Suplemento Nutrafol"},"content":{"rendered":"<h1>Suplemento Nutrafol<\/h1>\n<p>Si est\u00e1s empezando a notar el debilitamiento del cabello o calvas, es posible que quieras ser proactivo para evitar una mayor p\u00e9rdida. Avance Hair Transplant ofrece <a title=\"Tratamiento no quir\u00fargico de la ca\u00edda del cabello en Reno NV\" href=\"https:\/\/www.avancehair.com\/es\/tratamientos-no-quirurgicos-para-la-caida-del-cabello\/\"><em><strong>m\u00faltiples opciones de tratamiento no quir\u00fargico<\/strong><\/em><\/a> para ayudarte a recuperar la confianza en tu aspecto. El suplemento Nutrafol\u00ae puede ayudar a potenciar el crecimiento y el grosor del cabello, a la vez que disminuye la ca\u00edda, tanto en hombres como en mujeres de Reno, Nevada.  <\/p>\n<h2>\u00bfC\u00f3mo funciona el suplemento Nutrafol?<\/h2>\n<p>El suplemento Nutrafol contiene una mezcla patentada de ingredientes cl\u00ednicamente estudiados y de eficacia probada para restaurar el crecimiento del cabello. Estos ingredientes pueden ayudar a reequilibrar las hormonas del estr\u00e9s, neutralizar los radicales libres y combatir la inflamaci\u00f3n. Las personas toman cuatro pastillas al d\u00eda. Cada frasco contiene un suministro para un mes. El uso continuado puede mejorar los resultados. Hay cuatro tipos distintos de suplementos Nutrafol para satisfacer las necesidades espec\u00edficas de hombres y mujeres. Aunque puedes comprar Nutrafol por tu cuenta, quiz\u00e1 quieras consultar antes a un m\u00e9dico si est\u00e1s embarazada, amamantando o tienes alg\u00fan problema m\u00e9dico. Un cirujano pl\u00e1stico colegiado puede recomendarte y recetarte el mejor para tus necesidades y objetivos est\u00e9ticos \u00fanicos.    <\/p>\n<h3>\u00bfQui\u00e9n puede utilizar los suplementos Nutrafol?<\/h3>\n<p>El suplemento Nutrafol puede utilizarse con todo tipo de cabellos y etnias, tanto en hombres como en mujeres. El suplemento puede tratar diversos problemas de ca\u00edda del cabello, pero es ideal para tratar el debilitamiento capilar de leve a moderado causado por la gen\u00e9tica, el estr\u00e9s o el envejecimiento. El producto no est\u00e1 aprobado por la FDA, pero numerosos clientes han observado resultados espectaculares en el crecimiento del cabello. Si tienes p\u00e9rdida de cabello causada por una enfermedad o un tratamiento contra el c\u00e1ncer, Nutrafol puede no ser adecuado para ti. Las mujeres embarazadas o en periodo de lactancia y las personas con afecciones m\u00e9dicas que requieran medicamentos anticoagulantes pueden consultar a un m\u00e9dico antes de tomarlo. Un cirujano puede recomendarte otros m\u00e9todos de restauraci\u00f3n capilar si Nutrafol no es una opci\u00f3n viable. Hombres y mujeres pueden empezar a experimentar resultados en pocos meses.  <\/p>\n<h4>\u00bfTe interesa el suplemento Nutrafol para el crecimiento del cabello?<\/h4>\n<p>Si quieres evitar la ca\u00edda del cabello, el suplemento Nutrafol puede ser una soluci\u00f3n segura y eficaz para tus necesidades est\u00e9ticas. El Dr. Erez Dayan de Avance Hair Transplant puede ayudarte a recomendar el mejor plan de tratamiento para tus necesidades y objetivos est\u00e9ticos \u00fanicos. <a title=\"Contacta con Avance Hair Transplant en Reno NV\" href=\"https:\/\/www.avancehair.com\/es\/contact-us-dr-erez-dayan\/\"><em><strong>Programa una consulta<\/strong><\/em><\/a> para descubrir si el suplemento Nutrafol es adecuado para ti hoy mismo. <\/p>\n","protected":false},"excerpt":{"rendered":"<p>Suplemento Nutrafol Si est\u00e1s empezando a notar el debilitamiento del cabello o calvas, es posible que quieras ser proactivo&hellip;<\/p>\n","protected":false},"author":1,"featured_media":0,"parent":8842,"menu_order":0,"comment_status":"closed","ping_status":"closed","template":"","meta":{"_acf_changed":false,"footnotes":""},"class_list":["post-8859","page","type-page","status-publish"],"acf":[],"yoast_head":"<!-- This site is optimized with the Yoast SEO plugin v27.4 - https:\/\/yoast.com\/product\/yoast-seo-wordpress\/ -->\n<title>Reno NV Nutrafol Suplemento para el Crecimiento del Cabello | Lake Tahoe Suplementos para la Ca\u00edda del Cabello\/Algazamiento del Cabello<\/title>\n<meta name=\"description\" content=\"El suplemento Nutrafol contiene una mezcla patentada de ingredientes cl\u00ednicamente estudiados y probados para restaurar el crecimiento del cabello.\" \/>\n<meta name=\"robots\" content=\"index, follow, max-snippet:-1, max-image-preview:large, max-video-preview:-1\" \/>\n<link rel=\"canonical\" href=\"https:\/\/www.avancehair.com\/es\/tratamientos-no-quirurgicos-para-la-caida-del-cabello\/suplemento-nutrafol\/\" \/>\n<meta property=\"og:locale\" content=\"es_ES\" \/>\n<meta property=\"og:type\" content=\"article\" \/>\n<meta property=\"og:title\" content=\"Reno NV Nutrafol Suplemento para el Crecimiento del Cabello | Lake Tahoe Suplementos para la Ca\u00edda del Cabello\/Algazamiento del Cabello\" \/>\n<meta property=\"og:description\" content=\"El suplemento Nutrafol contiene una mezcla patentada de ingredientes cl\u00ednicamente estudiados y probados para restaurar el crecimiento del cabello.\" \/>\n<meta property=\"og:url\" content=\"https:\/\/www.avancehair.com\/es\/tratamientos-no-quirurgicos-para-la-caida-del-cabello\/suplemento-nutrafol\/\" \/>\n<meta property=\"og:site_name\" content=\"Avance Hair Transplant\" \/>\n<meta property=\"article:modified_time\" content=\"2024-10-28T10:40:37+00:00\" \/>\n<meta name=\"twitter:card\" content=\"summary_large_image\" \/>\n<meta name=\"twitter:label1\" content=\"Tiempo de lectura\" \/>\n\t<meta name=\"twitter:data1\" content=\"2 minutos\" \/>\n<!-- \/ Yoast SEO plugin. -->","yoast_head_json":{"title":"Reno NV Nutrafol Suplemento para el Crecimiento del Cabello | Lake Tahoe Suplementos para la Ca\u00edda del Cabello\/Algazamiento del Cabello","description":"El suplemento Nutrafol contiene una mezcla patentada de ingredientes cl\u00ednicamente estudiados y probados para restaurar el crecimiento del cabello.","robots":{"index":"index","follow":"follow","max-snippet":"max-snippet:-1","max-image-preview":"max-image-preview:large","max-video-preview":"max-video-preview:-1"},"canonical":"https:\/\/www.avancehair.com\/es\/tratamientos-no-quirurgicos-para-la-caida-del-cabello\/suplemento-nutrafol\/","og_locale":"es_ES","og_type":"article","og_title":"Reno NV Nutrafol Suplemento para el Crecimiento del Cabello | Lake Tahoe Suplementos para la Ca\u00edda del Cabello\/Algazamiento del Cabello","og_description":"El suplemento Nutrafol contiene una mezcla patentada de ingredientes cl\u00ednicamente estudiados y probados para restaurar el crecimiento del cabello.","og_url":"https:\/\/www.avancehair.com\/es\/tratamientos-no-quirurgicos-para-la-caida-del-cabello\/suplemento-nutrafol\/","og_site_name":"Avance Hair Transplant","article_modified_time":"2024-10-28T10:40:37+00:00","twitter_card":"summary_large_image","twitter_misc":{"Tiempo de lectura":"2 minutos"},"schema":{"@context":"https:\/\/schema.org","@graph":[{"@type":"WebPage","@id":"https:\/\/www.avancehair.com\/es\/tratamientos-no-quirurgicos-para-la-caida-del-cabello\/suplemento-nutrafol\/","url":"https:\/\/www.avancehair.com\/es\/tratamientos-no-quirurgicos-para-la-caida-del-cabello\/suplemento-nutrafol\/","name":"Reno NV Nutrafol Suplemento para el Crecimiento del Cabello | Lake Tahoe Suplementos para la Ca\u00edda del Cabello\/Algazamiento del Cabello","isPartOf":{"@id":"https:\/\/www.avancehair.com\/es\/#website"},"datePublished":"2022-04-06T11:05:19+00:00","dateModified":"2024-10-28T10:40:37+00:00","description":"El suplemento Nutrafol contiene una mezcla patentada de ingredientes cl\u00ednicamente estudiados y probados para restaurar el crecimiento del cabello.","breadcrumb":{"@id":"https:\/\/www.avancehair.com\/es\/tratamientos-no-quirurgicos-para-la-caida-del-cabello\/suplemento-nutrafol\/#breadcrumb"},"inLanguage":"es","potentialAction":[{"@type":"ReadAction","target":["https:\/\/www.avancehair.com\/es\/tratamientos-no-quirurgicos-para-la-caida-del-cabello\/suplemento-nutrafol\/"]}]},{"@type":"BreadcrumbList","@id":"https:\/\/www.avancehair.com\/es\/tratamientos-no-quirurgicos-para-la-caida-del-cabello\/suplemento-nutrafol\/#breadcrumb","itemListElement":[{"@type":"ListItem","position":1,"name":"Home","item":"https:\/\/www.avancehair.com\/es\/"},{"@type":"ListItem","position":2,"name":"Tratamientos no quir\u00fargicos para la ca\u00edda del cabello","item":"https:\/\/www.avancehair.com\/es\/tratamientos-no-quirurgicos-para-la-caida-del-cabello\/"},{"@type":"ListItem","position":3,"name":"Suplemento Nutrafol"}]},{"@type":"WebSite","@id":"https:\/\/www.avancehair.com\/es\/#website","url":"https:\/\/www.avancehair.com\/es\/","name":"Avance Hair Transplant","description":"","potentialAction":[{"@type":"SearchAction","target":{"@type":"EntryPoint","urlTemplate":"https:\/\/www.avancehair.com\/es\/?s={search_term_string}"},"query-input":{"@type":"PropertyValueSpecification","valueRequired":true,"valueName":"search_term_string"}}],"inLanguage":"es"}]}},"_links":{"self":[{"href":"https:\/\/www.avancehair.com\/es\/wp-json\/wp\/v2\/pages\/8859","targetHints":{"allow":["GET"]}}],"collection":[{"href":"https:\/\/www.avancehair.com\/es\/wp-json\/wp\/v2\/pages"}],"about":[{"href":"https:\/\/www.avancehair.com\/es\/wp-json\/wp\/v2\/types\/page"}],"author":[{"embeddable":true,"href":"https:\/\/www.avancehair.com\/es\/wp-json\/wp\/v2\/users\/1"}],"replies":[{"embeddable":true,"href":"https:\/\/www.avancehair.com\/es\/wp-json\/wp\/v2\/comments?post=8859"}],"version-history":[{"count":1,"href":"https:\/\/www.avancehair.com\/es\/wp-json\/wp\/v2\/pages\/8859\/revisions"}],"predecessor-version":[{"id":8956,"href":"https:\/\/www.avancehair.com\/es\/wp-json\/wp\/v2\/pages\/8859\/revisions\/8956"}],"up":[{"embeddable":true,"href":"https:\/\/www.avancehair.com\/es\/wp-json\/wp\/v2\/pages\/8842"}],"wp:attachment":[{"href":"https:\/\/www.avancehair.com\/es\/wp-json\/wp\/v2\/media?parent=8859"}],"curies":[{"name":"wp","href":"https:\/\/api.w.org\/{rel}","templated":true}]}}