{"id":8858,"date":"2022-04-06T10:48:00","date_gmt":"2022-04-06T10:48:00","guid":{"rendered":"https:\/\/www.avancehair.com\/procedimientos\/reduccion-de-la-frente\/"},"modified":"2024-10-28T10:21:58","modified_gmt":"2024-10-28T10:21:58","slug":"reduccion-de-la-frente","status":"publish","type":"page","link":"https:\/\/www.avancehair.com\/es\/procedimientos\/reduccion-de-la-frente\/","title":{"rendered":"Reducci\u00f3n de la frente"},"content":{"rendered":"<h1>Cirug\u00eda de reducci\u00f3n de la frente<\/h1>\n<p>Si tienes poco pelo o entradas, una frente grande puede empeorar las cosas. Muchas personas intentan ocultarlo sin \u00e9xito con sombreros, pa\u00f1uelos o diferentes peinados. La cirug\u00eda de reducci\u00f3n de la frente es un procedimiento cosm\u00e9tico que puede restablecer el equilibrio facial. El Dr. Erez Dayan, de Avance Hair Transplant, es un cirujano pl\u00e1stico y reconstructivo acreditado especializado en esta <a title=\"Cirug\u00eda de trasplante capilar en Reno NV\" href=\"https:\/\/www.avancehair.com\/es\/procedimientos\/\"><em><strong>procedimiento de restauraci\u00f3n capilar<\/strong><\/em><\/a> para ayudarte a satisfacer tus necesidades y objetivos est\u00e9ticos.   <\/p>\n<h2>C\u00f3mo funciona la cirug\u00eda de reducci\u00f3n de la frente<\/h2>\n<p>La cirug\u00eda de reducci\u00f3n de la frente rebaja la l\u00ednea del cabello entre uno y dos cent\u00edmetros, y puede combinarse con otros m\u00e9todos de restauraci\u00f3n capilar. La intervenci\u00f3n se realiza el mismo d\u00eda, bajo anestesia general, en unas tres horas. Se realizan incisiones precisas en la l\u00ednea del cabello para eliminar cualquier rastro de cicatriz. Se elimina el exceso de piel de la frente y puede modificarse la posici\u00f3n de las cejas. Puede realizarse un injerto capilar tres meses despu\u00e9s de esta intervenci\u00f3n m\u00ednimamente invasiva para aumentar el grosor y ocultar cualquier posible cicatriz visible. Los tratamientos en varias fases pueden implicar un expansor para estirar el tejido durante un periodo de ocho semanas. Los primeros d\u00edas pueden aparecer hinchaz\u00f3n, hematomas y molestias. Puede aparecer entumecimiento alrededor del nacimiento del pelo durante unos meses. La recuperaci\u00f3n dura unas tres semanas, con instrucciones de cuidados posteriores que ayudan a conseguir resultados \u00f3ptimos. Puedes reanudar tus actividades normales a los pocos d\u00edas y las actividades extenuantes a las pocas semanas.    <\/p>\n<h3>Candidatos ideales para la cirug\u00eda de reducci\u00f3n de la frente<\/h3>\n<p>Tanto los hombres como las mujeres pueden beneficiarse de la cirug\u00eda de reducci\u00f3n de la frente. Los candidatos ideales suelen ser no fumadores con expectativas realistas sobre los resultados. Los hombres no deben tener antecedentes familiares de calvicie de patr\u00f3n masculino ni p\u00e9rdida estable del cabello. Un cirujano revisar\u00e1 tu historial m\u00e9dico y realizar\u00e1 pruebas durante una consulta para determinar si este procedimiento m\u00ednimamente invasivo es adecuado para ti.   <\/p>\n<h4>Tratamientos de cirug\u00eda de reducci\u00f3n de la frente en Reno<\/h4>\n<p>Si tienes la frente alta y experimentas un retroceso de la l\u00ednea de nacimiento del cabello, los tratamientos quir\u00fargicos de reducci\u00f3n de la frente pueden ser una soluci\u00f3n ideal para ti. Para determinar si eres un candidato ideal, puedes reunirte con el Dr. Dayan en Avance Hair Transplant para hablar de tus objetivos est\u00e9ticos. El Dr. Dayan puede recomendarte el mejor plan de tratamiento para satisfacer tus necesidades \u00fanicas. <a title=\"Contacta con Avance Hair Transplant en Reno NV\" href=\"https:\/\/www.avancehair.com\/es\/contact-us-dr-erez-dayan\/\"><em><strong>Programa una consulta<\/strong><\/em><\/a> para una cirug\u00eda de reducci\u00f3n de la frente hoy mismo.  <\/p>\n<p style=\"text-align: center;\"><a href=\"https:\/\/www.avancehair.com\/wp-content\/uploads\/2022\/08\/After-Hair-Transplantation-Instructions-FUE-2.pdf\" class=\"btn btn-primary\" target=\"_blank\" rel=\"noopener\">INSTRUCCIONES DESPU\u00c9S DEL TRASPLANTE CAPILAR<\/a><\/p>\n","protected":false},"excerpt":{"rendered":"<p>Cirug\u00eda de reducci\u00f3n de la frente Si tienes poco pelo o entradas, una frente grande puede empeorar las cosas.&hellip;<\/p>\n","protected":false},"author":1,"featured_media":0,"parent":8847,"menu_order":0,"comment_status":"closed","ping_status":"closed","template":"","meta":{"_acf_changed":false,"footnotes":""},"class_list":["post-8858","page","type-page","status-publish"],"acf":[],"yoast_head":"<!-- This site is optimized with the Yoast SEO plugin v27.4 - https:\/\/yoast.com\/product\/yoast-seo-wordpress\/ -->\n<title>Reno NV Cirug\u00eda de reducci\u00f3n de la frente | Lake Tahoe Reducci\u00f3n de la l\u00ednea del cabello<\/title>\n<meta name=\"description\" content=\"La cirug\u00eda de reducci\u00f3n de la frente puede ayudarte a restablecer el equilibrio facial de una frente grande y unas entradas. Programa una consulta hoy mismo.\" \/>\n<meta name=\"robots\" content=\"index, follow, max-snippet:-1, max-image-preview:large, max-video-preview:-1\" \/>\n<link rel=\"canonical\" href=\"https:\/\/www.avancehair.com\/es\/procedimientos\/reduccion-de-la-frente\/\" \/>\n<meta property=\"og:locale\" content=\"es_ES\" \/>\n<meta property=\"og:type\" content=\"article\" \/>\n<meta property=\"og:title\" content=\"Reno NV Cirug\u00eda de reducci\u00f3n de la frente | Lake Tahoe Reducci\u00f3n de la l\u00ednea del cabello\" \/>\n<meta property=\"og:description\" content=\"La cirug\u00eda de reducci\u00f3n de la frente puede ayudarte a restablecer el equilibrio facial de una frente grande y unas entradas. Programa una consulta hoy mismo.\" \/>\n<meta property=\"og:url\" content=\"https:\/\/www.avancehair.com\/es\/procedimientos\/reduccion-de-la-frente\/\" \/>\n<meta property=\"og:site_name\" content=\"Avance Hair Transplant\" \/>\n<meta property=\"article:modified_time\" content=\"2024-10-28T10:21:58+00:00\" \/>\n<meta name=\"twitter:card\" content=\"summary_large_image\" \/>\n<meta name=\"twitter:label1\" content=\"Tiempo de lectura\" \/>\n\t<meta name=\"twitter:data1\" content=\"2 minutos\" \/>\n<!-- \/ Yoast SEO plugin. -->","yoast_head_json":{"title":"Reno NV Cirug\u00eda de reducci\u00f3n de la frente | Lake Tahoe Reducci\u00f3n de la l\u00ednea del cabello","description":"La cirug\u00eda de reducci\u00f3n de la frente puede ayudarte a restablecer el equilibrio facial de una frente grande y unas entradas. Programa una consulta hoy mismo.","robots":{"index":"index","follow":"follow","max-snippet":"max-snippet:-1","max-image-preview":"max-image-preview:large","max-video-preview":"max-video-preview:-1"},"canonical":"https:\/\/www.avancehair.com\/es\/procedimientos\/reduccion-de-la-frente\/","og_locale":"es_ES","og_type":"article","og_title":"Reno NV Cirug\u00eda de reducci\u00f3n de la frente | Lake Tahoe Reducci\u00f3n de la l\u00ednea del cabello","og_description":"La cirug\u00eda de reducci\u00f3n de la frente puede ayudarte a restablecer el equilibrio facial de una frente grande y unas entradas. Programa una consulta hoy mismo.","og_url":"https:\/\/www.avancehair.com\/es\/procedimientos\/reduccion-de-la-frente\/","og_site_name":"Avance Hair Transplant","article_modified_time":"2024-10-28T10:21:58+00:00","twitter_card":"summary_large_image","twitter_misc":{"Tiempo de lectura":"2 minutos"},"schema":{"@context":"https:\/\/schema.org","@graph":[{"@type":"WebPage","@id":"https:\/\/www.avancehair.com\/es\/procedimientos\/reduccion-de-la-frente\/","url":"https:\/\/www.avancehair.com\/es\/procedimientos\/reduccion-de-la-frente\/","name":"Reno NV Cirug\u00eda de reducci\u00f3n de la frente | Lake Tahoe Reducci\u00f3n de la l\u00ednea del cabello","isPartOf":{"@id":"https:\/\/www.avancehair.com\/es\/#website"},"datePublished":"2022-04-06T10:48:00+00:00","dateModified":"2024-10-28T10:21:58+00:00","description":"La cirug\u00eda de reducci\u00f3n de la frente puede ayudarte a restablecer el equilibrio facial de una frente grande y unas entradas. Programa una consulta hoy mismo.","breadcrumb":{"@id":"https:\/\/www.avancehair.com\/es\/procedimientos\/reduccion-de-la-frente\/#breadcrumb"},"inLanguage":"es","potentialAction":[{"@type":"ReadAction","target":["https:\/\/www.avancehair.com\/es\/procedimientos\/reduccion-de-la-frente\/"]}]},{"@type":"BreadcrumbList","@id":"https:\/\/www.avancehair.com\/es\/procedimientos\/reduccion-de-la-frente\/#breadcrumb","itemListElement":[{"@type":"ListItem","position":1,"name":"Home","item":"https:\/\/www.avancehair.com\/es\/"},{"@type":"ListItem","position":2,"name":"Procedimientos","item":"https:\/\/www.avancehair.com\/es\/procedimientos\/"},{"@type":"ListItem","position":3,"name":"Reducci\u00f3n de la frente"}]},{"@type":"WebSite","@id":"https:\/\/www.avancehair.com\/es\/#website","url":"https:\/\/www.avancehair.com\/es\/","name":"Avance Hair Transplant","description":"","potentialAction":[{"@type":"SearchAction","target":{"@type":"EntryPoint","urlTemplate":"https:\/\/www.avancehair.com\/es\/?s={search_term_string}"},"query-input":{"@type":"PropertyValueSpecification","valueRequired":true,"valueName":"search_term_string"}}],"inLanguage":"es"}]}},"_links":{"self":[{"href":"https:\/\/www.avancehair.com\/es\/wp-json\/wp\/v2\/pages\/8858","targetHints":{"allow":["GET"]}}],"collection":[{"href":"https:\/\/www.avancehair.com\/es\/wp-json\/wp\/v2\/pages"}],"about":[{"href":"https:\/\/www.avancehair.com\/es\/wp-json\/wp\/v2\/types\/page"}],"author":[{"embeddable":true,"href":"https:\/\/www.avancehair.com\/es\/wp-json\/wp\/v2\/users\/1"}],"replies":[{"embeddable":true,"href":"https:\/\/www.avancehair.com\/es\/wp-json\/wp\/v2\/comments?post=8858"}],"version-history":[{"count":1,"href":"https:\/\/www.avancehair.com\/es\/wp-json\/wp\/v2\/pages\/8858\/revisions"}],"predecessor-version":[{"id":8946,"href":"https:\/\/www.avancehair.com\/es\/wp-json\/wp\/v2\/pages\/8858\/revisions\/8946"}],"up":[{"embeddable":true,"href":"https:\/\/www.avancehair.com\/es\/wp-json\/wp\/v2\/pages\/8847"}],"wp:attachment":[{"href":"https:\/\/www.avancehair.com\/es\/wp-json\/wp\/v2\/media?parent=8858"}],"curies":[{"name":"wp","href":"https:\/\/api.w.org\/{rel}","templated":true}]}}