{"id":8857,"date":"2022-04-06T11:03:09","date_gmt":"2022-04-06T11:03:09","guid":{"rendered":"https:\/\/www.avancehair.com\/tratamientos-no-quirurgicos-para-la-caida-del-cabello\/terapia-con-laser-de-baja-intensidad\/"},"modified":"2024-10-28T10:42:40","modified_gmt":"2024-10-28T10:42:40","slug":"terapia-con-laser-de-baja-intensidad","status":"publish","type":"page","link":"https:\/\/www.avancehair.com\/es\/tratamientos-no-quirurgicos-para-la-caida-del-cabello\/terapia-con-laser-de-baja-intensidad\/","title":{"rendered":"Terapia con l\u00e1ser de baja intensidad"},"content":{"rendered":"<h1>Terapia con l\u00e1ser de baja intensidad<\/h1>\n<p>La calvicie de patr\u00f3n masculino y femenino puede afectar a m\u00e1s de la mitad de los hombres y mujeres mayores de 40 a\u00f1os. Si te enfrentas a la ca\u00edda del cabello, puede que te preocupe someterte a un procedimiento cosm\u00e9tico quir\u00fargico que te ayude a recuperarlo. <a title=\"Tratamiento no quir\u00fargico de la ca\u00edda del cabello en Reno NV\" href=\"https:\/\/www.avancehair.com\/es\/tratamientos-no-quirurgicos-para-la-caida-del-cabello\/\"><em><strong>Las opciones no quir\u00fargicas<\/strong><\/em><\/a> Avance Hair Transplant te ayuda a evitar los riesgos y complicaciones de la cirug\u00eda. La terapia l\u00e1ser de baja intensidad es un procedimiento cosm\u00e9tico no quir\u00fargico m\u00ednimamente invasivo dise\u00f1ado para estimular el flujo sangu\u00edneo en el cuero cabelludo y estimular el metabolismo de los fol\u00edculos pilosos.  <\/p>\n<h2>C\u00f3mo funciona la terapia con l\u00e1ser de baja intensidad<\/h2>\n<p>La terapia l\u00e1ser de baja intensidad utiliza radiaci\u00f3n roja o casi infrarroja con un enfoque indoloro. Este procedimiento cosm\u00e9tico aprobado por la FDA puede realizarse en unos 20 minutos y es completamente seguro y eficaz. Se recomiendan tratamientos semanales para conseguir los resultados deseados. La luz l\u00e1ser estimula las c\u00e9lulas madre para regenerar los fol\u00edculos pilosos. A medida que se estimula el cuero cabelludo, se aportan vitaminas y ox\u00edgeno esenciales para ayudar a que el pelo sea m\u00e1s fuerte, grueso y sano. Pr\u00e1cticamente no hay efectos secundarios para la mayor\u00eda de los pacientes. Puedes reanudar tus actividades normales inmediatamente despu\u00e9s del tratamiento. La terapia con l\u00e1ser de baja intensidad puede utilizarse con otros procedimientos de restauraci\u00f3n capilar para ayudar a mejorar los resultados.    <\/p>\n<h3>Candidatos ideales para la terapia con l\u00e1ser de baja intensidad<\/h3>\n<p>La terapia con l\u00e1ser de baja intensidad es ideal para hombres y mujeres que sufren debilitamiento del cabello o calvicie de patr\u00f3n hereditario. Puede que no seas un candidato id\u00f3neo si est\u00e1s embarazada o en periodo de lactancia, o si te encuentras en una fase avanzada de p\u00e9rdida de cabello. La intervenci\u00f3n tampoco se recomienda a personas con tumores o tatuajes en el cuero cabelludo. Es necesaria una consulta con un cirujano certificado especializado en restauraci\u00f3n capilar para determinar si eres un candidato ideal.   <\/p>\n<h4>Especialistas en terapia con l\u00e1ser de baja intensidad de Reno<\/h4>\n<p>Si est\u00e1s empezando a perder el pelo, la terapia l\u00e1ser de baja intensidad para la ca\u00edda del cabello puede ser una soluci\u00f3n ideal. Los especialistas en trasplante capilar de Avance Hair Transplant pueden ayudarte a conseguir tus objetivos est\u00e9ticos para tener una cabellera m\u00e1s densa. El Dr. Erez Dayan es un cirujano pl\u00e1stico y reconstructivo titulado, especializado en las \u00faltimas t\u00e9cnicas de restauraci\u00f3n capilar. Durante una cita, puedes recibir un plan personalizado para tus necesidades y objetivos est\u00e9ticos. <a title=\"Contacta con Avance Hair Transplant en Reno NV\" href=\"https:\/\/www.avancehair.com\/es\/contact-us-dr-erez-dayan\/\"><em><strong>Programa una consulta<\/strong><\/em><\/a> para la terapia con l\u00e1ser de baja intensidad hoy mismo.   <\/p>\n","protected":false},"excerpt":{"rendered":"<p>Terapia con l\u00e1ser de baja intensidad La calvicie de patr\u00f3n masculino y femenino puede afectar a m\u00e1s de la&hellip;<\/p>\n","protected":false},"author":1,"featured_media":0,"parent":8842,"menu_order":0,"comment_status":"closed","ping_status":"closed","template":"","meta":{"_acf_changed":false,"footnotes":""},"class_list":["post-8857","page","type-page","status-publish"],"acf":[],"yoast_head":"<!-- This site is optimized with the Yoast SEO plugin v27.4 - https:\/\/yoast.com\/product\/yoast-seo-wordpress\/ -->\n<title>Reno NV Terapia L\u00e1ser de Baja Intensidad (LLLT) para la Ca\u00edda del Pelo | Tratamiento para el Crecimiento del Pelo Lake Tahoe<\/title>\n<meta name=\"description\" content=\"La terapia con l\u00e1ser de baja intensidad es un procedimiento cosm\u00e9tico no quir\u00fargico ideal para hombres y mujeres que sufren adelgazamiento del cabello o calvicie de patr\u00f3n.\" \/>\n<meta name=\"robots\" content=\"index, follow, max-snippet:-1, max-image-preview:large, max-video-preview:-1\" \/>\n<link rel=\"canonical\" href=\"https:\/\/www.avancehair.com\/es\/tratamientos-no-quirurgicos-para-la-caida-del-cabello\/terapia-con-laser-de-baja-intensidad\/\" \/>\n<meta property=\"og:locale\" content=\"es_ES\" \/>\n<meta property=\"og:type\" content=\"article\" \/>\n<meta property=\"og:title\" content=\"Reno NV Terapia L\u00e1ser de Baja Intensidad (LLLT) para la Ca\u00edda del Pelo | Tratamiento para el Crecimiento del Pelo Lake Tahoe\" \/>\n<meta property=\"og:description\" content=\"La terapia con l\u00e1ser de baja intensidad es un procedimiento cosm\u00e9tico no quir\u00fargico ideal para hombres y mujeres que sufren adelgazamiento del cabello o calvicie de patr\u00f3n.\" \/>\n<meta property=\"og:url\" content=\"https:\/\/www.avancehair.com\/es\/tratamientos-no-quirurgicos-para-la-caida-del-cabello\/terapia-con-laser-de-baja-intensidad\/\" \/>\n<meta property=\"og:site_name\" content=\"Avance Hair Transplant\" \/>\n<meta property=\"article:modified_time\" content=\"2024-10-28T10:42:40+00:00\" \/>\n<meta name=\"twitter:card\" content=\"summary_large_image\" \/>\n<meta name=\"twitter:label1\" content=\"Tiempo de lectura\" \/>\n\t<meta name=\"twitter:data1\" content=\"2 minutos\" \/>\n<!-- \/ Yoast SEO plugin. -->","yoast_head_json":{"title":"Reno NV Terapia L\u00e1ser de Baja Intensidad (LLLT) para la Ca\u00edda del Pelo | Tratamiento para el Crecimiento del Pelo Lake Tahoe","description":"La terapia con l\u00e1ser de baja intensidad es un procedimiento cosm\u00e9tico no quir\u00fargico ideal para hombres y mujeres que sufren adelgazamiento del cabello o calvicie de patr\u00f3n.","robots":{"index":"index","follow":"follow","max-snippet":"max-snippet:-1","max-image-preview":"max-image-preview:large","max-video-preview":"max-video-preview:-1"},"canonical":"https:\/\/www.avancehair.com\/es\/tratamientos-no-quirurgicos-para-la-caida-del-cabello\/terapia-con-laser-de-baja-intensidad\/","og_locale":"es_ES","og_type":"article","og_title":"Reno NV Terapia L\u00e1ser de Baja Intensidad (LLLT) para la Ca\u00edda del Pelo | Tratamiento para el Crecimiento del Pelo Lake Tahoe","og_description":"La terapia con l\u00e1ser de baja intensidad es un procedimiento cosm\u00e9tico no quir\u00fargico ideal para hombres y mujeres que sufren adelgazamiento del cabello o calvicie de patr\u00f3n.","og_url":"https:\/\/www.avancehair.com\/es\/tratamientos-no-quirurgicos-para-la-caida-del-cabello\/terapia-con-laser-de-baja-intensidad\/","og_site_name":"Avance Hair Transplant","article_modified_time":"2024-10-28T10:42:40+00:00","twitter_card":"summary_large_image","twitter_misc":{"Tiempo de lectura":"2 minutos"},"schema":{"@context":"https:\/\/schema.org","@graph":[{"@type":"WebPage","@id":"https:\/\/www.avancehair.com\/es\/tratamientos-no-quirurgicos-para-la-caida-del-cabello\/terapia-con-laser-de-baja-intensidad\/","url":"https:\/\/www.avancehair.com\/es\/tratamientos-no-quirurgicos-para-la-caida-del-cabello\/terapia-con-laser-de-baja-intensidad\/","name":"Reno NV Terapia L\u00e1ser de Baja Intensidad (LLLT) para la Ca\u00edda del Pelo | Tratamiento para el Crecimiento del Pelo Lake Tahoe","isPartOf":{"@id":"https:\/\/www.avancehair.com\/es\/#website"},"datePublished":"2022-04-06T11:03:09+00:00","dateModified":"2024-10-28T10:42:40+00:00","description":"La terapia con l\u00e1ser de baja intensidad es un procedimiento cosm\u00e9tico no quir\u00fargico ideal para hombres y mujeres que sufren adelgazamiento del cabello o calvicie de patr\u00f3n.","breadcrumb":{"@id":"https:\/\/www.avancehair.com\/es\/tratamientos-no-quirurgicos-para-la-caida-del-cabello\/terapia-con-laser-de-baja-intensidad\/#breadcrumb"},"inLanguage":"es","potentialAction":[{"@type":"ReadAction","target":["https:\/\/www.avancehair.com\/es\/tratamientos-no-quirurgicos-para-la-caida-del-cabello\/terapia-con-laser-de-baja-intensidad\/"]}]},{"@type":"BreadcrumbList","@id":"https:\/\/www.avancehair.com\/es\/tratamientos-no-quirurgicos-para-la-caida-del-cabello\/terapia-con-laser-de-baja-intensidad\/#breadcrumb","itemListElement":[{"@type":"ListItem","position":1,"name":"Home","item":"https:\/\/www.avancehair.com\/es\/"},{"@type":"ListItem","position":2,"name":"Tratamientos no quir\u00fargicos para la ca\u00edda del cabello","item":"https:\/\/www.avancehair.com\/es\/tratamientos-no-quirurgicos-para-la-caida-del-cabello\/"},{"@type":"ListItem","position":3,"name":"Terapia con l\u00e1ser de baja intensidad"}]},{"@type":"WebSite","@id":"https:\/\/www.avancehair.com\/es\/#website","url":"https:\/\/www.avancehair.com\/es\/","name":"Avance Hair Transplant","description":"","potentialAction":[{"@type":"SearchAction","target":{"@type":"EntryPoint","urlTemplate":"https:\/\/www.avancehair.com\/es\/?s={search_term_string}"},"query-input":{"@type":"PropertyValueSpecification","valueRequired":true,"valueName":"search_term_string"}}],"inLanguage":"es"}]}},"_links":{"self":[{"href":"https:\/\/www.avancehair.com\/es\/wp-json\/wp\/v2\/pages\/8857","targetHints":{"allow":["GET"]}}],"collection":[{"href":"https:\/\/www.avancehair.com\/es\/wp-json\/wp\/v2\/pages"}],"about":[{"href":"https:\/\/www.avancehair.com\/es\/wp-json\/wp\/v2\/types\/page"}],"author":[{"embeddable":true,"href":"https:\/\/www.avancehair.com\/es\/wp-json\/wp\/v2\/users\/1"}],"replies":[{"embeddable":true,"href":"https:\/\/www.avancehair.com\/es\/wp-json\/wp\/v2\/comments?post=8857"}],"version-history":[{"count":1,"href":"https:\/\/www.avancehair.com\/es\/wp-json\/wp\/v2\/pages\/8857\/revisions"}],"predecessor-version":[{"id":8957,"href":"https:\/\/www.avancehair.com\/es\/wp-json\/wp\/v2\/pages\/8857\/revisions\/8957"}],"up":[{"embeddable":true,"href":"https:\/\/www.avancehair.com\/es\/wp-json\/wp\/v2\/pages\/8842"}],"wp:attachment":[{"href":"https:\/\/www.avancehair.com\/es\/wp-json\/wp\/v2\/media?parent=8857"}],"curies":[{"name":"wp","href":"https:\/\/api.w.org\/{rel}","templated":true}]}}