{"id":8856,"date":"2022-04-06T10:46:11","date_gmt":"2022-04-06T10:46:11","guid":{"rendered":"https:\/\/www.avancehair.com\/procedimientos\/transferencia-de-unidades-foliculares-fut\/"},"modified":"2024-10-28T10:31:43","modified_gmt":"2024-10-28T10:31:43","slug":"transferencia-de-unidades-foliculares-fut","status":"publish","type":"page","link":"https:\/\/www.avancehair.com\/es\/procedimientos\/transferencia-de-unidades-foliculares-fut\/","title":{"rendered":"Transferencia de Unidades Foliculares (FUT)"},"content":{"rendered":"<h1>Transferencia de Unidades Foliculares (FUT)<\/h1>\n<p>La ca\u00edda del cabello puede producirse tanto en hombres como en mujeres por multitud de razones. Esta p\u00e9rdida de cabello puede afectar significativamente a tu calidad de vida en general y a tus relaciones. Avance Hair Transplant ofrece <a title=\"Cirug\u00eda de trasplante capilar en Reno NV\" href=\"https:\/\/www.avancehair.com\/es\/procedimientos\/\"><em><strong>m\u00faltiples tratamientos de restauraci\u00f3n capilar<\/strong><\/em><\/a> para ayudarte en Reno, Nevada. Los procedimientos quir\u00fargicos est\u00e9ticos, como la transferencia de unidades foliculares (FUT), pueden ayudarte a conseguir una l\u00ednea de nacimiento del cabello de aspecto natural para aumentar la confianza en tu aspecto.   <\/p>\n<h2>\u00bfQu\u00e9 es un trasplante capilar FUT?<\/h2>\n<p>Durante una transferencia de unidades foliculares, un cirujano extrae meticulosamente una tira de tejido capilar de los lados o la parte posterior de la cabeza. Este tejido est\u00e1 formado por fol\u00edculos pilosos que se trasplantan a zonas de calvicie o adelgazamiento para ayudar a conseguir un grosor natural. Este m\u00e9todo extrae aproximadamente el doble de fol\u00edculos que una extracci\u00f3n de unidades foliculares. Una FUT puede extraer aproximadamente 4.000 fol\u00edculos pilosos en una sola sesi\u00f3n.   <\/p>\n<div class=\"row\">\n<div class=\"col-md-6\"><div class=\"embed-responsive embed-responsive-16by9 flc-yt\"> <iframe title=\"Trasplante, Restauraci\u00f3n Capilar sin Cicatrices Reno | Dr. Erez Dayan | Cirug\u00eda Pl\u00e1stica Avance\" class=\"embed-responsive-item\" src=\"https:\/\/www.youtube.com\/embed\/Htp_YaL7gwA?rel=0\" allowfullscreen><\/iframe><\/div><\/div>\n<div class=\"col-md-6\"><div class=\"embed-responsive embed-responsive-16by9 flc-yt\"> <iframe title=\"Trasplante y Restauraci\u00f3n Capilar FUE Reno | Dr. Erez Dayan | Cirug\u00eda Pl\u00e1stica Avance\" class=\"embed-responsive-item\" src=\"https:\/\/www.youtube.com\/embed\/uKqOAcBvMFs?rel=0\" allowfullscreen><\/iframe><\/div><\/div>\n<div class=\"col-md-6\"><div class=\"embed-responsive embed-responsive-16by9 flc-yt\"> <iframe title=\"Transplante Capilar Reno | Restauraci\u00f3n Capilar Tahoe | Dr. Erez Dayan | Cirug\u00eda Pl\u00e1stica Avance\" class=\"embed-responsive-item\" src=\"https:\/\/www.youtube.com\/embed\/H0gqBP3sH1U?rel=0\" allowfullscreen><\/iframe><\/div><\/div>\n<div class=\"col-md-6\"><div class=\"embed-responsive embed-responsive-16by9 flc-yt\"> <iframe title=\"Preguntas frecuentes sobre el trasplante capilar en Reno\/Tahoe | Dr. Erez Dayan | Cirug\u00eda Pl\u00e1stica Avance\" class=\"embed-responsive-item\" src=\"https:\/\/www.youtube.com\/embed\/ovh8oPefr4Q?rel=0\" allowfullscreen><\/iframe><\/div><\/div>\n<\/div>\n<p>Cualquier cicatriz quedar\u00e1 oculta por el vello, por lo que no ser\u00e1 perceptible para los dem\u00e1s. Puedes reanudar tus actividades normales despu\u00e9s de la intervenci\u00f3n. Durante la recuperaci\u00f3n, los pacientes pueden experimentar costras y dolores leves que se curar\u00e1n de forma natural en las primeras semanas. El cirujano te dar\u00e1 instrucciones especiales sobre los cuidados posteriores para ayudarte a minimizar estos efectos secundarios. Pueden ser necesarios varios tratamientos a lo largo de un a\u00f1o para conseguir los resultados deseados.    <\/p>\n<h3>Candidatos ideales para el trasplante capilar FUT<\/h3>\n<p>Las personas interesadas en una transferencia de unidades foliculares deben gozar de buena salud y tener expectativas realistas en cuanto a los resultados alcanzables. Los hombres y las mujeres tambi\u00e9n deben tener una cantidad suficiente de pelo donante de alta calidad y elasticidad en el cuero cabelludo para la intervenci\u00f3n. La consulta con un cirujano colegiado puede ayudar a determinar si eres un candidato ideal.  <\/p>\n<h4>Solicitar una consulta de Transferencia de Unidades Foliculares<\/h4>\n<p>Una transferencia de unidades foliculares puede ser una soluci\u00f3n ideal de restauraci\u00f3n capilar para hombres o mujeres que luchan contra la calvicie excesiva en Reno, Nevada. El Dr. Erez Dayan, de Avance Hair Transplant, es un cirujano reconstructivo certificado especializado en las t\u00e9cnicas m\u00e1s avanzadas de restauraci\u00f3n capilar. Durante una cita, el Dr. Dayan puede recomendarte un plan de tratamiento personalizado para ayudarte a alcanzar tus objetivos est\u00e9ticos. Mejora tu aspecto y la confianza en ti misma <a title=\"Contacta con Avance Hair Transplant en Reno NV\" href=\"https:\/\/www.avancehair.com\/es\/contact-us-dr-erez-dayan\/\"><em><strong>programando una consulta<\/strong><\/em><\/a> para una transferencia de unidades foliculares hoy mismo.   <\/p>\n<p style=\"text-align: center;\"><a href=\"https:\/\/www.avancehair.com\/wp-content\/uploads\/2022\/08\/After-Hair-Transplantation-Instructions-FUE-2.pdf\" class=\"btn btn-primary\" target=\"_blank\" rel=\"noopener\">INSTRUCCIONES DESPU\u00c9S DEL TRASPLANTE CAPILAR<\/a><\/p>\n","protected":false},"excerpt":{"rendered":"<p>Transferencia de Unidades Foliculares (FUT) La ca\u00edda del cabello puede producirse tanto en hombres como en mujeres por multitud&hellip;<\/p>\n","protected":false},"author":1,"featured_media":0,"parent":8847,"menu_order":0,"comment_status":"closed","ping_status":"closed","template":"","meta":{"_acf_changed":false,"footnotes":""},"class_list":["post-8856","page","type-page","status-publish"],"acf":[],"yoast_head":"<!-- This site is optimized with the Yoast SEO plugin v27.4 - https:\/\/yoast.com\/product\/yoast-seo-wordpress\/ -->\n<title>Transplante de Unidades Foliculares\/FUT Reno NV | Lake Tahoe<\/title>\n<meta name=\"description\" content=\"La transferencia de unidades foliculares (FUT) puede ayudarte a conseguir una l\u00ednea de nacimiento del cabello de aspecto natural para aumentar la confianza en tu aspecto.\" \/>\n<meta name=\"robots\" content=\"index, follow, max-snippet:-1, max-image-preview:large, max-video-preview:-1\" \/>\n<link rel=\"canonical\" href=\"https:\/\/www.avancehair.com\/es\/procedimientos\/transferencia-de-unidades-foliculares-fut\/\" \/>\n<meta property=\"og:locale\" content=\"es_ES\" \/>\n<meta property=\"og:type\" content=\"article\" \/>\n<meta property=\"og:title\" content=\"Transplante de Unidades Foliculares\/FUT Reno NV | Lake Tahoe\" \/>\n<meta property=\"og:description\" content=\"La transferencia de unidades foliculares (FUT) puede ayudarte a conseguir una l\u00ednea de nacimiento del cabello de aspecto natural para aumentar la confianza en tu aspecto.\" \/>\n<meta property=\"og:url\" content=\"https:\/\/www.avancehair.com\/es\/procedimientos\/transferencia-de-unidades-foliculares-fut\/\" \/>\n<meta property=\"og:site_name\" content=\"Avance Hair Transplant\" \/>\n<meta property=\"article:modified_time\" content=\"2024-10-28T10:31:43+00:00\" \/>\n<meta name=\"twitter:card\" content=\"summary_large_image\" \/>\n<meta name=\"twitter:label1\" content=\"Tiempo de lectura\" \/>\n\t<meta name=\"twitter:data1\" content=\"3 minutos\" \/>\n<!-- \/ Yoast SEO plugin. -->","yoast_head_json":{"title":"Transplante de Unidades Foliculares\/FUT Reno NV | Lake Tahoe","description":"La transferencia de unidades foliculares (FUT) puede ayudarte a conseguir una l\u00ednea de nacimiento del cabello de aspecto natural para aumentar la confianza en tu aspecto.","robots":{"index":"index","follow":"follow","max-snippet":"max-snippet:-1","max-image-preview":"max-image-preview:large","max-video-preview":"max-video-preview:-1"},"canonical":"https:\/\/www.avancehair.com\/es\/procedimientos\/transferencia-de-unidades-foliculares-fut\/","og_locale":"es_ES","og_type":"article","og_title":"Transplante de Unidades Foliculares\/FUT Reno NV | Lake Tahoe","og_description":"La transferencia de unidades foliculares (FUT) puede ayudarte a conseguir una l\u00ednea de nacimiento del cabello de aspecto natural para aumentar la confianza en tu aspecto.","og_url":"https:\/\/www.avancehair.com\/es\/procedimientos\/transferencia-de-unidades-foliculares-fut\/","og_site_name":"Avance Hair Transplant","article_modified_time":"2024-10-28T10:31:43+00:00","twitter_card":"summary_large_image","twitter_misc":{"Tiempo de lectura":"3 minutos"},"schema":{"@context":"https:\/\/schema.org","@graph":[{"@type":"WebPage","@id":"https:\/\/www.avancehair.com\/es\/procedimientos\/transferencia-de-unidades-foliculares-fut\/","url":"https:\/\/www.avancehair.com\/es\/procedimientos\/transferencia-de-unidades-foliculares-fut\/","name":"Transplante de Unidades Foliculares\/FUT Reno NV | Lake Tahoe","isPartOf":{"@id":"https:\/\/www.avancehair.com\/es\/#website"},"datePublished":"2022-04-06T10:46:11+00:00","dateModified":"2024-10-28T10:31:43+00:00","description":"La transferencia de unidades foliculares (FUT) puede ayudarte a conseguir una l\u00ednea de nacimiento del cabello de aspecto natural para aumentar la confianza en tu aspecto.","breadcrumb":{"@id":"https:\/\/www.avancehair.com\/es\/procedimientos\/transferencia-de-unidades-foliculares-fut\/#breadcrumb"},"inLanguage":"es","potentialAction":[{"@type":"ReadAction","target":["https:\/\/www.avancehair.com\/es\/procedimientos\/transferencia-de-unidades-foliculares-fut\/"]}]},{"@type":"BreadcrumbList","@id":"https:\/\/www.avancehair.com\/es\/procedimientos\/transferencia-de-unidades-foliculares-fut\/#breadcrumb","itemListElement":[{"@type":"ListItem","position":1,"name":"Home","item":"https:\/\/www.avancehair.com\/es\/"},{"@type":"ListItem","position":2,"name":"Procedimientos","item":"https:\/\/www.avancehair.com\/es\/procedimientos\/"},{"@type":"ListItem","position":3,"name":"Transferencia de Unidades Foliculares (FUT)"}]},{"@type":"WebSite","@id":"https:\/\/www.avancehair.com\/es\/#website","url":"https:\/\/www.avancehair.com\/es\/","name":"Avance Hair Transplant","description":"","potentialAction":[{"@type":"SearchAction","target":{"@type":"EntryPoint","urlTemplate":"https:\/\/www.avancehair.com\/es\/?s={search_term_string}"},"query-input":{"@type":"PropertyValueSpecification","valueRequired":true,"valueName":"search_term_string"}}],"inLanguage":"es"}]}},"_links":{"self":[{"href":"https:\/\/www.avancehair.com\/es\/wp-json\/wp\/v2\/pages\/8856","targetHints":{"allow":["GET"]}}],"collection":[{"href":"https:\/\/www.avancehair.com\/es\/wp-json\/wp\/v2\/pages"}],"about":[{"href":"https:\/\/www.avancehair.com\/es\/wp-json\/wp\/v2\/types\/page"}],"author":[{"embeddable":true,"href":"https:\/\/www.avancehair.com\/es\/wp-json\/wp\/v2\/users\/1"}],"replies":[{"embeddable":true,"href":"https:\/\/www.avancehair.com\/es\/wp-json\/wp\/v2\/comments?post=8856"}],"version-history":[{"count":1,"href":"https:\/\/www.avancehair.com\/es\/wp-json\/wp\/v2\/pages\/8856\/revisions"}],"predecessor-version":[{"id":8947,"href":"https:\/\/www.avancehair.com\/es\/wp-json\/wp\/v2\/pages\/8856\/revisions\/8947"}],"up":[{"embeddable":true,"href":"https:\/\/www.avancehair.com\/es\/wp-json\/wp\/v2\/pages\/8847"}],"wp:attachment":[{"href":"https:\/\/www.avancehair.com\/es\/wp-json\/wp\/v2\/media?parent=8856"}],"curies":[{"name":"wp","href":"https:\/\/api.w.org\/{rel}","templated":true}]}}