{"id":8854,"date":"2022-04-06T10:26:32","date_gmt":"2022-04-06T10:26:32","guid":{"rendered":"https:\/\/www.avancehair.com\/hair-transplant-information\/preguntas-frecuentes-sobre-el-trasplante-capilar\/"},"modified":"2024-12-06T12:40:34","modified_gmt":"2024-12-06T12:40:34","slug":"preguntas-frecuentes-sobre-el-trasplante-capilar","status":"publish","type":"page","link":"https:\/\/www.avancehair.com\/es\/hair-transplant-information\/preguntas-frecuentes-sobre-el-trasplante-capilar\/","title":{"rendered":"Preguntas frecuentes sobre el trasplante capilar"},"content":{"rendered":"<h1>Preguntas frecuentes sobre el trasplante capilar<\/h1>\n<p>Tomar la decisi\u00f3n de someterse a una intervenci\u00f3n de trasplante capilar puede ser abrumador. Es posible que tengas muchas preguntas sin respuesta sobre este procedimiento. Avance Hair Transplant ha elaborado una secci\u00f3n de preguntas frecuentes sobre el trasplante capilar para responder a las preguntas m\u00e1s frecuentes que recibimos en la cl\u00ednica de Reno, Nevada.<br \/>\n<dl id=\"faq-1\" class=\"flc-faq\"><dt id=\"l11\"><button class=\"card-header collapsed d-block btn w-100 text-left\" data-toggle=\"collapse\" data-target=\"#t11\" aria-expanded=\"false\" aria-controls=\"t11\"><i class=\"ml-1 fas fa-chevron-down\"><\/i> \u00bfQu\u00e9 es un Trasplante Capilar?<\/button><\/dt><dd id=\"t11\" class=\"m-0 collapse\" aria-labelledby=\"l11\" aria-expanded=\"false\" data-parent=\"#faq-1\"><div class=\"card-body\">Un trasplante capilar es un procedimiento quir\u00fargico m\u00ednimamente invasivo que transporta fol\u00edculos pilosos y cabello del cuero cabelludo a \u00e1reas espec\u00edficas donde hay calvicie o adelgazamiento del cabello. El procedimiento se realiza con anestesia local para minimizar las molestias. Es importante contar con alguien que pueda llevarte a casa despu\u00e9s de la cirug\u00eda.<\/div><\/dd><dt id=\"l12\"><button class=\"card-header collapsed d-block btn w-100 text-left\" data-toggle=\"collapse\" data-target=\"#t12\" aria-expanded=\"false\" aria-controls=\"t12\"><i class=\"ml-1 fas fa-chevron-down\"><\/i> \u00bfQui\u00e9nes son Candidatos Ideales para un Trasplante Capilar?<\/button><\/dt><dd id=\"t12\" class=\"m-0 collapse\" aria-labelledby=\"l12\" aria-expanded=\"false\" data-parent=\"#faq-1\"><div class=\"card-body\">El candidato ideal para un trasplante capilar depende de la gravedad de la p\u00e9rdida de cabello y de su estado de salud general. Si no se dispone de cabello donante, es posible que debas considerar otras opciones de tratamiento. Una consulta con un cirujano certificado puede ayudarte a determinar si eres un candidato ideal.<\/div><\/dd><dt id=\"l13\"><button class=\"card-header collapsed d-block btn w-100 text-left\" data-toggle=\"collapse\" data-target=\"#t13\" aria-expanded=\"false\" aria-controls=\"t13\"><i class=\"ml-1 fas fa-chevron-down\"><\/i> \u00bfQu\u00e9 Puedo Esperar Durante la Recuperaci\u00f3n del Trasplante Capilar?<\/button><\/dt><dd id=\"t13\" class=\"m-0 collapse\" aria-labelledby=\"l13\" aria-expanded=\"false\" data-parent=\"#faq-1\"><div class=\"card-body\">La recuperaci\u00f3n despu\u00e9s de un trasplante capilar es m\u00ednima para la mayor\u00eda de los pacientes. Muchas personas pueden regresar al trabajo y a sus actividades diarias normales pocos d\u00edas despu\u00e9s del procedimiento. Tu cirujano te proporcionar\u00e1 instrucciones para el cuidado diario y la limpieza para ayudarte a obtener resultados \u00f3ptimos. Es posible que experimentes algo de picaz\u00f3n durante la recuperaci\u00f3n. El desprendimiento de cabello puede ocurrir aproximadamente tres semanas despu\u00e9s del procedimiento, y el crecimiento se reanudar\u00e1 aproximadamente en ocho semanas.<\/div><\/dd><dt id=\"l14\"><button class=\"card-header collapsed d-block btn w-100 text-left\" data-toggle=\"collapse\" data-target=\"#t14\" aria-expanded=\"false\" aria-controls=\"t14\"><i class=\"ml-1 fas fa-chevron-down\"><\/i> \u00bfEl Trasplante Capilar Deja Cicatrices Visibles?<\/button><\/dt><dd id=\"t14\" class=\"m-0 collapse\" aria-labelledby=\"l14\" aria-expanded=\"false\" data-parent=\"#faq-1\"><div class=\"card-body\">Las cicatrices son normales en cualquier procedimiento quir\u00fargico, pero con un trasplante capilar pueden ser m\u00ednimas y apenas visibles. La cantidad de cicatrices depende de las t\u00e9cnicas utilizadas durante el procedimiento y de la habilidad del cirujano. Seguir las instrucciones de cuidado postoperatorio proporcionadas por el cirujano puede ayudar a reducir las cicatrices.<\/div><\/dd><dt id=\"l15\"><button class=\"card-header collapsed d-block btn w-100 text-left\" data-toggle=\"collapse\" data-target=\"#t15\" aria-expanded=\"false\" aria-controls=\"t15\"><i class=\"ml-1 fas fa-chevron-down\"><\/i> \u00bfInteresado en un Trasplante Capilar?<\/button><\/dt><dd id=\"t15\" class=\"m-0 collapse\" aria-labelledby=\"l15\" aria-expanded=\"false\" data-parent=\"#faq-1\"><div class=\"card-body\">Un trasplante capilar puede ser una opci\u00f3n de tratamiento quir\u00fargico eficaz tanto para hombres como para mujeres. En Avance Plastic Surgery and Hair Transplant ofrecemos m\u00faltiples opciones de restauraci\u00f3n capilar, tanto quir\u00fargicas como no quir\u00fargicas, para residentes de Nevada y pacientes de todo el mundo. Durante una consulta, el Dr. Erez Dayan puede responder a tus preguntas y ayudarte en tu camino contra la p\u00e9rdida de cabello. \u00a1Agenda una consulta hoy mismo!<\/div><\/dd><\/dl><\/p>\n","protected":false},"excerpt":{"rendered":"<p>Preguntas frecuentes sobre el trasplante capilar Tomar la decisi\u00f3n de someterse a una intervenci\u00f3n de trasplante capilar puede ser&hellip;<\/p>\n","protected":false},"author":1,"featured_media":0,"parent":8828,"menu_order":0,"comment_status":"closed","ping_status":"closed","template":"","meta":{"_acf_changed":false,"footnotes":""},"class_list":["post-8854","page","type-page","status-publish"],"acf":[],"yoast_head":"<!-- This site is optimized with the Yoast SEO plugin v27.4 - https:\/\/yoast.com\/product\/yoast-seo-wordpress\/ -->\n<title>Preguntas frecuentes sobre el trasplante capilar en Reno NV | \u00bfQu\u00e9 es un trasplante capilar? | Lake Tahoe<\/title>\n<meta name=\"description\" content=\"Lee las FAQ sobre trasplante capilar de Avance Hair Transplant para obtener respuestas a las preguntas m\u00e1s frecuentes sobre el procedimiento.\" \/>\n<meta name=\"robots\" content=\"index, follow, max-snippet:-1, max-image-preview:large, max-video-preview:-1\" \/>\n<link rel=\"canonical\" href=\"https:\/\/www.avancehair.com\/es\/hair-transplant-information\/preguntas-frecuentes-sobre-el-trasplante-capilar\/\" \/>\n<meta property=\"og:locale\" content=\"es_ES\" \/>\n<meta property=\"og:type\" content=\"article\" \/>\n<meta property=\"og:title\" content=\"Preguntas frecuentes sobre el trasplante capilar en Reno NV | \u00bfQu\u00e9 es un trasplante capilar? | Lake Tahoe\" \/>\n<meta property=\"og:description\" content=\"Lee las FAQ sobre trasplante capilar de Avance Hair Transplant para obtener respuestas a las preguntas m\u00e1s frecuentes sobre el procedimiento.\" \/>\n<meta property=\"og:url\" content=\"https:\/\/www.avancehair.com\/es\/hair-transplant-information\/preguntas-frecuentes-sobre-el-trasplante-capilar\/\" \/>\n<meta property=\"og:site_name\" content=\"Avance Hair Transplant\" \/>\n<meta property=\"article:modified_time\" content=\"2024-12-06T12:40:34+00:00\" \/>\n<meta name=\"twitter:card\" content=\"summary_large_image\" \/>\n<meta name=\"twitter:label1\" content=\"Tiempo de lectura\" \/>\n\t<meta name=\"twitter:data1\" content=\"1 minuto\" \/>\n<!-- \/ Yoast SEO plugin. -->","yoast_head_json":{"title":"Preguntas frecuentes sobre el trasplante capilar en Reno NV | \u00bfQu\u00e9 es un trasplante capilar? | Lake Tahoe","description":"Lee las FAQ sobre trasplante capilar de Avance Hair Transplant para obtener respuestas a las preguntas m\u00e1s frecuentes sobre el procedimiento.","robots":{"index":"index","follow":"follow","max-snippet":"max-snippet:-1","max-image-preview":"max-image-preview:large","max-video-preview":"max-video-preview:-1"},"canonical":"https:\/\/www.avancehair.com\/es\/hair-transplant-information\/preguntas-frecuentes-sobre-el-trasplante-capilar\/","og_locale":"es_ES","og_type":"article","og_title":"Preguntas frecuentes sobre el trasplante capilar en Reno NV | \u00bfQu\u00e9 es un trasplante capilar? | Lake Tahoe","og_description":"Lee las FAQ sobre trasplante capilar de Avance Hair Transplant para obtener respuestas a las preguntas m\u00e1s frecuentes sobre el procedimiento.","og_url":"https:\/\/www.avancehair.com\/es\/hair-transplant-information\/preguntas-frecuentes-sobre-el-trasplante-capilar\/","og_site_name":"Avance Hair Transplant","article_modified_time":"2024-12-06T12:40:34+00:00","twitter_card":"summary_large_image","twitter_misc":{"Tiempo de lectura":"1 minuto"},"schema":{"@context":"https:\/\/schema.org","@graph":[{"@type":"WebPage","@id":"https:\/\/www.avancehair.com\/es\/hair-transplant-information\/preguntas-frecuentes-sobre-el-trasplante-capilar\/","url":"https:\/\/www.avancehair.com\/es\/hair-transplant-information\/preguntas-frecuentes-sobre-el-trasplante-capilar\/","name":"Preguntas frecuentes sobre el trasplante capilar en Reno NV | \u00bfQu\u00e9 es un trasplante capilar? | Lake Tahoe","isPartOf":{"@id":"https:\/\/www.avancehair.com\/es\/#website"},"datePublished":"2022-04-06T10:26:32+00:00","dateModified":"2024-12-06T12:40:34+00:00","description":"Lee las FAQ sobre trasplante capilar de Avance Hair Transplant para obtener respuestas a las preguntas m\u00e1s frecuentes sobre el procedimiento.","breadcrumb":{"@id":"https:\/\/www.avancehair.com\/es\/hair-transplant-information\/preguntas-frecuentes-sobre-el-trasplante-capilar\/#breadcrumb"},"inLanguage":"es","potentialAction":[{"@type":"ReadAction","target":["https:\/\/www.avancehair.com\/es\/hair-transplant-information\/preguntas-frecuentes-sobre-el-trasplante-capilar\/"]}]},{"@type":"BreadcrumbList","@id":"https:\/\/www.avancehair.com\/es\/hair-transplant-information\/preguntas-frecuentes-sobre-el-trasplante-capilar\/#breadcrumb","itemListElement":[{"@type":"ListItem","position":1,"name":"Home","item":"https:\/\/www.avancehair.com\/es\/"},{"@type":"ListItem","position":2,"name":"Informaci\u00f3n sobre el trasplante capilar","item":"https:\/\/www.avancehair.com\/es\/hair-transplant-information\/"},{"@type":"ListItem","position":3,"name":"Preguntas frecuentes sobre el trasplante capilar"}]},{"@type":"WebSite","@id":"https:\/\/www.avancehair.com\/es\/#website","url":"https:\/\/www.avancehair.com\/es\/","name":"Avance Hair Transplant","description":"","potentialAction":[{"@type":"SearchAction","target":{"@type":"EntryPoint","urlTemplate":"https:\/\/www.avancehair.com\/es\/?s={search_term_string}"},"query-input":{"@type":"PropertyValueSpecification","valueRequired":true,"valueName":"search_term_string"}}],"inLanguage":"es"}]}},"_links":{"self":[{"href":"https:\/\/www.avancehair.com\/es\/wp-json\/wp\/v2\/pages\/8854","targetHints":{"allow":["GET"]}}],"collection":[{"href":"https:\/\/www.avancehair.com\/es\/wp-json\/wp\/v2\/pages"}],"about":[{"href":"https:\/\/www.avancehair.com\/es\/wp-json\/wp\/v2\/types\/page"}],"author":[{"embeddable":true,"href":"https:\/\/www.avancehair.com\/es\/wp-json\/wp\/v2\/users\/1"}],"replies":[{"embeddable":true,"href":"https:\/\/www.avancehair.com\/es\/wp-json\/wp\/v2\/comments?post=8854"}],"version-history":[{"count":2,"href":"https:\/\/www.avancehair.com\/es\/wp-json\/wp\/v2\/pages\/8854\/revisions"}],"predecessor-version":[{"id":8974,"href":"https:\/\/www.avancehair.com\/es\/wp-json\/wp\/v2\/pages\/8854\/revisions\/8974"}],"up":[{"embeddable":true,"href":"https:\/\/www.avancehair.com\/es\/wp-json\/wp\/v2\/pages\/8828"}],"wp:attachment":[{"href":"https:\/\/www.avancehair.com\/es\/wp-json\/wp\/v2\/media?parent=8854"}],"curies":[{"name":"wp","href":"https:\/\/api.w.org\/{rel}","templated":true}]}}