{"id":8853,"date":"2022-04-06T10:42:04","date_gmt":"2022-04-06T10:42:04","guid":{"rendered":"https:\/\/www.avancehair.com\/procedimientos\/recambio-capilar-femenino\/"},"modified":"2024-10-28T10:16:48","modified_gmt":"2024-10-28T10:16:48","slug":"recambio-capilar-femenino","status":"publish","type":"page","link":"https:\/\/www.avancehair.com\/es\/procedimientos\/recambio-capilar-femenino\/","title":{"rendered":"Recambio capilar femenino"},"content":{"rendered":"<h1>Sustituci\u00f3n capilar para mujeres<\/h1>\n<p>La ca\u00edda del cabello puede ser devastadora para la autoestima de una mujer. La ca\u00edda del cabello de patr\u00f3n femenino afecta aproximadamente a 30 millones de mujeres en Estados Unidos. <a title=\"Cirug\u00eda de trasplante capilar en Reno NV\" href=\"https:\/\/www.avancehair.com\/es\/procedimientos\/\"><em><strong>Avance Hair Transplant<\/strong><\/em><\/a> est\u00e1n disponibles en Avance Hair Transplant para ayudar a las mujeres a verse y sentirse mejor en Lake Tahoe y Reno, Nevada. <\/p>\n<div class=\"row\">\n<div class=\"col-md-6\"><div class=\"embed-responsive embed-responsive-16by9 flc-yt\"> <iframe title=\"Trasplante, Restauraci\u00f3n Capilar sin Cicatrices Reno | Dr. Erez Dayan | Cirug\u00eda Pl\u00e1stica Avance\" class=\"embed-responsive-item\" src=\"https:\/\/www.youtube.com\/embed\/Htp_YaL7gwA?rel=0\" allowfullscreen><\/iframe><\/div><\/div>\n<div class=\"col-md-6\"><div class=\"embed-responsive embed-responsive-16by9 flc-yt\"> <iframe title=\"Trasplante y Restauraci\u00f3n Capilar FUE Reno | Dr. Erez Dayan | Cirug\u00eda Pl\u00e1stica Avance\" class=\"embed-responsive-item\" src=\"https:\/\/www.youtube.com\/embed\/uKqOAcBvMFs?rel=0\" allowfullscreen><\/iframe><\/div><\/div>\n<div class=\"col-md-6\"><div class=\"embed-responsive embed-responsive-16by9 flc-yt\"> <iframe title=\"Transplante Capilar Reno | Restauraci\u00f3n Capilar Tahoe | Dr. Erez Dayan | Cirug\u00eda Pl\u00e1stica Avance\" class=\"embed-responsive-item\" src=\"https:\/\/www.youtube.com\/embed\/H0gqBP3sH1U?rel=0\" allowfullscreen><\/iframe><\/div><\/div>\n<div class=\"col-md-6\"><div class=\"embed-responsive embed-responsive-16by9 flc-yt\"> <iframe title=\"Preguntas frecuentes sobre el trasplante capilar en Reno\/Tahoe | Dr. Erez Dayan | Cirug\u00eda Pl\u00e1stica Avance\" class=\"embed-responsive-item\" src=\"https:\/\/www.youtube.com\/embed\/ovh8oPefr4Q?rel=0\" allowfullscreen><\/iframe><\/div><\/div>\n<\/div>\n<h2>Causas de la ca\u00edda del cabello en la mujer<\/h2>\n<p>Hay muchas causas de la ca\u00edda del cabello en la mujer. Las causas m\u00e1s comunes son la anemia, el embarazo y los trastornos tiroideos. Otras causas potenciales son las afecciones cut\u00e1neas, los cambios hormonales, la menopausia, la falta de hierro, los medicamentos y las enfermedades autoinmunes. Antes de iniciar el tratamiento de reemplazo capilar femenino, un especialista realizar\u00e1 un examen y pruebas para determinar la ra\u00edz del problema.   <\/p>\n<h3>Soluciones para el reemplazo capilar femenino en Lake Tahoe<\/h3>\n<p>Avance Hair Transplant ofrece soluciones capilares femeninas m\u00ednimamente invasivas para los residentes de la zona de Lake Tahoe. Las soluciones quir\u00fargicas de trasplante capilar femenino incluyen t\u00e9cnicas de transferencia de unidades foliculares y de extracci\u00f3n de unidades foliculares, seg\u00fan las necesidades y preferencias individuales. Estos procedimientos ayudan a obtener resultados extraordinarios de aspecto natural con un tiempo de inactividad m\u00ednimo y cicatrices indetectables. Los candidatos ideales para estos procedimientos tienen poco pelo en la parte frontal o superior del cuero cabelludo, pero suficiente pelo donante en la parte posterior de la cabeza. Los candidatos cualificados tambi\u00e9n disponen de opciones m\u00e9dicas no quir\u00fargicas de crecimiento y restauraci\u00f3n del cabello.  <\/p>\n<h4>C\u00f3mo funciona el implante capilar femenino<\/h4>\n<p>Durante el procedimiento de implante capilar femenino, se extrae pelo de la parte posterior de la cabeza y se trasplanta en las zonas calvas. El pelo se coloca estrat\u00e9gicamente para que coincida con el crecimiento natural y la direcci\u00f3n del resto de la zona. Pueden ser necesarios varios tratamientos para conseguir resultados \u00f3ptimos. Puedes notar los resultados completos en pocos meses y disfrutar de los beneficios el resto de tu vida.   <\/p>\n<h5>Solicita una consulta sobre implantes capilares femeninos<\/h5>\n<p>Si luchas contra el debilitamiento del cabello, los tratamientos femeninos de trasplante capilar pueden ser una soluci\u00f3n ideal para recuperar la confianza en ti misma. Avance Hair Transplant ofrece consultas presenciales y virtuales para mujeres que luchan contra la ca\u00edda del cabello. El Dr. Erez Dayan es un cirujano reconstructivo titulado que puede recomendarte la mejor soluci\u00f3n para tus necesidades y responder a cualquier pregunta que puedas tener sobre las ventajas y los riesgos de un trasplante capilar femenino. <a title=\"Contacta con Avance Hair Transplant en Reno NV\" href=\"https:\/\/www.avancehair.com\/es\/contact-us-dr-erez-dayan\/\"><em><strong>Programa una consulta para un trasplante capilar femenino<\/strong><\/em><\/a> hoy mismo.  <\/p>\n<p style=\"text-align: center;\"><a href=\"https:\/\/www.avancehair.com\/wp-content\/uploads\/2022\/08\/After-Hair-Transplantation-Instructions-FUE-2.pdf\" class=\"btn btn-primary\" target=\"_blank\" rel=\"noopener\">INSTRUCCIONES DESPU\u00c9S DEL TRASPLANTE CAPILAR<\/a><\/p>\n","protected":false},"excerpt":{"rendered":"<p>Sustituci\u00f3n capilar para mujeres La ca\u00edda del cabello puede ser devastadora para la autoestima de una mujer. La ca\u00edda&hellip;<\/p>\n","protected":false},"author":1,"featured_media":8762,"parent":8847,"menu_order":0,"comment_status":"closed","ping_status":"closed","template":"","meta":{"_acf_changed":false,"footnotes":""},"class_list":["post-8853","page","type-page","status-publish","has-post-thumbnail"],"acf":[],"yoast_head":"<!-- This site is optimized with the Yoast SEO plugin v27.4 - https:\/\/yoast.com\/product\/yoast-seo-wordpress\/ -->\n<title>Reno NV Reemplazo de Cabello para Mujeres | Lake Tahoe Trasplante de Cabello Femenino<\/title>\n<meta name=\"description\" content=\"El implante capilar femenino puede devolverte la confianza en ti misma a causa del debilitamiento del cabello. Solicita hoy mismo una consulta en Avance Hair Transplant.\" \/>\n<meta name=\"robots\" content=\"index, follow, max-snippet:-1, max-image-preview:large, max-video-preview:-1\" \/>\n<link rel=\"canonical\" href=\"https:\/\/www.avancehair.com\/es\/procedimientos\/recambio-capilar-femenino\/\" \/>\n<meta property=\"og:locale\" content=\"es_ES\" \/>\n<meta property=\"og:type\" content=\"article\" \/>\n<meta property=\"og:title\" content=\"Reno NV Reemplazo de Cabello para Mujeres | Lake Tahoe Trasplante de Cabello Femenino\" \/>\n<meta property=\"og:description\" content=\"El implante capilar femenino puede devolverte la confianza en ti misma a causa del debilitamiento del cabello. Solicita hoy mismo una consulta en Avance Hair Transplant.\" \/>\n<meta property=\"og:url\" content=\"https:\/\/www.avancehair.com\/es\/procedimientos\/recambio-capilar-femenino\/\" \/>\n<meta property=\"og:site_name\" content=\"Avance Hair Transplant\" \/>\n<meta property=\"article:modified_time\" content=\"2024-10-28T10:16:48+00:00\" \/>\n<meta property=\"og:image\" content=\"https:\/\/www.avancehair.com\/wp-content\/uploads\/2022\/04\/woman-hair-loss.jpg\" \/>\n\t<meta property=\"og:image:width\" content=\"1920\" \/>\n\t<meta property=\"og:image:height\" content=\"595\" \/>\n\t<meta property=\"og:image:type\" content=\"image\/jpeg\" \/>\n<meta name=\"twitter:card\" content=\"summary_large_image\" \/>\n<meta name=\"twitter:label1\" content=\"Tiempo de lectura\" \/>\n\t<meta name=\"twitter:data1\" content=\"3 minutos\" \/>\n<!-- \/ Yoast SEO plugin. -->","yoast_head_json":{"title":"Reno NV Reemplazo de Cabello para Mujeres | Lake Tahoe Trasplante de Cabello Femenino","description":"El implante capilar femenino puede devolverte la confianza en ti misma a causa del debilitamiento del cabello. Solicita hoy mismo una consulta en Avance Hair Transplant.","robots":{"index":"index","follow":"follow","max-snippet":"max-snippet:-1","max-image-preview":"max-image-preview:large","max-video-preview":"max-video-preview:-1"},"canonical":"https:\/\/www.avancehair.com\/es\/procedimientos\/recambio-capilar-femenino\/","og_locale":"es_ES","og_type":"article","og_title":"Reno NV Reemplazo de Cabello para Mujeres | Lake Tahoe Trasplante de Cabello Femenino","og_description":"El implante capilar femenino puede devolverte la confianza en ti misma a causa del debilitamiento del cabello. Solicita hoy mismo una consulta en Avance Hair Transplant.","og_url":"https:\/\/www.avancehair.com\/es\/procedimientos\/recambio-capilar-femenino\/","og_site_name":"Avance Hair Transplant","article_modified_time":"2024-10-28T10:16:48+00:00","og_image":[{"width":1920,"height":595,"url":"https:\/\/www.avancehair.com\/wp-content\/uploads\/2022\/04\/woman-hair-loss.jpg","type":"image\/jpeg"}],"twitter_card":"summary_large_image","twitter_misc":{"Tiempo de lectura":"3 minutos"},"schema":{"@context":"https:\/\/schema.org","@graph":[{"@type":"WebPage","@id":"https:\/\/www.avancehair.com\/es\/procedimientos\/recambio-capilar-femenino\/","url":"https:\/\/www.avancehair.com\/es\/procedimientos\/recambio-capilar-femenino\/","name":"Reno NV Reemplazo de Cabello para Mujeres | Lake Tahoe Trasplante de Cabello Femenino","isPartOf":{"@id":"https:\/\/www.avancehair.com\/es\/#website"},"primaryImageOfPage":{"@id":"https:\/\/www.avancehair.com\/es\/procedimientos\/recambio-capilar-femenino\/#primaryimage"},"image":{"@id":"https:\/\/www.avancehair.com\/es\/procedimientos\/recambio-capilar-femenino\/#primaryimage"},"thumbnailUrl":"https:\/\/www.avancehair.com\/wp-content\/uploads\/2022\/04\/woman-hair-loss.jpg","datePublished":"2022-04-06T10:42:04+00:00","dateModified":"2024-10-28T10:16:48+00:00","description":"El implante capilar femenino puede devolverte la confianza en ti misma a causa del debilitamiento del cabello. Solicita hoy mismo una consulta en Avance Hair Transplant.","breadcrumb":{"@id":"https:\/\/www.avancehair.com\/es\/procedimientos\/recambio-capilar-femenino\/#breadcrumb"},"inLanguage":"es","potentialAction":[{"@type":"ReadAction","target":["https:\/\/www.avancehair.com\/es\/procedimientos\/recambio-capilar-femenino\/"]}]},{"@type":"ImageObject","inLanguage":"es","@id":"https:\/\/www.avancehair.com\/es\/procedimientos\/recambio-capilar-femenino\/#primaryimage","url":"https:\/\/www.avancehair.com\/wp-content\/uploads\/2022\/04\/woman-hair-loss.jpg","contentUrl":"https:\/\/www.avancehair.com\/wp-content\/uploads\/2022\/04\/woman-hair-loss.jpg","width":1920,"height":595},{"@type":"BreadcrumbList","@id":"https:\/\/www.avancehair.com\/es\/procedimientos\/recambio-capilar-femenino\/#breadcrumb","itemListElement":[{"@type":"ListItem","position":1,"name":"Home","item":"https:\/\/www.avancehair.com\/es\/"},{"@type":"ListItem","position":2,"name":"Procedimientos","item":"https:\/\/www.avancehair.com\/es\/procedimientos\/"},{"@type":"ListItem","position":3,"name":"Recambio capilar femenino"}]},{"@type":"WebSite","@id":"https:\/\/www.avancehair.com\/es\/#website","url":"https:\/\/www.avancehair.com\/es\/","name":"Avance Hair Transplant","description":"","potentialAction":[{"@type":"SearchAction","target":{"@type":"EntryPoint","urlTemplate":"https:\/\/www.avancehair.com\/es\/?s={search_term_string}"},"query-input":{"@type":"PropertyValueSpecification","valueRequired":true,"valueName":"search_term_string"}}],"inLanguage":"es"}]}},"_links":{"self":[{"href":"https:\/\/www.avancehair.com\/es\/wp-json\/wp\/v2\/pages\/8853","targetHints":{"allow":["GET"]}}],"collection":[{"href":"https:\/\/www.avancehair.com\/es\/wp-json\/wp\/v2\/pages"}],"about":[{"href":"https:\/\/www.avancehair.com\/es\/wp-json\/wp\/v2\/types\/page"}],"author":[{"embeddable":true,"href":"https:\/\/www.avancehair.com\/es\/wp-json\/wp\/v2\/users\/1"}],"replies":[{"embeddable":true,"href":"https:\/\/www.avancehair.com\/es\/wp-json\/wp\/v2\/comments?post=8853"}],"version-history":[{"count":1,"href":"https:\/\/www.avancehair.com\/es\/wp-json\/wp\/v2\/pages\/8853\/revisions"}],"predecessor-version":[{"id":8945,"href":"https:\/\/www.avancehair.com\/es\/wp-json\/wp\/v2\/pages\/8853\/revisions\/8945"}],"up":[{"embeddable":true,"href":"https:\/\/www.avancehair.com\/es\/wp-json\/wp\/v2\/pages\/8847"}],"wp:featuredmedia":[{"embeddable":true,"href":"https:\/\/www.avancehair.com\/es\/wp-json\/wp\/v2\/media\/8762"}],"wp:attachment":[{"href":"https:\/\/www.avancehair.com\/es\/wp-json\/wp\/v2\/media?parent=8853"}],"curies":[{"name":"wp","href":"https:\/\/api.w.org\/{rel}","templated":true}]}}