{"id":8852,"date":"2022-04-06T10:23:19","date_gmt":"2022-04-06T10:23:19","guid":{"rendered":"https:\/\/www.avancehair.com\/hair-transplant-information\/coste-del-trasplante-capilar\/"},"modified":"2024-10-28T10:04:30","modified_gmt":"2024-10-28T10:04:30","slug":"coste-del-trasplante-capilar","status":"publish","type":"page","link":"https:\/\/www.avancehair.com\/es\/hair-transplant-information\/coste-del-trasplante-capilar\/","title":{"rendered":"Coste del trasplante capilar"},"content":{"rendered":"<h1>Coste del trasplante capilar<\/h1>\n<p><a title=\"Informaci\u00f3n sobre el trasplante capilar en Reno NV\" href=\"https:\/\/www.avancehair.com\/es\/procedimientos\/\"><em><strong>Cubrir el coste de la restauraci\u00f3n capilar<\/strong><\/em><\/a> puede ser un reto, ya que la mayor\u00eda de los procedimientos no est\u00e1n cubiertos por el seguro. El procedimiento puede resultar caro para muchas personas. Los costes pueden variar en funci\u00f3n de tus necesidades y objetivos est\u00e9ticos espec\u00edficos. El coste t\u00edpico del trasplante capilar puede ser de 4.000 $ o m\u00e1s, sobre todo si se combina con otros m\u00e9todos y t\u00e9cnicas de restauraci\u00f3n capilar. Al considerar el coste, tambi\u00e9n debes tener en cuenta que pueden ser necesarios varios tratamientos a lo largo del tiempo para lograr los resultados deseados. Aunque las complicaciones y revisiones de un trasplante son poco frecuentes, estos problemas pueden producirse. Tenlo en cuenta cuando hables de tu opci\u00f3n con un cirujano durante una consulta.   <\/p>\n<h2>Opciones de pago en Avance Hair Transplant<\/h2>\n<p>Avance Trasplante Capilar es un proveedor fuera de la red para procedimientos de trasplante y restauraci\u00f3n capilar con todas las compa\u00f1\u00edas de seguros. Se aceptan todas las formas de pago habituales, como efectivo, las principales tarjetas de cr\u00e9dito y cheques de caja. Existen opciones de financiaci\u00f3n que pueden ayudar a cubrir el coste del trasplante capilar para particulares. El personal de Avance Hair Transplant puede ayudarte con los tr\u00e1mites para iniciar tu intervenci\u00f3n. Los pagos deben iniciarse unas semanas antes de tu intervenci\u00f3n para evitar posibles retrasos en la programaci\u00f3n.    <\/p>\n<h3>Opciones de financiaci\u00f3n del coste del trasplante capilar<\/h3>\n<p>Avance Trasplante Capilar trabaja con m\u00faltiples prestamistas de financiaci\u00f3n m\u00e9dica de buena reputaci\u00f3n que suelen ofrecer aprobaci\u00f3n instant\u00e1nea para cubrir el coste del trasplante capilar. Los pacientes cualificados pueden optar a opciones de reembolso sin intereses. Puedes empezar tu tratamiento inmediatamente y pagarlo a lo largo del tiempo sin cuotas anuales. Tras tu consulta, puedes concertar una cita con un especialista en financiaci\u00f3n para que te ayude a decidir qu\u00e9 opci\u00f3n es la mejor para ti.   <\/p>\n<h4>Programa una consulta sobre el coste del trasplante capilar<\/h4>\n<p>Un trasplante capilar puede ser una de las inversiones econ\u00f3micas m\u00e1s gratificantes para hombres y mujeres. La mejor forma de determinar el coste de tu trasplante capilar es programar una consulta con el Dr. Erez Dayan en Avance Hair Transplant. Durante la consulta, el Dr. Dayan hablar\u00e1 de tus objetivos est\u00e9ticos y te explicar\u00e1 las ventajas y los riesgos de la intervenci\u00f3n. Puedes recibir un plan de tratamiento personalizado y econ\u00f3mico, vivas donde vivas. <a title=\"Contacta con Avance Hair Transplant en Reno NV\" href=\"https:\/\/www.avancehair.com\/es\/contact-us-dr-erez-dayan\/\"><em><strong>Programa una consulta<\/strong><\/em><\/a> para obtener ayuda con la financiaci\u00f3n de tu intervenci\u00f3n hoy mismo.<\/p>\n","protected":false},"excerpt":{"rendered":"<p>Coste del trasplante capilar Cubrir el coste de la restauraci\u00f3n capilar puede ser un reto, ya que la mayor\u00eda&hellip;<\/p>\n","protected":false},"author":1,"featured_media":0,"parent":8828,"menu_order":0,"comment_status":"closed","ping_status":"closed","template":"","meta":{"_acf_changed":false,"footnotes":""},"class_list":["post-8852","page","type-page","status-publish"],"acf":[],"yoast_head":"<!-- This site is optimized with the Yoast SEO plugin v27.4 - https:\/\/yoast.com\/product\/yoast-seo-wordpress\/ -->\n<title>Coste del trasplante capilar en Reno NV | Cirug\u00eda FUE\/FUT en Lake Tahoe<\/title>\n<meta name=\"description\" content=\"\u00bfNecesitas ayuda con el coste del trasplante capilar en Reno, Nevada? Ponte en contacto con Avance Hair Transplant para una consulta hoy mismo.\" \/>\n<meta name=\"robots\" content=\"index, follow, max-snippet:-1, max-image-preview:large, max-video-preview:-1\" \/>\n<link rel=\"canonical\" href=\"https:\/\/www.avancehair.com\/es\/hair-transplant-information\/coste-del-trasplante-capilar\/\" \/>\n<meta property=\"og:locale\" content=\"es_ES\" \/>\n<meta property=\"og:type\" content=\"article\" \/>\n<meta property=\"og:title\" content=\"Coste del trasplante capilar en Reno NV | Cirug\u00eda FUE\/FUT en Lake Tahoe\" \/>\n<meta property=\"og:description\" content=\"\u00bfNecesitas ayuda con el coste del trasplante capilar en Reno, Nevada? Ponte en contacto con Avance Hair Transplant para una consulta hoy mismo.\" \/>\n<meta property=\"og:url\" content=\"https:\/\/www.avancehair.com\/es\/hair-transplant-information\/coste-del-trasplante-capilar\/\" \/>\n<meta property=\"og:site_name\" content=\"Avance Hair Transplant\" \/>\n<meta property=\"article:modified_time\" content=\"2024-10-28T10:04:30+00:00\" \/>\n<meta name=\"twitter:card\" content=\"summary_large_image\" \/>\n<meta name=\"twitter:label1\" content=\"Tiempo de lectura\" \/>\n\t<meta name=\"twitter:data1\" content=\"2 minutos\" \/>\n<!-- \/ Yoast SEO plugin. -->","yoast_head_json":{"title":"Coste del trasplante capilar en Reno NV | Cirug\u00eda FUE\/FUT en Lake Tahoe","description":"\u00bfNecesitas ayuda con el coste del trasplante capilar en Reno, Nevada? Ponte en contacto con Avance Hair Transplant para una consulta hoy mismo.","robots":{"index":"index","follow":"follow","max-snippet":"max-snippet:-1","max-image-preview":"max-image-preview:large","max-video-preview":"max-video-preview:-1"},"canonical":"https:\/\/www.avancehair.com\/es\/hair-transplant-information\/coste-del-trasplante-capilar\/","og_locale":"es_ES","og_type":"article","og_title":"Coste del trasplante capilar en Reno NV | Cirug\u00eda FUE\/FUT en Lake Tahoe","og_description":"\u00bfNecesitas ayuda con el coste del trasplante capilar en Reno, Nevada? Ponte en contacto con Avance Hair Transplant para una consulta hoy mismo.","og_url":"https:\/\/www.avancehair.com\/es\/hair-transplant-information\/coste-del-trasplante-capilar\/","og_site_name":"Avance Hair Transplant","article_modified_time":"2024-10-28T10:04:30+00:00","twitter_card":"summary_large_image","twitter_misc":{"Tiempo de lectura":"2 minutos"},"schema":{"@context":"https:\/\/schema.org","@graph":[{"@type":"WebPage","@id":"https:\/\/www.avancehair.com\/es\/hair-transplant-information\/coste-del-trasplante-capilar\/","url":"https:\/\/www.avancehair.com\/es\/hair-transplant-information\/coste-del-trasplante-capilar\/","name":"Coste del trasplante capilar en Reno NV | Cirug\u00eda FUE\/FUT en Lake Tahoe","isPartOf":{"@id":"https:\/\/www.avancehair.com\/es\/#website"},"datePublished":"2022-04-06T10:23:19+00:00","dateModified":"2024-10-28T10:04:30+00:00","description":"\u00bfNecesitas ayuda con el coste del trasplante capilar en Reno, Nevada? Ponte en contacto con Avance Hair Transplant para una consulta hoy mismo.","breadcrumb":{"@id":"https:\/\/www.avancehair.com\/es\/hair-transplant-information\/coste-del-trasplante-capilar\/#breadcrumb"},"inLanguage":"es","potentialAction":[{"@type":"ReadAction","target":["https:\/\/www.avancehair.com\/es\/hair-transplant-information\/coste-del-trasplante-capilar\/"]}]},{"@type":"BreadcrumbList","@id":"https:\/\/www.avancehair.com\/es\/hair-transplant-information\/coste-del-trasplante-capilar\/#breadcrumb","itemListElement":[{"@type":"ListItem","position":1,"name":"Home","item":"https:\/\/www.avancehair.com\/es\/"},{"@type":"ListItem","position":2,"name":"Informaci\u00f3n sobre el trasplante capilar","item":"https:\/\/www.avancehair.com\/es\/hair-transplant-information\/"},{"@type":"ListItem","position":3,"name":"Coste del trasplante capilar"}]},{"@type":"WebSite","@id":"https:\/\/www.avancehair.com\/es\/#website","url":"https:\/\/www.avancehair.com\/es\/","name":"Avance Hair Transplant","description":"","potentialAction":[{"@type":"SearchAction","target":{"@type":"EntryPoint","urlTemplate":"https:\/\/www.avancehair.com\/es\/?s={search_term_string}"},"query-input":{"@type":"PropertyValueSpecification","valueRequired":true,"valueName":"search_term_string"}}],"inLanguage":"es"}]}},"_links":{"self":[{"href":"https:\/\/www.avancehair.com\/es\/wp-json\/wp\/v2\/pages\/8852","targetHints":{"allow":["GET"]}}],"collection":[{"href":"https:\/\/www.avancehair.com\/es\/wp-json\/wp\/v2\/pages"}],"about":[{"href":"https:\/\/www.avancehair.com\/es\/wp-json\/wp\/v2\/types\/page"}],"author":[{"embeddable":true,"href":"https:\/\/www.avancehair.com\/es\/wp-json\/wp\/v2\/users\/1"}],"replies":[{"embeddable":true,"href":"https:\/\/www.avancehair.com\/es\/wp-json\/wp\/v2\/comments?post=8852"}],"version-history":[{"count":1,"href":"https:\/\/www.avancehair.com\/es\/wp-json\/wp\/v2\/pages\/8852\/revisions"}],"predecessor-version":[{"id":8940,"href":"https:\/\/www.avancehair.com\/es\/wp-json\/wp\/v2\/pages\/8852\/revisions\/8940"}],"up":[{"embeddable":true,"href":"https:\/\/www.avancehair.com\/es\/wp-json\/wp\/v2\/pages\/8828"}],"wp:attachment":[{"href":"https:\/\/www.avancehair.com\/es\/wp-json\/wp\/v2\/media?parent=8852"}],"curies":[{"name":"wp","href":"https:\/\/api.w.org\/{rel}","templated":true}]}}