{"id":8850,"date":"2022-04-06T10:07:01","date_gmt":"2022-04-06T10:07:01","guid":{"rendered":"https:\/\/www.avancehair.com\/nuestras-instalaciones\/"},"modified":"2024-10-25T13:09:27","modified_gmt":"2024-10-25T13:09:27","slug":"nuestras-instalaciones","status":"publish","type":"page","link":"https:\/\/www.avancehair.com\/es\/acerca-de-avance-cirugia-plastica-y-trasplante-capilar\/nuestras-instalaciones\/","title":{"rendered":"Nuestras instalaciones"},"content":{"rendered":"<h1>Nuestra cl\u00ednica de trasplante capilar<\/h1>\n<p>Cuando te plantees la cirug\u00eda de trasplante capilar, es crucial encontrar un centro en el que puedas confiar, con tecnolog\u00eda de vanguardia y personal m\u00e9dico altamente experimentado para conseguir resultados \u00f3ptimos. <a title=\"Acerca del trasplante capilar Avance en Reno NV\" href=\"https:\/\/www.avancehair.com\/es\/acerca-de-avance-cirugia-plastica-y-trasplante-capilar\/\"><em><strong>Avance Trasplante Capilar<\/strong><\/em><\/a> es uno de los institutos m\u00e9dicos m\u00e1s avanzados del pa\u00eds en t\u00e9cnicas de restauraci\u00f3n capilar. El centro est\u00e1 abierto a pacientes de todo el mundo y se encuentra en Reno, Nevada. El personal m\u00e9dico altamente cualificado proporciona una atenci\u00f3n compasiva a los pacientes en su viaje para restaurar la ca\u00edda del cabello.   <\/p>\n<h2>El m\u00e1s alto nivel de atenci\u00f3n al paciente<\/h2>\n<p>Las instalaciones de Avance Hair Transplant ofrecen el m\u00e1s alto nivel de atenci\u00f3n al paciente, tal y como establecen las directrices de la Accreditation Association for Ambulatory Health Care, Inc. (AAAHC), reconocida a nivel nacional. Esta acreditaci\u00f3n garantiza a los pacientes que durante una intervenci\u00f3n quir\u00fargica se cumplen las mismas condiciones que en cualquier hospital. Las instalaciones cuentan con equipos y tecnolog\u00eda de vanguardia para ofrecer unos resultados que no podr\u00e1s obtener en ning\u00fan otro lugar. Puede haber opciones de financiaci\u00f3n disponibles para personas con dificultades econ\u00f3micas o que no tengan cobertura con un proveedor de seguros.   <\/p>\n<h3>Expertos en implantes capilares de Reno, NV<\/h3>\n<p>Los expertos en trasplante capilar ofrecen una amplia gama de tratamientos quir\u00fargicos y no quir\u00fargicos en el centro Avance Hair Transplant de Reno, Nevada. Durante un trasplante capilar, los m\u00e9dicos sustituyen meticulosamente los fol\u00edculos pilosos en el patr\u00f3n y la densidad que son naturalmente ideales para tu cabeza. Existen numerosas t\u00e9cnicas que el cirujano puede utilizar para hacer realidad esto. Tambi\u00e9n existen opciones m\u00e9dicas no quir\u00fargicas de crecimiento del cabello para las personas que no sean candidatas ideales para la cirug\u00eda. Durante una consulta, el cirujano puede recomendarte la mejor opci\u00f3n de tratamiento que se adapte a tus necesidades y objetivos est\u00e9ticos individuales.    <\/p>\n<h4>Visita hoy mismo las instalaciones de Avance Hair Transplant<\/h4>\n<p>Si sufres p\u00e9rdida de cabello, la restauraci\u00f3n capilar puede ser una soluci\u00f3n ideal que deber\u00edas tener muy en cuenta. Avance Hair Transplant ofrece consultas presenciales y virtuales a los pacientes interesados en la cirug\u00eda de trasplante capilar. Te invitamos a que vengas a visitar las instalaciones y descubras si eres un candidato ideal para esta intervenci\u00f3n. El Dr. Dayan estar\u00e1 encantado de responder a cualquier pregunta o duda que puedas tener sobre los beneficios y riesgos de esta cirug\u00eda. <a title=\"Contacta con Avance Hair Transplant en Reno NV\" href=\"https:\/\/www.avancehair.com\/es\/contact-us-dr-erez-dayan\/\"><em><strong>Solicita una consulta<\/strong><\/em><\/a> hoy mismo.   <\/p>\n","protected":false},"excerpt":{"rendered":"<p>Nuestra cl\u00ednica de trasplante capilar Cuando te plantees la cirug\u00eda de trasplante capilar, es crucial encontrar un centro en&hellip;<\/p>\n","protected":false},"author":1,"featured_media":0,"parent":8926,"menu_order":0,"comment_status":"closed","ping_status":"closed","template":"","meta":{"_acf_changed":false,"footnotes":""},"class_list":["post-8850","page","type-page","status-publish"],"acf":[],"yoast_head":"<!-- This site is optimized with the Yoast SEO plugin v24.5 - https:\/\/yoast.com\/wordpress\/plugins\/seo\/ -->\n<title>Avance Hair Transplant | Cl\u00ednica de Restauraci\u00f3n Capilar Reno NV | Lake Tahoe<\/title>\n<meta name=\"description\" content=\"Date una vuelta por las instalaciones de Avance Hair Transplant en Reno, Nevada, para descubrir los resultados del trasplante capilar que puedes conseguir para mejorar tu aspecto.\" \/>\n<meta name=\"robots\" content=\"index, follow, max-snippet:-1, max-image-preview:large, max-video-preview:-1\" \/>\n<link rel=\"canonical\" href=\"https:\/\/www.avancehair.com\/es\/acerca-de-avance-cirugia-plastica-y-trasplante-capilar\/nuestras-instalaciones\/\" \/>\n<meta property=\"og:locale\" content=\"es_ES\" \/>\n<meta property=\"og:type\" content=\"article\" \/>\n<meta property=\"og:title\" content=\"Avance Hair Transplant | Cl\u00ednica de Restauraci\u00f3n Capilar Reno NV | Lake Tahoe\" \/>\n<meta property=\"og:description\" content=\"Date una vuelta por las instalaciones de Avance Hair Transplant en Reno, Nevada, para descubrir los resultados del trasplante capilar que puedes conseguir para mejorar tu aspecto.\" \/>\n<meta property=\"og:url\" content=\"https:\/\/www.avancehair.com\/es\/acerca-de-avance-cirugia-plastica-y-trasplante-capilar\/nuestras-instalaciones\/\" \/>\n<meta property=\"og:site_name\" content=\"Avance Hair Transplant\" \/>\n<meta property=\"article:modified_time\" content=\"2024-10-25T13:09:27+00:00\" \/>\n<meta name=\"twitter:card\" content=\"summary_large_image\" \/>\n<meta name=\"twitter:label1\" content=\"Tiempo de lectura\" \/>\n\t<meta name=\"twitter:data1\" content=\"2 minutos\" \/>\n<!-- \/ Yoast SEO plugin. -->","yoast_head_json":{"title":"Avance Hair Transplant | Cl\u00ednica de Restauraci\u00f3n Capilar Reno NV | Lake Tahoe","description":"Date una vuelta por las instalaciones de Avance Hair Transplant en Reno, Nevada, para descubrir los resultados del trasplante capilar que puedes conseguir para mejorar tu aspecto.","robots":{"index":"index","follow":"follow","max-snippet":"max-snippet:-1","max-image-preview":"max-image-preview:large","max-video-preview":"max-video-preview:-1"},"canonical":"https:\/\/www.avancehair.com\/es\/acerca-de-avance-cirugia-plastica-y-trasplante-capilar\/nuestras-instalaciones\/","og_locale":"es_ES","og_type":"article","og_title":"Avance Hair Transplant | Cl\u00ednica de Restauraci\u00f3n Capilar Reno NV | Lake Tahoe","og_description":"Date una vuelta por las instalaciones de Avance Hair Transplant en Reno, Nevada, para descubrir los resultados del trasplante capilar que puedes conseguir para mejorar tu aspecto.","og_url":"https:\/\/www.avancehair.com\/es\/acerca-de-avance-cirugia-plastica-y-trasplante-capilar\/nuestras-instalaciones\/","og_site_name":"Avance Hair Transplant","article_modified_time":"2024-10-25T13:09:27+00:00","twitter_card":"summary_large_image","twitter_misc":{"Tiempo de lectura":"2 minutos"},"schema":{"@context":"https:\/\/schema.org","@graph":[{"@type":"WebPage","@id":"https:\/\/www.avancehair.com\/es\/acerca-de-avance-cirugia-plastica-y-trasplante-capilar\/nuestras-instalaciones\/","url":"https:\/\/www.avancehair.com\/es\/acerca-de-avance-cirugia-plastica-y-trasplante-capilar\/nuestras-instalaciones\/","name":"Avance Hair Transplant | Cl\u00ednica de Restauraci\u00f3n Capilar Reno NV | Lake Tahoe","isPartOf":{"@id":"https:\/\/www.avancehair.com\/es\/#website"},"datePublished":"2022-04-06T10:07:01+00:00","dateModified":"2024-10-25T13:09:27+00:00","description":"Date una vuelta por las instalaciones de Avance Hair Transplant en Reno, Nevada, para descubrir los resultados del trasplante capilar que puedes conseguir para mejorar tu aspecto.","breadcrumb":{"@id":"https:\/\/www.avancehair.com\/es\/acerca-de-avance-cirugia-plastica-y-trasplante-capilar\/nuestras-instalaciones\/#breadcrumb"},"inLanguage":"es","potentialAction":[{"@type":"ReadAction","target":["https:\/\/www.avancehair.com\/es\/acerca-de-avance-cirugia-plastica-y-trasplante-capilar\/nuestras-instalaciones\/"]}]},{"@type":"BreadcrumbList","@id":"https:\/\/www.avancehair.com\/es\/acerca-de-avance-cirugia-plastica-y-trasplante-capilar\/nuestras-instalaciones\/#breadcrumb","itemListElement":[{"@type":"ListItem","position":1,"name":"Home","item":"https:\/\/www.avancehair.com\/es\/"},{"@type":"ListItem","position":2,"name":"Acerca de Avance Cirug\u00eda Pl\u00e1stica y Trasplante Capilar","item":"https:\/\/www.avancehair.com\/es\/acerca-de-avance-cirugia-plastica-y-trasplante-capilar\/"},{"@type":"ListItem","position":3,"name":"Nuestras instalaciones"}]},{"@type":"WebSite","@id":"https:\/\/www.avancehair.com\/es\/#website","url":"https:\/\/www.avancehair.com\/es\/","name":"Avance Hair Transplant","description":"","potentialAction":[{"@type":"SearchAction","target":{"@type":"EntryPoint","urlTemplate":"https:\/\/www.avancehair.com\/es\/?s={search_term_string}"},"query-input":{"@type":"PropertyValueSpecification","valueRequired":true,"valueName":"search_term_string"}}],"inLanguage":"es"}]}},"_links":{"self":[{"href":"https:\/\/www.avancehair.com\/es\/wp-json\/wp\/v2\/pages\/8850","targetHints":{"allow":["GET"]}}],"collection":[{"href":"https:\/\/www.avancehair.com\/es\/wp-json\/wp\/v2\/pages"}],"about":[{"href":"https:\/\/www.avancehair.com\/es\/wp-json\/wp\/v2\/types\/page"}],"author":[{"embeddable":true,"href":"https:\/\/www.avancehair.com\/es\/wp-json\/wp\/v2\/users\/1"}],"replies":[{"embeddable":true,"href":"https:\/\/www.avancehair.com\/es\/wp-json\/wp\/v2\/comments?post=8850"}],"version-history":[{"count":2,"href":"https:\/\/www.avancehair.com\/es\/wp-json\/wp\/v2\/pages\/8850\/revisions"}],"predecessor-version":[{"id":8934,"href":"https:\/\/www.avancehair.com\/es\/wp-json\/wp\/v2\/pages\/8850\/revisions\/8934"}],"up":[{"embeddable":true,"href":"https:\/\/www.avancehair.com\/es\/wp-json\/wp\/v2\/pages\/8926"}],"wp:attachment":[{"href":"https:\/\/www.avancehair.com\/es\/wp-json\/wp\/v2\/media?parent=8850"}],"curies":[{"name":"wp","href":"https:\/\/api.w.org\/{rel}","templated":true}]}}