{"id":8849,"date":"2022-04-06T10:37:38","date_gmt":"2022-04-06T10:37:38","guid":{"rendered":"https:\/\/www.avancehair.com\/procedimientos\/trasplante-de-barba\/"},"modified":"2024-10-28T10:33:15","modified_gmt":"2024-10-28T10:33:15","slug":"trasplante-de-barba","status":"publish","type":"page","link":"https:\/\/www.avancehair.com\/es\/procedimientos\/trasplante-de-barba\/","title":{"rendered":"Trasplante de barba"},"content":{"rendered":"<h1>Trasplante de barba<\/h1>\n<p>\u00bfTienes problemas con las zonas irregulares de la barba o pareces incapaz de que te crezca vello facial? Una barba poblada y espesa suele considerarse un signo de masculinidad y puede afectar a tu confianza en ti mismo. Un trasplante de barba puede ayudarte a conseguir tus objetivos est\u00e9ticos y a cubrir zonas con cicatrices o quemaduras. Los especialistas de Avance Hair Transplant te ayudar\u00e1n a conseguir la barba de tus sue\u00f1os para que puedas <a title=\"Cirug\u00eda de trasplante capilar en Reno NV\" href=\"https:\/\/www.avancehair.com\/es\/procedimientos\/\"><em><strong>sentirte m\u00e1s seguro de tu aspecto<\/strong><\/em><\/a>.   <\/p>\n<h2>Cirug\u00eda de crecimiento del vello facial<\/h2>\n<p>El trasplante de barba es una cirug\u00eda ambulatoria de crecimiento del vello facial que puede realizarse con anestesia local en aproximadamente dos a seis horas, con m\u00ednimas molestias. Se trasplantan fol\u00edculos pilosos de una zona donante de la cabeza a la zona de la barba. El Dr. Erez Dayan est\u00e1 especializado en t\u00e9cnicas que te proporcionar\u00e1n resultados permanentes y de aspecto natural, con cicatrices y tiempo de recuperaci\u00f3n m\u00ednimos.  <\/p>\n<div class=\"row\">\n<div class=\"col-md-6\"><div class=\"embed-responsive embed-responsive-16by9 flc-yt\"> <iframe title=\"Trasplante, Restauraci\u00f3n Capilar sin Cicatrices Reno | Dr. Erez Dayan | Cirug\u00eda Pl\u00e1stica Avance\" class=\"embed-responsive-item\" src=\"https:\/\/www.youtube.com\/embed\/Htp_YaL7gwA?rel=0\" allowfullscreen><\/iframe><\/div><\/div>\n<div class=\"col-md-6\"><div class=\"embed-responsive embed-responsive-16by9 flc-yt\"> <iframe title=\"Trasplante y Restauraci\u00f3n Capilar FUE Reno | Dr. Erez Dayan | Cirug\u00eda Pl\u00e1stica Avance\" class=\"embed-responsive-item\" src=\"https:\/\/www.youtube.com\/embed\/uKqOAcBvMFs?rel=0\" allowfullscreen><\/iframe><\/div><\/div>\n<div class=\"col-md-6\"><div class=\"embed-responsive embed-responsive-16by9 flc-yt\"> <iframe title=\"Transplante Capilar Reno | Restauraci\u00f3n Capilar Tahoe | Dr. Erez Dayan | Cirug\u00eda Pl\u00e1stica Avance\" class=\"embed-responsive-item\" src=\"https:\/\/www.youtube.com\/embed\/H0gqBP3sH1U?rel=0\" allowfullscreen><\/iframe><\/div><\/div>\n<div class=\"col-md-6\"><div class=\"embed-responsive embed-responsive-16by9 flc-yt\"> <iframe title=\"Preguntas frecuentes sobre el trasplante capilar en Reno\/Tahoe | Dr. Erez Dayan | Cirug\u00eda Pl\u00e1stica Avance\" class=\"embed-responsive-item\" src=\"https:\/\/www.youtube.com\/embed\/ovh8oPefr4Q?rel=0\" allowfullscreen><\/iframe><\/div><\/div>\n<\/div>\n<p>Puedes esperar un ligero enrojecimiento o hinchaz\u00f3n durante los primeros d\u00edas tras la intervenci\u00f3n. Recibir\u00e1s instrucciones especiales del cirujano sobre los cuidados posteriores a la intervenci\u00f3n para ayudar a minimizar los efectos secundarios y maximizar el \u00e9xito de los resultados. Los resultados completos pueden apreciarse al cabo de unos meses. Es posible que necesites tratamientos quir\u00fargicos adicionales o soluciones m\u00e9dicas no quir\u00fargicas para conseguir los resultados deseados.   <\/p>\n<h3>Beneficios del trasplante de barba<\/h3>\n<p>Un trasplante de barba puede ofrecer varias ventajas a los hombres. Una barba completa puede ayudar a proteger tu piel de los da\u00f1inos rayos ultravioleta del sol. Tambi\u00e9n puede reducir las imperfecciones del afeitado, ocultar el acn\u00e9, conservar la humedad natural de la piel y atrapar al\u00e9rgenos y contaminantes. La cirug\u00eda te ayudar\u00e1 a sentirte m\u00e1s atractivo y puede repercutir positivamente en todos los \u00e1mbitos de tu vida personal y profesional.   <\/p>\n<h4>\u00bfEst\u00e1s preparado para un trasplante de barba?<\/h4>\n<p>Un trasplante de barba puede ser una soluci\u00f3n permanente ideal para los hombres que tienen dificultades para que les crezca vello facial o que sufren calvicie. Avance Hair Transplant ofrece consultas presenciales y virtuales a los hombres que deseen someterse a una restauraci\u00f3n del vello facial. El Dr. Erez Dayan puede explicarte las ventajas y los riesgos y responder a cualquier pregunta que puedas tener. Durante tu cita, el Dr. Dayan determinar\u00e1 si eres un candidato ideal y te recomendar\u00e1 un plan de tratamiento personalizado seg\u00fan tus necesidades. <a title=\"Contacta con Avance Hair Transplant en Reno NV\" href=\"https:\/\/www.avancehair.com\/es\/contact-us-dr-erez-dayan\/\"><em><strong>Programa una consulta de trasplante de barba<\/strong><\/em><\/a> hoy mismo.   <\/p>\n<p style=\"text-align: center;\"><a href=\"https:\/\/www.avancehair.com\/wp-content\/uploads\/2022\/08\/After-Hair-Transplantation-Instructions-FUE-2.pdf\" class=\"btn btn-primary\" target=\"_blank\" rel=\"noopener\">INSTRUCCIONES DESPU\u00c9S DEL TRASPLANTE CAPILAR<\/a><\/p>\n","protected":false},"excerpt":{"rendered":"<p>Trasplante de barba \u00bfTienes problemas con las zonas irregulares de la barba o pareces incapaz de que te crezca&hellip;<\/p>\n","protected":false},"author":1,"featured_media":0,"parent":8847,"menu_order":0,"comment_status":"closed","ping_status":"closed","template":"","meta":{"_acf_changed":false,"footnotes":""},"class_list":["post-8849","page","type-page","status-publish"],"acf":[],"yoast_head":"<!-- This site is optimized with the Yoast SEO plugin v24.5 - https:\/\/yoast.com\/wordpress\/plugins\/seo\/ -->\n<title>Trasplante de Barba Reno NV | Cirug\u00eda de Crecimiento del Vello Facial Lake Tahoe<\/title>\n<meta name=\"description\" content=\"Un trasplante de barba puede ofrecer resultados naturales y permanentes para el crecimiento del vello facial. Ponte en contacto con Avance Hair Transplant para una consulta.\" \/>\n<meta name=\"robots\" content=\"index, follow, max-snippet:-1, max-image-preview:large, max-video-preview:-1\" \/>\n<link rel=\"canonical\" href=\"https:\/\/www.avancehair.com\/es\/procedimientos\/trasplante-de-barba\/\" \/>\n<meta property=\"og:locale\" content=\"es_ES\" \/>\n<meta property=\"og:type\" content=\"article\" \/>\n<meta property=\"og:title\" content=\"Trasplante de Barba Reno NV | Cirug\u00eda de Crecimiento del Vello Facial Lake Tahoe\" \/>\n<meta property=\"og:description\" content=\"Un trasplante de barba puede ofrecer resultados naturales y permanentes para el crecimiento del vello facial. Ponte en contacto con Avance Hair Transplant para una consulta.\" \/>\n<meta property=\"og:url\" content=\"https:\/\/www.avancehair.com\/es\/procedimientos\/trasplante-de-barba\/\" \/>\n<meta property=\"og:site_name\" content=\"Avance Hair Transplant\" \/>\n<meta property=\"article:modified_time\" content=\"2024-10-28T10:33:15+00:00\" \/>\n<meta name=\"twitter:card\" content=\"summary_large_image\" \/>\n<meta name=\"twitter:label1\" content=\"Tiempo de lectura\" \/>\n\t<meta name=\"twitter:data1\" content=\"3 minutos\" \/>\n<!-- \/ Yoast SEO plugin. -->","yoast_head_json":{"title":"Trasplante de Barba Reno NV | Cirug\u00eda de Crecimiento del Vello Facial Lake Tahoe","description":"Un trasplante de barba puede ofrecer resultados naturales y permanentes para el crecimiento del vello facial. Ponte en contacto con Avance Hair Transplant para una consulta.","robots":{"index":"index","follow":"follow","max-snippet":"max-snippet:-1","max-image-preview":"max-image-preview:large","max-video-preview":"max-video-preview:-1"},"canonical":"https:\/\/www.avancehair.com\/es\/procedimientos\/trasplante-de-barba\/","og_locale":"es_ES","og_type":"article","og_title":"Trasplante de Barba Reno NV | Cirug\u00eda de Crecimiento del Vello Facial Lake Tahoe","og_description":"Un trasplante de barba puede ofrecer resultados naturales y permanentes para el crecimiento del vello facial. Ponte en contacto con Avance Hair Transplant para una consulta.","og_url":"https:\/\/www.avancehair.com\/es\/procedimientos\/trasplante-de-barba\/","og_site_name":"Avance Hair Transplant","article_modified_time":"2024-10-28T10:33:15+00:00","twitter_card":"summary_large_image","twitter_misc":{"Tiempo de lectura":"3 minutos"},"schema":{"@context":"https:\/\/schema.org","@graph":[{"@type":"WebPage","@id":"https:\/\/www.avancehair.com\/es\/procedimientos\/trasplante-de-barba\/","url":"https:\/\/www.avancehair.com\/es\/procedimientos\/trasplante-de-barba\/","name":"Trasplante de Barba Reno NV | Cirug\u00eda de Crecimiento del Vello Facial Lake Tahoe","isPartOf":{"@id":"https:\/\/www.avancehair.com\/es\/#website"},"datePublished":"2022-04-06T10:37:38+00:00","dateModified":"2024-10-28T10:33:15+00:00","description":"Un trasplante de barba puede ofrecer resultados naturales y permanentes para el crecimiento del vello facial. Ponte en contacto con Avance Hair Transplant para una consulta.","breadcrumb":{"@id":"https:\/\/www.avancehair.com\/es\/procedimientos\/trasplante-de-barba\/#breadcrumb"},"inLanguage":"es","potentialAction":[{"@type":"ReadAction","target":["https:\/\/www.avancehair.com\/es\/procedimientos\/trasplante-de-barba\/"]}]},{"@type":"BreadcrumbList","@id":"https:\/\/www.avancehair.com\/es\/procedimientos\/trasplante-de-barba\/#breadcrumb","itemListElement":[{"@type":"ListItem","position":1,"name":"Home","item":"https:\/\/www.avancehair.com\/es\/"},{"@type":"ListItem","position":2,"name":"Procedimientos","item":"https:\/\/www.avancehair.com\/es\/procedimientos\/"},{"@type":"ListItem","position":3,"name":"Trasplante de barba"}]},{"@type":"WebSite","@id":"https:\/\/www.avancehair.com\/es\/#website","url":"https:\/\/www.avancehair.com\/es\/","name":"Avance Hair Transplant","description":"","potentialAction":[{"@type":"SearchAction","target":{"@type":"EntryPoint","urlTemplate":"https:\/\/www.avancehair.com\/es\/?s={search_term_string}"},"query-input":{"@type":"PropertyValueSpecification","valueRequired":true,"valueName":"search_term_string"}}],"inLanguage":"es"}]}},"_links":{"self":[{"href":"https:\/\/www.avancehair.com\/es\/wp-json\/wp\/v2\/pages\/8849","targetHints":{"allow":["GET"]}}],"collection":[{"href":"https:\/\/www.avancehair.com\/es\/wp-json\/wp\/v2\/pages"}],"about":[{"href":"https:\/\/www.avancehair.com\/es\/wp-json\/wp\/v2\/types\/page"}],"author":[{"embeddable":true,"href":"https:\/\/www.avancehair.com\/es\/wp-json\/wp\/v2\/users\/1"}],"replies":[{"embeddable":true,"href":"https:\/\/www.avancehair.com\/es\/wp-json\/wp\/v2\/comments?post=8849"}],"version-history":[{"count":1,"href":"https:\/\/www.avancehair.com\/es\/wp-json\/wp\/v2\/pages\/8849\/revisions"}],"predecessor-version":[{"id":8948,"href":"https:\/\/www.avancehair.com\/es\/wp-json\/wp\/v2\/pages\/8849\/revisions\/8948"}],"up":[{"embeddable":true,"href":"https:\/\/www.avancehair.com\/es\/wp-json\/wp\/v2\/pages\/8847"}],"wp:attachment":[{"href":"https:\/\/www.avancehair.com\/es\/wp-json\/wp\/v2\/media?parent=8849"}],"curies":[{"name":"wp","href":"https:\/\/api.w.org\/{rel}","templated":true}]}}