{"id":8848,"date":"2019-03-26T22:46:46","date_gmt":"2019-03-26T22:46:46","guid":{"rendered":"https:\/\/www.avancehair.com\/politica-de-accesibilidad\/"},"modified":"2019-03-26T22:46:46","modified_gmt":"2019-03-26T22:46:46","slug":"politica-de-accesibilidad","status":"publish","type":"page","link":"https:\/\/www.avancehair.com\/es\/politica-de-accesibilidad\/","title":{"rendered":"Pol\u00edtica de accesibilidad"},"content":{"rendered":"<h1>Pol\u00edtica de accesibilidad<\/h1>\n<p>Avance Hair Transplant  se compromete a garantizar que nuestro sitio web sea accesible para las personas con discapacidad. Intentamos asegurarnos de que nuestro sitio web cumple los criterios de \u00e9xito de nivel AA de las Pautas de Accesibilidad al Contenido en la Web 2.1 (WCAG 2.1) de las Iniciativas de Accesibilidad a la Web (WAI) del Consorcio World Wide Web (W3C). Estas pautas son el punto de referencia reconocido internacionalmente para construir sitios web accesibles. El sitio web Avance Hair Transplant se ha desarrollado utilizando c\u00f3digo conforme a las normas del W3C para que se visualice adecuadamente en los navegadores de uso com\u00fan y sea compatible con los lectores de pantalla m\u00e1s utilizados. Las p\u00e1ginas de nuestro sitio web son revisadas peri\u00f3dicamente por nuestro personal formado y autom\u00e1ticamente con la ayuda de axe: el software del Motor de Accesibilidad, para evaluar si cumplen las pautas de accesibilidad. Se trata de un proceso continuo para mejorar la accesibilidad del contenido de nuestro sitio web y se est\u00e1n resolviendo los problemas que puedan surgir.   <\/p>\n<h2>Contacta con nosotros<\/h2>\n<p>Si tienes alguna dificultad para acceder al contenido de este sitio o tienes problemas de accesibilidad, ponte en contacto utilizando  <a href=\"https:\/\/www.avancehair.com\/es\/contact-us-dr-erez-dayan\/\" class=\"contact_anchor \">este formulario<\/a>  o si prefieres no utilizar el formulario, puedes enviarnos un correo electr\u00f3nico a  <a href=\"mailto:info@avanceinstitute.com\" class=\"email_anchor\" aria-label=\"env\u00edanos un correo info@avanceinstitute.com\">info@avanceinstitute.com<\/a>.<\/p>\n<h2>Caracter\u00edsticas de accesibilidad de este sitio web<\/h2>\n<h3>Conmutador de estilos<\/h3>\n<p>Si te parece que el texto es demasiado dif\u00edcil de leer debido a su color, utiliza el bot\u00f3n de cambio de estilo disponible en la parte superior izquierda de cada p\u00e1gina. Cambiar\u00e1 los textos de nuestro sitio web y su fondo para que pueda ser le\u00eddo por personas con visi\u00f3n moderadamente baja. <\/p>\n<h3>Tama\u00f1o del texto<\/h3>\n<p>Si consideras que el texto de este sitio es demasiado peque\u00f1o, puedes cambiarlo f\u00e1cilmente con una funci\u00f3n de zoom incorporada disponible en todos los navegadores modernos. Para ello, selecciona la opci\u00f3n adecuada en el men\u00fa del navegador o utiliza la siguiente combinaci\u00f3n de teclas <\/p>\n<ul>\n<li>Ampl\u00eda la imagen: Ctrl +<\/li>\n<li>Alejar: Ctrl &#8211;<\/li>\n<\/ul>\n<h3>Controles de movimiento<\/h3>\n<p>Todos los elementos que se mueven, parpadean, se desplazan y se actualizan autom\u00e1ticamente en nuestro sitio web tienen una opci\u00f3n para detenerlos justo al lado.<\/p>\n<h3>Control de volumen<\/h3>\n<p>Cada archivo de v\u00eddeo y audio de nuestro sitio web tiene su propio control de volumen, disponible en la parte inferior derecha del reproductor multimedia.<\/p>\n","protected":false},"excerpt":{"rendered":"<p>Pol\u00edtica de accesibilidad se compromete a garantizar que nuestro sitio web sea accesible para las personas con discapacidad. Intentamos&hellip;<\/p>\n","protected":false},"author":1,"featured_media":0,"parent":0,"menu_order":0,"comment_status":"closed","ping_status":"closed","template":"","meta":{"_acf_changed":false,"footnotes":""},"class_list":["post-8848","page","type-page","status-publish"],"acf":[],"yoast_head":"<!-- This site is optimized with the Yoast SEO plugin v27.4 - https:\/\/yoast.com\/product\/yoast-seo-wordpress\/ -->\n<title>Pol\u00edtica de accesibilidad - Instituto de Cirug\u00eda Pl\u00e1stica Avance<\/title>\n<meta name=\"robots\" content=\"index, follow, max-snippet:-1, max-image-preview:large, max-video-preview:-1\" \/>\n<link rel=\"canonical\" href=\"https:\/\/www.avancehair.com\/es\/politica-de-accesibilidad\/\" \/>\n<meta property=\"og:locale\" content=\"es_ES\" \/>\n<meta property=\"og:type\" content=\"article\" \/>\n<meta property=\"og:title\" content=\"Pol\u00edtica de accesibilidad - Instituto de Cirug\u00eda Pl\u00e1stica Avance\" \/>\n<meta property=\"og:description\" content=\"Pol\u00edtica de accesibilidad se compromete a garantizar que nuestro sitio web sea accesible para las personas con discapacidad. Intentamos&hellip;\" \/>\n<meta property=\"og:url\" content=\"https:\/\/www.avancehair.com\/es\/politica-de-accesibilidad\/\" \/>\n<meta property=\"og:site_name\" content=\"Avance Hair Transplant\" \/>\n<meta name=\"twitter:card\" content=\"summary_large_image\" \/>\n<meta name=\"twitter:label1\" content=\"Tiempo de lectura\" \/>\n\t<meta name=\"twitter:data1\" content=\"2 minutos\" \/>\n<!-- \/ Yoast SEO plugin. -->","yoast_head_json":{"title":"Pol\u00edtica de accesibilidad - Instituto de Cirug\u00eda Pl\u00e1stica Avance","robots":{"index":"index","follow":"follow","max-snippet":"max-snippet:-1","max-image-preview":"max-image-preview:large","max-video-preview":"max-video-preview:-1"},"canonical":"https:\/\/www.avancehair.com\/es\/politica-de-accesibilidad\/","og_locale":"es_ES","og_type":"article","og_title":"Pol\u00edtica de accesibilidad - Instituto de Cirug\u00eda Pl\u00e1stica Avance","og_description":"Pol\u00edtica de accesibilidad se compromete a garantizar que nuestro sitio web sea accesible para las personas con discapacidad. Intentamos&hellip;","og_url":"https:\/\/www.avancehair.com\/es\/politica-de-accesibilidad\/","og_site_name":"Avance Hair Transplant","twitter_card":"summary_large_image","twitter_misc":{"Tiempo de lectura":"2 minutos"},"schema":{"@context":"https:\/\/schema.org","@graph":[{"@type":"WebPage","@id":"https:\/\/www.avancehair.com\/es\/politica-de-accesibilidad\/","url":"https:\/\/www.avancehair.com\/es\/politica-de-accesibilidad\/","name":"Pol\u00edtica de accesibilidad - Instituto de Cirug\u00eda Pl\u00e1stica Avance","isPartOf":{"@id":"https:\/\/www.avancehair.com\/es\/#website"},"datePublished":"2019-03-26T22:46:46+00:00","breadcrumb":{"@id":"https:\/\/www.avancehair.com\/es\/politica-de-accesibilidad\/#breadcrumb"},"inLanguage":"es","potentialAction":[{"@type":"ReadAction","target":["https:\/\/www.avancehair.com\/es\/politica-de-accesibilidad\/"]}]},{"@type":"BreadcrumbList","@id":"https:\/\/www.avancehair.com\/es\/politica-de-accesibilidad\/#breadcrumb","itemListElement":[{"@type":"ListItem","position":1,"name":"Home","item":"https:\/\/www.avancehair.com\/es\/"},{"@type":"ListItem","position":2,"name":"Pol\u00edtica de accesibilidad"}]},{"@type":"WebSite","@id":"https:\/\/www.avancehair.com\/es\/#website","url":"https:\/\/www.avancehair.com\/es\/","name":"Avance Hair Transplant","description":"","potentialAction":[{"@type":"SearchAction","target":{"@type":"EntryPoint","urlTemplate":"https:\/\/www.avancehair.com\/es\/?s={search_term_string}"},"query-input":{"@type":"PropertyValueSpecification","valueRequired":true,"valueName":"search_term_string"}}],"inLanguage":"es"}]}},"_links":{"self":[{"href":"https:\/\/www.avancehair.com\/es\/wp-json\/wp\/v2\/pages\/8848","targetHints":{"allow":["GET"]}}],"collection":[{"href":"https:\/\/www.avancehair.com\/es\/wp-json\/wp\/v2\/pages"}],"about":[{"href":"https:\/\/www.avancehair.com\/es\/wp-json\/wp\/v2\/types\/page"}],"author":[{"embeddable":true,"href":"https:\/\/www.avancehair.com\/es\/wp-json\/wp\/v2\/users\/1"}],"replies":[{"embeddable":true,"href":"https:\/\/www.avancehair.com\/es\/wp-json\/wp\/v2\/comments?post=8848"}],"version-history":[{"count":0,"href":"https:\/\/www.avancehair.com\/es\/wp-json\/wp\/v2\/pages\/8848\/revisions"}],"wp:attachment":[{"href":"https:\/\/www.avancehair.com\/es\/wp-json\/wp\/v2\/media?parent=8848"}],"curies":[{"name":"wp","href":"https:\/\/api.w.org\/{rel}","templated":true}]}}