{"id":8847,"date":"2022-04-06T10:35:47","date_gmt":"2022-04-06T10:35:47","guid":{"rendered":"https:\/\/www.avancehair.com\/procedimientos\/"},"modified":"2024-10-28T10:10:47","modified_gmt":"2024-10-28T10:10:47","slug":"procedimientos","status":"publish","type":"page","link":"https:\/\/www.avancehair.com\/es\/procedimientos\/","title":{"rendered":"Procedimientos"},"content":{"rendered":"<h1>Cirug\u00eda de trasplante capilar<\/h1>\n<p>La cirug\u00eda de trasplante capilar es una soluci\u00f3n de tratamiento popular y eficaz para hombres y mujeres que luchan contra la ca\u00edda del cabello. El procedimiento ofrece resultados permanentes con m\u00ednimas molestias y tiempo de inactividad. Se pueden utilizar diversas t\u00e9cnicas para minimizar cualquier cicatriz perceptible. Para tomar una decisi\u00f3n con conocimiento de causa, te recomendamos que investigues sobre las opciones disponibles para ayudarte en tu viaje hacia la restauraci\u00f3n capilar.   <\/p>\n<h2>Opciones de sustituci\u00f3n del vello facial<\/h2>\n<p><a title=\"Trasplante capilar Reno NV\" href=\"https:\/\/www.avancehair.com\/es\/\"><em><strong>Trasplante capilar Avance<\/strong><\/em><\/a> ofrece una amplia gama de opciones de sustituci\u00f3n del vello facial para hombres y mujeres en Reno, Nevada. Cada procedimiento tiene sus propios beneficios y riesgos. Las opciones de cirug\u00eda de trasplante capilar en el centro incluyen:  <\/p>\n<nav class=\"flc-submenu\" aria-label=\"sub menu\"><ul><li class=\"page_item page-item-8855\"><a href=\"https:\/\/www.avancehair.com\/es\/procedimientos\/extraccion-de-unidades-foliculares-fue\/\">Extracci\u00f3n de Unidades Foliculares (FUE)<\/a><\/li>\n<li class=\"page_item page-item-8853\"><a href=\"https:\/\/www.avancehair.com\/es\/procedimientos\/recambio-capilar-femenino\/\">Recambio capilar femenino<\/a><\/li>\n<li class=\"page_item page-item-8858\"><a href=\"https:\/\/www.avancehair.com\/es\/procedimientos\/reduccion-de-la-frente\/\">Reducci\u00f3n de la frente<\/a><\/li>\n<li class=\"page_item page-item-8856\"><a href=\"https:\/\/www.avancehair.com\/es\/procedimientos\/transferencia-de-unidades-foliculares-fut\/\">Transferencia de Unidades Foliculares (FUT)<\/a><\/li>\n<li class=\"page_item page-item-8849\"><a href=\"https:\/\/www.avancehair.com\/es\/procedimientos\/trasplante-de-barba\/\">Trasplante de barba<\/a><\/li>\n<li class=\"page_item page-item-8851\"><a href=\"https:\/\/www.avancehair.com\/es\/procedimientos\/trasplante-de-cejas\/\">Trasplante de cejas<\/a><\/li>\n<\/ul><\/nav>\n<h3>\u00bfEres un candidato ideal para la cirug\u00eda de trasplante capilar?<\/h3>\n<p>Para descubrir si eres un candidato ideal para la cirug\u00eda de trasplante capilar, tendr\u00e1s que acudir a una consulta con un cirujano titulado. Durante la cita, el cirujano revisar\u00e1 tu historial m\u00e9dico y examinar\u00e1 tu cuero cabelludo. El Dr. Dayan estar\u00e1 encantado de responder a cualquier pregunta o duda que puedas tener y de explicarte las ventajas y los riesgos. La mayor\u00eda de hombres y mujeres pueden ser candidatos a esta cirug\u00eda m\u00ednimamente invasiva. Ciertas afecciones m\u00e9dicas y la falta de cabello donante pueden impedir que seas un candidato ideal.    <\/p>\n<h4>Qu\u00e9 hay que tener en cuenta antes de la cirug\u00eda de trasplante capilar<\/h4>\n<p>Las personas que se plantean someterse a un trasplante capilar deben tener expectativas realistas sobre los resultados que pueden conseguir. El trasplante no evita la ca\u00edda del cabello por calvicie de patr\u00f3n masculino. Pueden pasar aproximadamente nueve meses despu\u00e9s de la intervenci\u00f3n para ver los resultados completos. Puede que necesites combinar la intervenci\u00f3n con otras soluciones m\u00e9dicas no quir\u00fargicas para alcanzar tus necesidades y objetivos est\u00e9ticos.   <\/p>\n<h5>Procedimientos profesionales de trasplante capilar en Nevada<\/h5>\n<p>\u00bfTe sientes acomplejado por tu aspecto debido a la escasez de cabello o a la calvicie? Un trasplante capilar es una soluci\u00f3n de tratamiento permanente muy eficaz para superar la ca\u00edda del cabello y recuperar la confianza en ti mismo. Existen consultas presenciales y virtuales para las personas que deseen obtener m\u00e1s informaci\u00f3n sobre los procedimientos de trasplante capilar disponibles en Avance Cirug\u00eda Pl\u00e1stica. Los pacientes reciben planes de tratamiento personalizados para satisfacer sus necesidades y objetivos est\u00e9ticos espec\u00edficos. <a title=\"Contacta con Avance Hair Transplant en Reno NV\" href=\"https:\/\/www.avancehair.com\/es\/contact-us-dr-erez-dayan\/\"><em><strong>Programa una consulta<\/strong><\/em><\/a> hoy mismo.   <\/p>\n","protected":false},"excerpt":{"rendered":"<p>Cirug\u00eda de trasplante capilar La cirug\u00eda de trasplante capilar es una soluci\u00f3n de tratamiento popular y eficaz para hombres&hellip;<\/p>\n","protected":false},"author":1,"featured_media":0,"parent":0,"menu_order":30,"comment_status":"closed","ping_status":"closed","template":"","meta":{"_acf_changed":false,"footnotes":""},"class_list":["post-8847","page","type-page","status-publish"],"acf":[],"yoast_head":"<!-- This site is optimized with the Yoast SEO plugin v27.4 - https:\/\/yoast.com\/product\/yoast-seo-wordpress\/ -->\n<title>Reno NV Cirug\u00eda de Trasplante de Cabello | Reemplazo de Vello Facial Lake Tahoe<\/title>\n<meta name=\"description\" content=\"Los procedimientos de cirug\u00eda de trasplante capilar de Avance Hair Transplant en Nevada pueden ayudarte a recuperar la confianza en ti mismo. Solicita una consulta hoy mismo.\" \/>\n<meta name=\"robots\" content=\"index, follow, max-snippet:-1, max-image-preview:large, max-video-preview:-1\" \/>\n<link rel=\"canonical\" href=\"https:\/\/www.avancehair.com\/es\/procedimientos\/\" \/>\n<meta property=\"og:locale\" content=\"es_ES\" \/>\n<meta property=\"og:type\" content=\"article\" \/>\n<meta property=\"og:title\" content=\"Reno NV Cirug\u00eda de Trasplante de Cabello | Reemplazo de Vello Facial Lake Tahoe\" \/>\n<meta property=\"og:description\" content=\"Los procedimientos de cirug\u00eda de trasplante capilar de Avance Hair Transplant en Nevada pueden ayudarte a recuperar la confianza en ti mismo. Solicita una consulta hoy mismo.\" \/>\n<meta property=\"og:url\" content=\"https:\/\/www.avancehair.com\/es\/procedimientos\/\" \/>\n<meta property=\"og:site_name\" content=\"Avance Hair Transplant\" \/>\n<meta property=\"article:modified_time\" content=\"2024-10-28T10:10:47+00:00\" \/>\n<meta name=\"twitter:card\" content=\"summary_large_image\" \/>\n<meta name=\"twitter:label1\" content=\"Tiempo de lectura\" \/>\n\t<meta name=\"twitter:data1\" content=\"2 minutos\" \/>\n<!-- \/ Yoast SEO plugin. -->","yoast_head_json":{"title":"Reno NV Cirug\u00eda de Trasplante de Cabello | Reemplazo de Vello Facial Lake Tahoe","description":"Los procedimientos de cirug\u00eda de trasplante capilar de Avance Hair Transplant en Nevada pueden ayudarte a recuperar la confianza en ti mismo. Solicita una consulta hoy mismo.","robots":{"index":"index","follow":"follow","max-snippet":"max-snippet:-1","max-image-preview":"max-image-preview:large","max-video-preview":"max-video-preview:-1"},"canonical":"https:\/\/www.avancehair.com\/es\/procedimientos\/","og_locale":"es_ES","og_type":"article","og_title":"Reno NV Cirug\u00eda de Trasplante de Cabello | Reemplazo de Vello Facial Lake Tahoe","og_description":"Los procedimientos de cirug\u00eda de trasplante capilar de Avance Hair Transplant en Nevada pueden ayudarte a recuperar la confianza en ti mismo. Solicita una consulta hoy mismo.","og_url":"https:\/\/www.avancehair.com\/es\/procedimientos\/","og_site_name":"Avance Hair Transplant","article_modified_time":"2024-10-28T10:10:47+00:00","twitter_card":"summary_large_image","twitter_misc":{"Tiempo de lectura":"2 minutos"},"schema":{"@context":"https:\/\/schema.org","@graph":[{"@type":"WebPage","@id":"https:\/\/www.avancehair.com\/es\/procedimientos\/","url":"https:\/\/www.avancehair.com\/es\/procedimientos\/","name":"Reno NV Cirug\u00eda de Trasplante de Cabello | Reemplazo de Vello Facial Lake Tahoe","isPartOf":{"@id":"https:\/\/www.avancehair.com\/es\/#website"},"datePublished":"2022-04-06T10:35:47+00:00","dateModified":"2024-10-28T10:10:47+00:00","description":"Los procedimientos de cirug\u00eda de trasplante capilar de Avance Hair Transplant en Nevada pueden ayudarte a recuperar la confianza en ti mismo. Solicita una consulta hoy mismo.","breadcrumb":{"@id":"https:\/\/www.avancehair.com\/es\/procedimientos\/#breadcrumb"},"inLanguage":"es","potentialAction":[{"@type":"ReadAction","target":["https:\/\/www.avancehair.com\/es\/procedimientos\/"]}]},{"@type":"BreadcrumbList","@id":"https:\/\/www.avancehair.com\/es\/procedimientos\/#breadcrumb","itemListElement":[{"@type":"ListItem","position":1,"name":"Home","item":"https:\/\/www.avancehair.com\/es\/"},{"@type":"ListItem","position":2,"name":"Procedimientos"}]},{"@type":"WebSite","@id":"https:\/\/www.avancehair.com\/es\/#website","url":"https:\/\/www.avancehair.com\/es\/","name":"Avance Hair Transplant","description":"","potentialAction":[{"@type":"SearchAction","target":{"@type":"EntryPoint","urlTemplate":"https:\/\/www.avancehair.com\/es\/?s={search_term_string}"},"query-input":{"@type":"PropertyValueSpecification","valueRequired":true,"valueName":"search_term_string"}}],"inLanguage":"es"}]}},"_links":{"self":[{"href":"https:\/\/www.avancehair.com\/es\/wp-json\/wp\/v2\/pages\/8847","targetHints":{"allow":["GET"]}}],"collection":[{"href":"https:\/\/www.avancehair.com\/es\/wp-json\/wp\/v2\/pages"}],"about":[{"href":"https:\/\/www.avancehair.com\/es\/wp-json\/wp\/v2\/types\/page"}],"author":[{"embeddable":true,"href":"https:\/\/www.avancehair.com\/es\/wp-json\/wp\/v2\/users\/1"}],"replies":[{"embeddable":true,"href":"https:\/\/www.avancehair.com\/es\/wp-json\/wp\/v2\/comments?post=8847"}],"version-history":[{"count":2,"href":"https:\/\/www.avancehair.com\/es\/wp-json\/wp\/v2\/pages\/8847\/revisions"}],"predecessor-version":[{"id":8975,"href":"https:\/\/www.avancehair.com\/es\/wp-json\/wp\/v2\/pages\/8847\/revisions\/8975"}],"wp:attachment":[{"href":"https:\/\/www.avancehair.com\/es\/wp-json\/wp\/v2\/media?parent=8847"}],"curies":[{"name":"wp","href":"https:\/\/api.w.org\/{rel}","templated":true}]}}