{"id":8844,"date":"2022-04-06T11:10:26","date_gmt":"2022-04-06T11:10:26","guid":{"rendered":"https:\/\/www.avancehair.com\/tratamientos-no-quirurgicos-para-la-caida-del-cabello\/terapia-hormonal\/"},"modified":"2024-10-28T10:43:26","modified_gmt":"2024-10-28T10:43:26","slug":"terapia-hormonal","status":"publish","type":"page","link":"https:\/\/www.avancehair.com\/es\/tratamientos-no-quirurgicos-para-la-caida-del-cabello\/terapia-hormonal\/","title":{"rendered":"Terapia hormonal"},"content":{"rendered":"<h1>Terapia hormonal para la ca\u00edda del cabello<\/h1>\n<p>Un desequilibrio hormonal al envejecer puede tener un impacto significativo en tu cabello. La terapia hormonal para la ca\u00edda del cabello puede ser eficaz tanto para hombres como para mujeres, a fin de aumentar la confianza en s\u00ed mismos y conseguir una cabellera sana. Avance Hair Transplant se especializa en las <a title=\"Tratamiento no quir\u00fargico de la ca\u00edda del cabello en Reno NV\" href=\"https:\/\/www.avancehair.com\/es\/tratamientos-no-quirurgicos-para-la-caida-del-cabello\/\"><em><strong>soluciones no quir\u00fargicas m\u00e1s avanzadas para el crecimiento del cabello<\/strong><\/em><\/a> para ayudarte a verte y sentirte lo mejor posible.  <\/p>\n<h2>Tratamiento Reversor de la Calvicie en Lake Tahoe<\/h2>\n<p>La terapia hormonal para la ca\u00edda del cabello puede ser eficaz como tratamiento para revertir la calvicie en hombres y mujeres de Lake Tahoe y Reno, Nevada. Tanto el estr\u00f3geno como la testosterona desempe\u00f1an un papel importante en el crecimiento y la ca\u00edda del cabello. Los descensos en los niveles pueden hacer que tu pelo permanezca en la fase de reposo. Esto conduce a un debilitamiento y rotura que aumentan con el tiempo. Al restablecer los niveles hormonales, puedes hacer que el pelo vuelva a la fase de crecimiento para tener un cabello m\u00e1s grueso y sano. Es necesario un diagn\u00f3stico adecuado por parte de un profesional m\u00e9dico experimentado para determinar si las hormonas son la causa de tu ca\u00edda del cabello. El debilitamiento y la calvicie pueden deberse a multitud de factores, como la gen\u00e9tica, los medicamentos y los problemas de salud. Si las hormonas no son la causa de tu ca\u00edda del cabello, esta terapia no ser\u00e1 eficaz para ti.    <\/p>\n<h3>Candidatos ideales para la terapia hormonal contra la ca\u00edda del cabello<\/h3>\n<p>Aunque la terapia hormonal puede ser una soluci\u00f3n eficaz para la ca\u00edda del cabello, puede haber riesgos y complicaciones para determinadas personas. Si tienes un riesgo elevado de padecer determinadas afecciones m\u00e9dicas, como co\u00e1gulos sangu\u00edneos, enfermedades cardiacas o c\u00e1ncer, quiz\u00e1 debas considerar opciones alternativas. Es muy recomendable acudir a una consulta con un cirujano pl\u00e1stico titulado. Durante la cita, el cirujano puede revisar tu historial m\u00e9dico para determinar si este m\u00e9todo de restauraci\u00f3n capilar es adecuado para ti.   <\/p>\n<h4>\u00bfEs la terapia hormonal adecuada para ti?<\/h4>\n<p>La terapia hormonal puede ser una de las opciones de tratamiento m\u00e1s eficaces tanto para hombres como para mujeres. Avance Hair Transplant adapta los tratamientos de restauraci\u00f3n capilar para satisfacer tus necesidades y objetivos est\u00e9ticos \u00fanicos. Durante una consulta presencial o virtual, el Dr. Erez Dayan puede evaluar tu situaci\u00f3n y explicarte las ventajas y los riesgos. <a title=\"Contacta con Avance Hair Transplant en Reno NV\" href=\"https:\/\/www.avancehair.com\/es\/contact-us-dr-erez-dayan\/\"><em><strong>Programa una consulta<\/strong><\/em><\/a> para determinar si este m\u00e9todo de restauraci\u00f3n capilar es adecuado para ti hoy mismo.  <\/p>\n","protected":false},"excerpt":{"rendered":"<p>Terapia hormonal para la ca\u00edda del cabello Un desequilibrio hormonal al envejecer puede tener un impacto significativo en tu&hellip;<\/p>\n","protected":false},"author":1,"featured_media":0,"parent":8842,"menu_order":0,"comment_status":"closed","ping_status":"closed","template":"","meta":{"_acf_changed":false,"footnotes":""},"class_list":["post-8844","page","type-page","status-publish"],"acf":[],"yoast_head":"<!-- This site is optimized with the Yoast SEO plugin v27.4 - https:\/\/yoast.com\/product\/yoast-seo-wordpress\/ -->\n<title>Terapia hormonal para la ca\u00edda del cabello en Reno NV | Tratamiento para revertir la calvicie en Lake Tahoe<\/title>\n<meta name=\"description\" content=\"La terapia hormonal puede ser una de las opciones de tratamiento m\u00e1s eficaces tanto para hombres como para mujeres en Reno, Nevada.\" \/>\n<meta name=\"robots\" content=\"index, follow, max-snippet:-1, max-image-preview:large, max-video-preview:-1\" \/>\n<link rel=\"canonical\" href=\"https:\/\/www.avancehair.com\/es\/tratamientos-no-quirurgicos-para-la-caida-del-cabello\/terapia-hormonal\/\" \/>\n<meta property=\"og:locale\" content=\"es_ES\" \/>\n<meta property=\"og:type\" content=\"article\" \/>\n<meta property=\"og:title\" content=\"Terapia hormonal para la ca\u00edda del cabello en Reno NV | Tratamiento para revertir la calvicie en Lake Tahoe\" \/>\n<meta property=\"og:description\" content=\"La terapia hormonal puede ser una de las opciones de tratamiento m\u00e1s eficaces tanto para hombres como para mujeres en Reno, Nevada.\" \/>\n<meta property=\"og:url\" content=\"https:\/\/www.avancehair.com\/es\/tratamientos-no-quirurgicos-para-la-caida-del-cabello\/terapia-hormonal\/\" \/>\n<meta property=\"og:site_name\" content=\"Avance Hair Transplant\" \/>\n<meta property=\"article:modified_time\" content=\"2024-10-28T10:43:26+00:00\" \/>\n<meta name=\"twitter:card\" content=\"summary_large_image\" \/>\n<meta name=\"twitter:label1\" content=\"Tiempo de lectura\" \/>\n\t<meta name=\"twitter:data1\" content=\"2 minutos\" \/>\n<!-- \/ Yoast SEO plugin. -->","yoast_head_json":{"title":"Terapia hormonal para la ca\u00edda del cabello en Reno NV | Tratamiento para revertir la calvicie en Lake Tahoe","description":"La terapia hormonal puede ser una de las opciones de tratamiento m\u00e1s eficaces tanto para hombres como para mujeres en Reno, Nevada.","robots":{"index":"index","follow":"follow","max-snippet":"max-snippet:-1","max-image-preview":"max-image-preview:large","max-video-preview":"max-video-preview:-1"},"canonical":"https:\/\/www.avancehair.com\/es\/tratamientos-no-quirurgicos-para-la-caida-del-cabello\/terapia-hormonal\/","og_locale":"es_ES","og_type":"article","og_title":"Terapia hormonal para la ca\u00edda del cabello en Reno NV | Tratamiento para revertir la calvicie en Lake Tahoe","og_description":"La terapia hormonal puede ser una de las opciones de tratamiento m\u00e1s eficaces tanto para hombres como para mujeres en Reno, Nevada.","og_url":"https:\/\/www.avancehair.com\/es\/tratamientos-no-quirurgicos-para-la-caida-del-cabello\/terapia-hormonal\/","og_site_name":"Avance Hair Transplant","article_modified_time":"2024-10-28T10:43:26+00:00","twitter_card":"summary_large_image","twitter_misc":{"Tiempo de lectura":"2 minutos"},"schema":{"@context":"https:\/\/schema.org","@graph":[{"@type":"WebPage","@id":"https:\/\/www.avancehair.com\/es\/tratamientos-no-quirurgicos-para-la-caida-del-cabello\/terapia-hormonal\/","url":"https:\/\/www.avancehair.com\/es\/tratamientos-no-quirurgicos-para-la-caida-del-cabello\/terapia-hormonal\/","name":"Terapia hormonal para la ca\u00edda del cabello en Reno NV | Tratamiento para revertir la calvicie en Lake Tahoe","isPartOf":{"@id":"https:\/\/www.avancehair.com\/es\/#website"},"datePublished":"2022-04-06T11:10:26+00:00","dateModified":"2024-10-28T10:43:26+00:00","description":"La terapia hormonal puede ser una de las opciones de tratamiento m\u00e1s eficaces tanto para hombres como para mujeres en Reno, Nevada.","breadcrumb":{"@id":"https:\/\/www.avancehair.com\/es\/tratamientos-no-quirurgicos-para-la-caida-del-cabello\/terapia-hormonal\/#breadcrumb"},"inLanguage":"es","potentialAction":[{"@type":"ReadAction","target":["https:\/\/www.avancehair.com\/es\/tratamientos-no-quirurgicos-para-la-caida-del-cabello\/terapia-hormonal\/"]}]},{"@type":"BreadcrumbList","@id":"https:\/\/www.avancehair.com\/es\/tratamientos-no-quirurgicos-para-la-caida-del-cabello\/terapia-hormonal\/#breadcrumb","itemListElement":[{"@type":"ListItem","position":1,"name":"Home","item":"https:\/\/www.avancehair.com\/es\/"},{"@type":"ListItem","position":2,"name":"Tratamientos no quir\u00fargicos para la ca\u00edda del cabello","item":"https:\/\/www.avancehair.com\/es\/tratamientos-no-quirurgicos-para-la-caida-del-cabello\/"},{"@type":"ListItem","position":3,"name":"Terapia hormonal"}]},{"@type":"WebSite","@id":"https:\/\/www.avancehair.com\/es\/#website","url":"https:\/\/www.avancehair.com\/es\/","name":"Avance Hair Transplant","description":"","potentialAction":[{"@type":"SearchAction","target":{"@type":"EntryPoint","urlTemplate":"https:\/\/www.avancehair.com\/es\/?s={search_term_string}"},"query-input":{"@type":"PropertyValueSpecification","valueRequired":true,"valueName":"search_term_string"}}],"inLanguage":"es"}]}},"_links":{"self":[{"href":"https:\/\/www.avancehair.com\/es\/wp-json\/wp\/v2\/pages\/8844","targetHints":{"allow":["GET"]}}],"collection":[{"href":"https:\/\/www.avancehair.com\/es\/wp-json\/wp\/v2\/pages"}],"about":[{"href":"https:\/\/www.avancehair.com\/es\/wp-json\/wp\/v2\/types\/page"}],"author":[{"embeddable":true,"href":"https:\/\/www.avancehair.com\/es\/wp-json\/wp\/v2\/users\/1"}],"replies":[{"embeddable":true,"href":"https:\/\/www.avancehair.com\/es\/wp-json\/wp\/v2\/comments?post=8844"}],"version-history":[{"count":1,"href":"https:\/\/www.avancehair.com\/es\/wp-json\/wp\/v2\/pages\/8844\/revisions"}],"predecessor-version":[{"id":8958,"href":"https:\/\/www.avancehair.com\/es\/wp-json\/wp\/v2\/pages\/8844\/revisions\/8958"}],"up":[{"embeddable":true,"href":"https:\/\/www.avancehair.com\/es\/wp-json\/wp\/v2\/pages\/8842"}],"wp:attachment":[{"href":"https:\/\/www.avancehair.com\/es\/wp-json\/wp\/v2\/media?parent=8844"}],"curies":[{"name":"wp","href":"https:\/\/api.w.org\/{rel}","templated":true}]}}