{"id":8842,"date":"2022-04-06T10:50:17","date_gmt":"2022-04-06T10:50:17","guid":{"rendered":"https:\/\/www.avancehair.com\/tratamientos-no-quirurgicos-para-la-caida-del-cabello\/"},"modified":"2024-10-28T10:36:09","modified_gmt":"2024-10-28T10:36:09","slug":"tratamientos-no-quirurgicos-para-la-caida-del-cabello","status":"publish","type":"page","link":"https:\/\/www.avancehair.com\/es\/tratamientos-no-quirurgicos-para-la-caida-del-cabello\/","title":{"rendered":"Tratamientos no quir\u00fargicos para la ca\u00edda del cabello"},"content":{"rendered":"<h1>Tratamientos no quir\u00fargicos para la ca\u00edda del cabello<\/h1>\n<p>Si sufres p\u00e9rdida de cabello, puede que est\u00e9s considerando la posibilidad de someterte a procedimientos cosm\u00e9ticos de restauraci\u00f3n capilar, pero te preocupan los riesgos de la cirug\u00eda. <a title=\"Trasplante capilar Reno NV\" href=\"https:\/\/www.avancehair.com\/es\/\"><em><strong>Avance Trasplante Capilar<\/strong><\/em><\/a> de Reno ofrece tratamientos no quir\u00fargicos para la ca\u00edda del cabello tanto a hombres como a mujeres de Nevada. Estos tratamientos pueden proporcionar resultados permanentes eficaces para restaurar el grosor de tu cabello y aumentar la confianza en tu aspecto.  <\/p>\n<h2>Soluciones no quir\u00fargicas para la ca\u00edda del cabello en Reno<\/h2>\n<p>Avance Hair Transplant se especializa en soluciones quir\u00fargicas y no quir\u00fargicas para la ca\u00edda del cabello. El Dr. Erez Dayan es un cirujano pl\u00e1stico y reconstructivo acreditado, especializado en las \u00faltimas t\u00e9cnicas y m\u00e9todos para conseguir una cabellera sana. Los tratamientos pueden depender del motivo y la gravedad de tu ca\u00edda del cabello. El Dr. Dayan puede reunirse contigo durante una consulta para hablar de tus objetivos est\u00e9ticos y recomendarte un plan de tratamiento personalizado. Avance Cirug\u00eda Pl\u00e1stica y Trasplante Capilar ofrece los siguientes tratamientos no quir\u00fargicos para la ca\u00edda del cabello:    <\/p>\n<nav class=\"flc-submenu\" aria-label=\"sub menu\"><ul><li class=\"page_item page-item-8843\"><a href=\"https:\/\/www.avancehair.com\/es\/tratamientos-no-quirurgicos-para-la-caida-del-cabello\/inyecciones-de-celulas-madre-de-medula-osea-para-la-caida-del-cabello\/\">Inyecciones de c\u00e9lulas madre de m\u00e9dula \u00f3sea para la ca\u00edda del cabello<\/a><\/li>\n<li class=\"page_item page-item-8861\"><a href=\"https:\/\/www.avancehair.com\/es\/tratamientos-no-quirurgicos-para-la-caida-del-cabello\/inyecciones-de-microgotas-de-celulas-madre-de-grasa\/\">Inyecciones de microgotas de c\u00e9lulas madre de grasa<\/a><\/li>\n<li class=\"page_item page-item-8864\"><a href=\"https:\/\/www.avancehair.com\/es\/tratamientos-no-quirurgicos-para-la-caida-del-cabello\/inyecciones-de-prp\/\">Inyecciones de PRP<\/a><\/li>\n<li class=\"page_item page-item-8860\"><a href=\"https:\/\/www.avancehair.com\/es\/tratamientos-no-quirurgicos-para-la-caida-del-cabello\/soluciones-medicas-para-el-crecimiento-del-cabello\/\">Soluciones m\u00e9dicas para el crecimiento del cabello<\/a><\/li>\n<li class=\"page_item page-item-8859\"><a href=\"https:\/\/www.avancehair.com\/es\/tratamientos-no-quirurgicos-para-la-caida-del-cabello\/suplemento-nutrafol\/\">Suplemento Nutrafol<\/a><\/li>\n<li class=\"page_item page-item-8857\"><a href=\"https:\/\/www.avancehair.com\/es\/tratamientos-no-quirurgicos-para-la-caida-del-cabello\/terapia-con-laser-de-baja-intensidad\/\">Terapia con l\u00e1ser de baja intensidad<\/a><\/li>\n<li class=\"page_item page-item-8844\"><a href=\"https:\/\/www.avancehair.com\/es\/tratamientos-no-quirurgicos-para-la-caida-del-cabello\/terapia-hormonal\/\">Terapia hormonal<\/a><\/li>\n<li class=\"page_item page-item-8863\"><a href=\"https:\/\/www.avancehair.com\/es\/tratamientos-no-quirurgicos-para-la-caida-del-cabello\/tratamientos-anticaida-con-microneedling\/\">Tratamientos antica\u00edda con microneedling<\/a><\/li>\n<\/ul><\/nav>\n<p>Estos tratamientos pueden combinarse con otros procedimientos de restauraci\u00f3n capilar para obtener los resultados deseados. Pueden ser necesarias varias sesiones a lo largo de varios meses. Despu\u00e9s del tratamiento, puedes reanudar tus actividades normales. Es posible que tengas que seguir ciertas instrucciones, como no exponerte al sol, para obtener resultados \u00f3ptimos. Estos procedimientos de bajo riesgo son asequibles para la mayor\u00eda de los pacientes y producen m\u00ednimas molestias.    <\/p>\n<h3>Causas comunes de la ca\u00edda del cabello<\/h3>\n<p>La ca\u00edda del cabello puede producirse por multitud de razones. Entre las causas m\u00e1s comunes se encuentran el estr\u00e9s, las hormonas, los medicamentos y ciertos problemas de salud. Para determinar el mejor tratamiento, un cirujano puede realizar diversas pruebas para llegar a la causa fundamental.  <\/p>\n<h4>Mejor restauraci\u00f3n capilar en Lake Tahoe<\/h4>\n<p>El tratamiento no quir\u00fargico de la ca\u00edda del cabello puede ayudarte a tomar medidas proactivas para reducir el riesgo de someterte a una intervenci\u00f3n quir\u00fargica y sufrir efectos secundarios y complicaciones. Avance Hair Transplant proporciona los mejores m\u00e9todos de restauraci\u00f3n capilar en Reno, Nevada. Disponemos de consultas virtuales y en persona para hablar de tus necesidades y objetivos est\u00e9ticos. <a title=\"Contacta con Avance Hair Transplant en Reno NV\" href=\"https:\/\/www.avancehair.com\/es\/contact-us-dr-erez-dayan\/\"><em><strong>Programa una consulta<\/strong><\/em><\/a> para descubrir si eres un candidato ideal para los tratamientos no quir\u00fargicos contra la ca\u00edda del cabello hoy mismo.  <\/p>\n","protected":false},"excerpt":{"rendered":"<p>Tratamientos no quir\u00fargicos para la ca\u00edda del cabello Si sufres p\u00e9rdida de cabello, puede que est\u00e9s considerando la posibilidad&hellip;<\/p>\n","protected":false},"author":1,"featured_media":0,"parent":0,"menu_order":40,"comment_status":"closed","ping_status":"closed","template":"","meta":{"_acf_changed":false,"footnotes":""},"class_list":["post-8842","page","type-page","status-publish"],"acf":[],"yoast_head":"<!-- This site is optimized with the Yoast SEO plugin v24.5 - https:\/\/yoast.com\/wordpress\/plugins\/seo\/ -->\n<title>Reno NV Tratamiento No Quir\u00fargico Para La Ca\u00edda Del Cabello | Mejor Restauraci\u00f3n Capilar Lake Tahoe<\/title>\n<meta name=\"description\" content=\"El tratamiento no quir\u00fargico de la ca\u00edda del cabello en Reno puede ayudarte a recuperarlo si te preocupan las complicaciones quir\u00fargicas.\" \/>\n<meta name=\"robots\" content=\"index, follow, max-snippet:-1, max-image-preview:large, max-video-preview:-1\" \/>\n<link rel=\"canonical\" href=\"https:\/\/www.avancehair.com\/es\/tratamientos-no-quirurgicos-para-la-caida-del-cabello\/\" \/>\n<meta property=\"og:locale\" content=\"es_ES\" \/>\n<meta property=\"og:type\" content=\"article\" \/>\n<meta property=\"og:title\" content=\"Reno NV Tratamiento No Quir\u00fargico Para La Ca\u00edda Del Cabello | Mejor Restauraci\u00f3n Capilar Lake Tahoe\" \/>\n<meta property=\"og:description\" content=\"El tratamiento no quir\u00fargico de la ca\u00edda del cabello en Reno puede ayudarte a recuperarlo si te preocupan las complicaciones quir\u00fargicas.\" \/>\n<meta property=\"og:url\" content=\"https:\/\/www.avancehair.com\/es\/tratamientos-no-quirurgicos-para-la-caida-del-cabello\/\" \/>\n<meta property=\"og:site_name\" content=\"Avance Hair Transplant\" \/>\n<meta property=\"article:modified_time\" content=\"2024-10-28T10:36:09+00:00\" \/>\n<meta name=\"twitter:card\" content=\"summary_large_image\" \/>\n<meta name=\"twitter:label1\" content=\"Tiempo de lectura\" \/>\n\t<meta name=\"twitter:data1\" content=\"2 minutos\" \/>\n<!-- \/ Yoast SEO plugin. -->","yoast_head_json":{"title":"Reno NV Tratamiento No Quir\u00fargico Para La Ca\u00edda Del Cabello | Mejor Restauraci\u00f3n Capilar Lake Tahoe","description":"El tratamiento no quir\u00fargico de la ca\u00edda del cabello en Reno puede ayudarte a recuperarlo si te preocupan las complicaciones quir\u00fargicas.","robots":{"index":"index","follow":"follow","max-snippet":"max-snippet:-1","max-image-preview":"max-image-preview:large","max-video-preview":"max-video-preview:-1"},"canonical":"https:\/\/www.avancehair.com\/es\/tratamientos-no-quirurgicos-para-la-caida-del-cabello\/","og_locale":"es_ES","og_type":"article","og_title":"Reno NV Tratamiento No Quir\u00fargico Para La Ca\u00edda Del Cabello | Mejor Restauraci\u00f3n Capilar Lake Tahoe","og_description":"El tratamiento no quir\u00fargico de la ca\u00edda del cabello en Reno puede ayudarte a recuperarlo si te preocupan las complicaciones quir\u00fargicas.","og_url":"https:\/\/www.avancehair.com\/es\/tratamientos-no-quirurgicos-para-la-caida-del-cabello\/","og_site_name":"Avance Hair Transplant","article_modified_time":"2024-10-28T10:36:09+00:00","twitter_card":"summary_large_image","twitter_misc":{"Tiempo de lectura":"2 minutos"},"schema":{"@context":"https:\/\/schema.org","@graph":[{"@type":"WebPage","@id":"https:\/\/www.avancehair.com\/es\/tratamientos-no-quirurgicos-para-la-caida-del-cabello\/","url":"https:\/\/www.avancehair.com\/es\/tratamientos-no-quirurgicos-para-la-caida-del-cabello\/","name":"Reno NV Tratamiento No Quir\u00fargico Para La Ca\u00edda Del Cabello | Mejor Restauraci\u00f3n Capilar Lake Tahoe","isPartOf":{"@id":"https:\/\/www.avancehair.com\/es\/#website"},"datePublished":"2022-04-06T10:50:17+00:00","dateModified":"2024-10-28T10:36:09+00:00","description":"El tratamiento no quir\u00fargico de la ca\u00edda del cabello en Reno puede ayudarte a recuperarlo si te preocupan las complicaciones quir\u00fargicas.","breadcrumb":{"@id":"https:\/\/www.avancehair.com\/es\/tratamientos-no-quirurgicos-para-la-caida-del-cabello\/#breadcrumb"},"inLanguage":"es","potentialAction":[{"@type":"ReadAction","target":["https:\/\/www.avancehair.com\/es\/tratamientos-no-quirurgicos-para-la-caida-del-cabello\/"]}]},{"@type":"BreadcrumbList","@id":"https:\/\/www.avancehair.com\/es\/tratamientos-no-quirurgicos-para-la-caida-del-cabello\/#breadcrumb","itemListElement":[{"@type":"ListItem","position":1,"name":"Home","item":"https:\/\/www.avancehair.com\/es\/"},{"@type":"ListItem","position":2,"name":"Tratamientos no quir\u00fargicos para la ca\u00edda del cabello"}]},{"@type":"WebSite","@id":"https:\/\/www.avancehair.com\/es\/#website","url":"https:\/\/www.avancehair.com\/es\/","name":"Avance Hair Transplant","description":"","potentialAction":[{"@type":"SearchAction","target":{"@type":"EntryPoint","urlTemplate":"https:\/\/www.avancehair.com\/es\/?s={search_term_string}"},"query-input":{"@type":"PropertyValueSpecification","valueRequired":true,"valueName":"search_term_string"}}],"inLanguage":"es"}]}},"_links":{"self":[{"href":"https:\/\/www.avancehair.com\/es\/wp-json\/wp\/v2\/pages\/8842","targetHints":{"allow":["GET"]}}],"collection":[{"href":"https:\/\/www.avancehair.com\/es\/wp-json\/wp\/v2\/pages"}],"about":[{"href":"https:\/\/www.avancehair.com\/es\/wp-json\/wp\/v2\/types\/page"}],"author":[{"embeddable":true,"href":"https:\/\/www.avancehair.com\/es\/wp-json\/wp\/v2\/users\/1"}],"replies":[{"embeddable":true,"href":"https:\/\/www.avancehair.com\/es\/wp-json\/wp\/v2\/comments?post=8842"}],"version-history":[{"count":1,"href":"https:\/\/www.avancehair.com\/es\/wp-json\/wp\/v2\/pages\/8842\/revisions"}],"predecessor-version":[{"id":8950,"href":"https:\/\/www.avancehair.com\/es\/wp-json\/wp\/v2\/pages\/8842\/revisions\/8950"}],"wp:attachment":[{"href":"https:\/\/www.avancehair.com\/es\/wp-json\/wp\/v2\/media?parent=8842"}],"curies":[{"name":"wp","href":"https:\/\/api.w.org\/{rel}","templated":true}]}}