{"id":8834,"date":"2022-04-06T11:14:02","date_gmt":"2022-04-06T11:14:02","guid":{"rendered":"https:\/\/www.avancehair.com\/truckee\/"},"modified":"2024-10-28T09:59:30","modified_gmt":"2024-10-28T09:59:30","slug":"truckee","status":"publish","type":"page","link":"https:\/\/www.avancehair.com\/es\/acerca-de-avance-cirugia-plastica-y-trasplante-capilar\/truckee\/","title":{"rendered":"Truckee"},"content":{"rendered":"<h1>Trasplante capilar Truckee<\/h1>\n<p> El debilitamiento del cabello o las calvas pueden destruir la confianza que tienes en tu aspecto. Los procedimientos cosm\u00e9ticos de restauraci\u00f3n capilar pueden ofrecer una soluci\u00f3n segura y eficaz. Si est\u00e1s pensando en un trasplante capilar <a title=\"Trasplante capilar cerca de Truckee NV\" href=\"https:\/\/www.avancehair.com\/es\/\"><em><strong>trasplante capilar Avance<\/strong><\/em><\/a> puede ayudarte. Los especialistas en trasplantes capilares han ayudado a numerosos pacientes a conseguir una cabellera sana en Reno, Lake Tahoe y Truckee, Nevada.    <\/p>\n<h2>Restauraci\u00f3n del vello de la barba\/cejas<\/h2>\n<p> Las opciones pueden ser limitadas cuando se trata de la restauraci\u00f3n capilar en Truckee, Nevada. Avance Hair Transplant ofrece multitud de opciones para hombres y mujeres de todo el mundo. Las opciones populares de trasplante capilar disponibles para hombres y mujeres de Truckee son la restauraci\u00f3n capilar de la barba o las cejas. Estos procedimientos m\u00ednimamente invasivos pueden producir resultados significativos en s\u00f3lo unos meses con un tiempo de inactividad m\u00ednimo. Hay opciones de tratamiento disponibles para estadios de p\u00e9rdida de cabello de principiantes a avanzados, que son eficaces para todos los tipos de cabello y etnias. Los resultados que puedes conseguir var\u00edan seg\u00fan las personas y los <a title=\"Cirug\u00eda de trasplante capilar cerca de Truckee NV\" href=\"https:\/\/www.avancehair.com\/es\/procedimientos\/\"><em><strong>procedimientos de restauraci\u00f3n capilar<\/strong><\/em><\/a>. Para que te tengan en cuenta para cualquier procedimiento de trasplante o restauraci\u00f3n capilar, es muy recomendable una consulta con un cirujano pl\u00e1stico certificado. Esta cita est\u00e1 dise\u00f1ada para averiguar la causa de tu p\u00e9rdida de pelo y para informarte sobre las opciones disponibles. Puedes informarte sobre las ventajas y los riesgos para tomar una decisi\u00f3n informada que te permita obtener unos resultados \u00f3ptimos.         <\/p>\n<h3>Especialista en trasplantes capilares de Nevada en quien puedes confiar<\/h3>\n<p> El Dr. Erez Dayan es un especialista en trasplantes capilares de gran reputaci\u00f3n que ha ayudado a numerosos hombres y mujeres de todo el mundo. Las instalaciones de Avance Hair Transplant en Reno cuentan con equipos de vanguardia y forman a los cirujanos en las \u00faltimas t\u00e9cnicas y tecnolog\u00edas quir\u00fargicas y no quir\u00fargicas. <a title=\"Tratamiento no quir\u00fargico de la ca\u00edda del cabello cerca de Truckee NV\" href=\"https:\/\/www.avancehair.com\/es\/tratamientos-no-quirurgicos-para-la-caida-del-cabello\/\"><em><strong>t\u00e9cnicas y tecnolog\u00edas quir\u00fargicas y no quir\u00fargicas<\/strong><\/em><\/a>. El Dr. Dayan es un \u00e1vido educador, autor de numerosos libros y conferenciante sobre procedimientos est\u00e9ticos de cirug\u00eda pl\u00e1stica y reconstructiva.   <\/p>\n<h4>Consulta sobre trasplante capilar en Truckee<\/h4>\n<p> Un trasplante capilar puede ser una forma segura y eficaz de recuperar la confianza en tu aspecto. Avance Hair Transplant ofrece consultas en persona y virtuales para hombres y mujeres en Truckee, Nevada. El Dr. Erez Dayan es un cirujano pl\u00e1stico y reconstructivo altamente acreditado, especializado en t\u00e9cnicas de trasplante y restauraci\u00f3n capilar. Durante una consulta, el Dr. Dayan puede realizar una evaluaci\u00f3n y recomendarte la mejor opci\u00f3n de tratamiento que se adapte a tus necesidades y objetivos est\u00e9ticos \u00fanicos. <a title=\"Contacta con Avance Hair Transplant cerca de Truckee NV\" href=\"https:\/\/www.avancehair.com\/es\/contact-us-dr-erez-dayan\/\"><em><strong>Programa una consulta<\/strong><\/em><\/a> hoy mismo.   <\/p>\n","protected":false},"excerpt":{"rendered":"<p>Trasplante capilar Truckee El debilitamiento del cabello o las calvas pueden destruir la confianza que tienes en tu aspecto.&hellip;<\/p>\n","protected":false},"author":1,"featured_media":0,"parent":8926,"menu_order":50,"comment_status":"closed","ping_status":"closed","template":"","meta":{"_acf_changed":false,"footnotes":""},"class_list":["post-8834","page","type-page","status-publish"],"acf":[],"yoast_head":"<!-- This site is optimized with the Yoast SEO plugin v24.5 - https:\/\/yoast.com\/wordpress\/plugins\/seo\/ -->\n<title>Trasplante de pelo en Truckee | Restauraci\u00f3n del pelo de la barba\/cejas | Lake Tahoe<\/title>\n<meta name=\"description\" content=\"\u00bfNecesitas un trasplante capilar en Truckee, Nevada? Ponte en contacto con Avance Hair Transplant hoy mismo para una consulta y descubrir si eres candidato.\" \/>\n<meta name=\"robots\" content=\"index, follow, max-snippet:-1, max-image-preview:large, max-video-preview:-1\" \/>\n<link rel=\"canonical\" href=\"https:\/\/www.avancehair.com\/es\/acerca-de-avance-cirugia-plastica-y-trasplante-capilar\/truckee\/\" \/>\n<meta property=\"og:locale\" content=\"es_ES\" \/>\n<meta property=\"og:type\" content=\"article\" \/>\n<meta property=\"og:title\" content=\"Trasplante de pelo en Truckee | Restauraci\u00f3n del pelo de la barba\/cejas | Lake Tahoe\" \/>\n<meta property=\"og:description\" content=\"\u00bfNecesitas un trasplante capilar en Truckee, Nevada? Ponte en contacto con Avance Hair Transplant hoy mismo para una consulta y descubrir si eres candidato.\" \/>\n<meta property=\"og:url\" content=\"https:\/\/www.avancehair.com\/es\/acerca-de-avance-cirugia-plastica-y-trasplante-capilar\/truckee\/\" \/>\n<meta property=\"og:site_name\" content=\"Avance Hair Transplant\" \/>\n<meta property=\"article:modified_time\" content=\"2024-10-28T09:59:30+00:00\" \/>\n<meta name=\"twitter:card\" content=\"summary_large_image\" \/>\n<meta name=\"twitter:label1\" content=\"Tiempo de lectura\" \/>\n\t<meta name=\"twitter:data1\" content=\"2 minutos\" \/>\n<!-- \/ Yoast SEO plugin. -->","yoast_head_json":{"title":"Trasplante de pelo en Truckee | Restauraci\u00f3n del pelo de la barba\/cejas | Lake Tahoe","description":"\u00bfNecesitas un trasplante capilar en Truckee, Nevada? Ponte en contacto con Avance Hair Transplant hoy mismo para una consulta y descubrir si eres candidato.","robots":{"index":"index","follow":"follow","max-snippet":"max-snippet:-1","max-image-preview":"max-image-preview:large","max-video-preview":"max-video-preview:-1"},"canonical":"https:\/\/www.avancehair.com\/es\/acerca-de-avance-cirugia-plastica-y-trasplante-capilar\/truckee\/","og_locale":"es_ES","og_type":"article","og_title":"Trasplante de pelo en Truckee | Restauraci\u00f3n del pelo de la barba\/cejas | Lake Tahoe","og_description":"\u00bfNecesitas un trasplante capilar en Truckee, Nevada? Ponte en contacto con Avance Hair Transplant hoy mismo para una consulta y descubrir si eres candidato.","og_url":"https:\/\/www.avancehair.com\/es\/acerca-de-avance-cirugia-plastica-y-trasplante-capilar\/truckee\/","og_site_name":"Avance Hair Transplant","article_modified_time":"2024-10-28T09:59:30+00:00","twitter_card":"summary_large_image","twitter_misc":{"Tiempo de lectura":"2 minutos"},"schema":{"@context":"https:\/\/schema.org","@graph":[{"@type":"WebPage","@id":"https:\/\/www.avancehair.com\/es\/acerca-de-avance-cirugia-plastica-y-trasplante-capilar\/truckee\/","url":"https:\/\/www.avancehair.com\/es\/acerca-de-avance-cirugia-plastica-y-trasplante-capilar\/truckee\/","name":"Trasplante de pelo en Truckee | Restauraci\u00f3n del pelo de la barba\/cejas | Lake Tahoe","isPartOf":{"@id":"https:\/\/www.avancehair.com\/es\/#website"},"datePublished":"2022-04-06T11:14:02+00:00","dateModified":"2024-10-28T09:59:30+00:00","description":"\u00bfNecesitas un trasplante capilar en Truckee, Nevada? Ponte en contacto con Avance Hair Transplant hoy mismo para una consulta y descubrir si eres candidato.","breadcrumb":{"@id":"https:\/\/www.avancehair.com\/es\/acerca-de-avance-cirugia-plastica-y-trasplante-capilar\/truckee\/#breadcrumb"},"inLanguage":"es","potentialAction":[{"@type":"ReadAction","target":["https:\/\/www.avancehair.com\/es\/acerca-de-avance-cirugia-plastica-y-trasplante-capilar\/truckee\/"]}]},{"@type":"BreadcrumbList","@id":"https:\/\/www.avancehair.com\/es\/acerca-de-avance-cirugia-plastica-y-trasplante-capilar\/truckee\/#breadcrumb","itemListElement":[{"@type":"ListItem","position":1,"name":"Home","item":"https:\/\/www.avancehair.com\/es\/"},{"@type":"ListItem","position":2,"name":"Acerca de Avance Cirug\u00eda Pl\u00e1stica y Trasplante Capilar","item":"https:\/\/www.avancehair.com\/es\/acerca-de-avance-cirugia-plastica-y-trasplante-capilar\/"},{"@type":"ListItem","position":3,"name":"Truckee"}]},{"@type":"WebSite","@id":"https:\/\/www.avancehair.com\/es\/#website","url":"https:\/\/www.avancehair.com\/es\/","name":"Avance Hair Transplant","description":"","potentialAction":[{"@type":"SearchAction","target":{"@type":"EntryPoint","urlTemplate":"https:\/\/www.avancehair.com\/es\/?s={search_term_string}"},"query-input":{"@type":"PropertyValueSpecification","valueRequired":true,"valueName":"search_term_string"}}],"inLanguage":"es"}]}},"_links":{"self":[{"href":"https:\/\/www.avancehair.com\/es\/wp-json\/wp\/v2\/pages\/8834","targetHints":{"allow":["GET"]}}],"collection":[{"href":"https:\/\/www.avancehair.com\/es\/wp-json\/wp\/v2\/pages"}],"about":[{"href":"https:\/\/www.avancehair.com\/es\/wp-json\/wp\/v2\/types\/page"}],"author":[{"embeddable":true,"href":"https:\/\/www.avancehair.com\/es\/wp-json\/wp\/v2\/users\/1"}],"replies":[{"embeddable":true,"href":"https:\/\/www.avancehair.com\/es\/wp-json\/wp\/v2\/comments?post=8834"}],"version-history":[{"count":2,"href":"https:\/\/www.avancehair.com\/es\/wp-json\/wp\/v2\/pages\/8834\/revisions"}],"predecessor-version":[{"id":8939,"href":"https:\/\/www.avancehair.com\/es\/wp-json\/wp\/v2\/pages\/8834\/revisions\/8939"}],"up":[{"embeddable":true,"href":"https:\/\/www.avancehair.com\/es\/wp-json\/wp\/v2\/pages\/8926"}],"wp:attachment":[{"href":"https:\/\/www.avancehair.com\/es\/wp-json\/wp\/v2\/media?parent=8834"}],"curies":[{"name":"wp","href":"https:\/\/api.w.org\/{rel}","templated":true}]}}