{"id":8831,"date":"2022-04-06T10:19:59","date_gmt":"2022-04-06T10:19:59","guid":{"rendered":"https:\/\/www.avancehair.com\/hair-transplant-information\/datos-sobre-la-caida-del-cabello\/"},"modified":"2024-10-28T10:07:13","modified_gmt":"2024-10-28T10:07:13","slug":"datos-sobre-la-caida-del-cabello","status":"publish","type":"page","link":"https:\/\/www.avancehair.com\/es\/hair-transplant-information\/datos-sobre-la-caida-del-cabello\/","title":{"rendered":"Datos sobre la ca\u00edda del cabello"},"content":{"rendered":"<h1>Datos sobre la ca\u00edda del cabello<\/h1>\n<p><a title=\"Informaci\u00f3n sobre el trasplante capilar en Reno NV\" href=\"https:\/\/www.avancehair.com\/es\/procedimientos\/\"><em><strong>La ca\u00edda del cabello<\/strong><\/em><\/a> afecta aproximadamente a 50 millones de hombres y 30 millones de mujeres en Estados Unidos.<br \/>\nAunque no es mortal, puede afectar significativamente a tu bienestar mental y emocional.<br \/>\nExisten opciones de tratamiento que te ayudar\u00e1n a superar este problema para que puedas verte y sentirte mejor.<br \/>\nAvance Hair Transplant se esfuerza por proporcionar a las personas la informaci\u00f3n educativa y los recursos necesarios para tomar decisiones m\u00e9dicas con conocimiento de causa.<br \/>\nEstos son los datos sobre la ca\u00edda del cabello que debes conocer para tomar una decisi\u00f3n informada sobre el tratamiento.      <\/p>\n<h2>Causas de la ca\u00edda del cabello<\/h2>\n<p>  La ca\u00edda del cabello tiene numerosas causas.<br \/>\nLa causa de tu ca\u00edda puede determinar si tu pelo se cae gradual o bruscamente.<br \/>\nTu pelo puede volver a crecer por s\u00ed solo o requerir tratamiento profesional inmediato.<br \/>\nLa ca\u00edda del cabello puede ser hereditaria o el resultado del envejecimiento, un desequilibrio hormonal, una infecci\u00f3n o una enfermedad.<br \/>\nDeterminados procedimientos m\u00e9dicos y medicamentos tambi\u00e9n pueden provocar la ca\u00edda del cabello.<br \/>\nEl estr\u00e9s y tirarse continuamente del pelo hacia atr\u00e1s tambi\u00e9n pueden provocar la ca\u00edda permanente del cabello.<br \/>\nLos s\u00edntomas de la ca\u00edda del cabello incluyen un adelgazamiento gradual, calvas circulares, descamaci\u00f3n, pelo suelto al cepillarlo y ca\u00edda del cabello en todo el cuerpo.<br \/>\nUn tratamiento precoz puede ayudar a prevenir da\u00f1os permanentes en el cuero cabelludo y los fol\u00edculos, y a reducir el riesgo de una mayor ca\u00edda del cabello.         <\/p>\n<h2>Tratamiento de la ca\u00edda del cabello<\/h2>\n<p>  Avance Hair Transplant ofrece una amplia gama de opciones de tratamiento de la ca\u00edda del cabello, tanto para hombres como para mujeres.<br \/>\nPara determinar el mejor tratamiento, el cirujano puede revisar tu historial m\u00e9dico y tomar una biopsia para determinar la causa ra\u00edz.<br \/>\nPueden prescribirse medicamentos antiinflamatorios o cremas t\u00f3picas.<br \/>\nLas opciones quir\u00fargicas incluyen el injerto o la reducci\u00f3n del cuero cabelludo.<br \/>\nEl injerto transporta el pelo de un lugar a otro, mientras que la reducci\u00f3n del cuero cabelludo elimina la piel calva para poder estirar el cuero cabelludo cubierto de pelo y rellenar la zona deseada.<br \/>\nEl tratamiento con l\u00e1ser puede estimular los fol\u00edculos para impulsar el crecimiento del pelo.       <\/p>\n<h2>Restauraci\u00f3n capilar profesional para mujeres\/hombres en Nevada<\/h2>\n<p>  Si sufres p\u00e9rdida de cabello, puedes retomar el control y recuperar tu aspecto y la confianza en ti mismo.<br \/>\nAvance Hair Transplant ofrece consultas presenciales y virtuales tanto a hombres como a mujeres de Nevada y de todo el mundo para ayudarles con la restauraci\u00f3n capilar.<br \/>\nDurante tu cita, podr\u00e1s informarte sobre las ventajas y los riesgos y descubrir si eres un candidato ideal. <a title=\"Contacta con Avance Hair Transplant en Reno NV\" href=\"https:\/\/www.avancehair.com\/es\/contact-us-dr-erez-dayan\/\"><em><strong>Programa una consulta<\/strong><\/em><\/a> hoy mismo.  <\/p>\n","protected":false},"excerpt":{"rendered":"<p>Datos sobre la ca\u00edda del cabello La ca\u00edda del cabello afecta aproximadamente a 50 millones de hombres y 30&hellip;<\/p>\n","protected":false},"author":1,"featured_media":0,"parent":8828,"menu_order":0,"comment_status":"closed","ping_status":"closed","template":"","meta":{"_acf_changed":false,"footnotes":""},"class_list":["post-8831","page","type-page","status-publish"],"acf":[],"yoast_head":"<!-- This site is optimized with the Yoast SEO plugin v27.4 - https:\/\/yoast.com\/product\/yoast-seo-wordpress\/ -->\n<title>Reno NV Tratamiento Antica\u00edda, Causas | Restauraci\u00f3n Capilar Mujeres\/Hombres<\/title>\n<meta name=\"description\" content=\"Conocer los datos sobre la ca\u00edda del cabello puede ayudarte a tomar decisiones informadas sobre tu tratamiento. Solicita una consulta hoy mismo.\" \/>\n<meta name=\"robots\" content=\"index, follow, max-snippet:-1, max-image-preview:large, max-video-preview:-1\" \/>\n<link rel=\"canonical\" href=\"https:\/\/www.avancehair.com\/es\/hair-transplant-information\/datos-sobre-la-caida-del-cabello\/\" \/>\n<meta property=\"og:locale\" content=\"es_ES\" \/>\n<meta property=\"og:type\" content=\"article\" \/>\n<meta property=\"og:title\" content=\"Reno NV Tratamiento Antica\u00edda, Causas | Restauraci\u00f3n Capilar Mujeres\/Hombres\" \/>\n<meta property=\"og:description\" content=\"Conocer los datos sobre la ca\u00edda del cabello puede ayudarte a tomar decisiones informadas sobre tu tratamiento. Solicita una consulta hoy mismo.\" \/>\n<meta property=\"og:url\" content=\"https:\/\/www.avancehair.com\/es\/hair-transplant-information\/datos-sobre-la-caida-del-cabello\/\" \/>\n<meta property=\"og:site_name\" content=\"Avance Hair Transplant\" \/>\n<meta property=\"article:modified_time\" content=\"2024-10-28T10:07:13+00:00\" \/>\n<meta name=\"twitter:card\" content=\"summary_large_image\" \/>\n<meta name=\"twitter:label1\" content=\"Tiempo de lectura\" \/>\n\t<meta name=\"twitter:data1\" content=\"2 minutos\" \/>\n<!-- \/ Yoast SEO plugin. -->","yoast_head_json":{"title":"Reno NV Tratamiento Antica\u00edda, Causas | Restauraci\u00f3n Capilar Mujeres\/Hombres","description":"Conocer los datos sobre la ca\u00edda del cabello puede ayudarte a tomar decisiones informadas sobre tu tratamiento. Solicita una consulta hoy mismo.","robots":{"index":"index","follow":"follow","max-snippet":"max-snippet:-1","max-image-preview":"max-image-preview:large","max-video-preview":"max-video-preview:-1"},"canonical":"https:\/\/www.avancehair.com\/es\/hair-transplant-information\/datos-sobre-la-caida-del-cabello\/","og_locale":"es_ES","og_type":"article","og_title":"Reno NV Tratamiento Antica\u00edda, Causas | Restauraci\u00f3n Capilar Mujeres\/Hombres","og_description":"Conocer los datos sobre la ca\u00edda del cabello puede ayudarte a tomar decisiones informadas sobre tu tratamiento. Solicita una consulta hoy mismo.","og_url":"https:\/\/www.avancehair.com\/es\/hair-transplant-information\/datos-sobre-la-caida-del-cabello\/","og_site_name":"Avance Hair Transplant","article_modified_time":"2024-10-28T10:07:13+00:00","twitter_card":"summary_large_image","twitter_misc":{"Tiempo de lectura":"2 minutos"},"schema":{"@context":"https:\/\/schema.org","@graph":[{"@type":"WebPage","@id":"https:\/\/www.avancehair.com\/es\/hair-transplant-information\/datos-sobre-la-caida-del-cabello\/","url":"https:\/\/www.avancehair.com\/es\/hair-transplant-information\/datos-sobre-la-caida-del-cabello\/","name":"Reno NV Tratamiento Antica\u00edda, Causas | Restauraci\u00f3n Capilar Mujeres\/Hombres","isPartOf":{"@id":"https:\/\/www.avancehair.com\/es\/#website"},"datePublished":"2022-04-06T10:19:59+00:00","dateModified":"2024-10-28T10:07:13+00:00","description":"Conocer los datos sobre la ca\u00edda del cabello puede ayudarte a tomar decisiones informadas sobre tu tratamiento. Solicita una consulta hoy mismo.","breadcrumb":{"@id":"https:\/\/www.avancehair.com\/es\/hair-transplant-information\/datos-sobre-la-caida-del-cabello\/#breadcrumb"},"inLanguage":"es","potentialAction":[{"@type":"ReadAction","target":["https:\/\/www.avancehair.com\/es\/hair-transplant-information\/datos-sobre-la-caida-del-cabello\/"]}]},{"@type":"BreadcrumbList","@id":"https:\/\/www.avancehair.com\/es\/hair-transplant-information\/datos-sobre-la-caida-del-cabello\/#breadcrumb","itemListElement":[{"@type":"ListItem","position":1,"name":"Home","item":"https:\/\/www.avancehair.com\/es\/"},{"@type":"ListItem","position":2,"name":"Informaci\u00f3n sobre el trasplante capilar","item":"https:\/\/www.avancehair.com\/es\/hair-transplant-information\/"},{"@type":"ListItem","position":3,"name":"Datos sobre la ca\u00edda del cabello"}]},{"@type":"WebSite","@id":"https:\/\/www.avancehair.com\/es\/#website","url":"https:\/\/www.avancehair.com\/es\/","name":"Avance Hair Transplant","description":"","potentialAction":[{"@type":"SearchAction","target":{"@type":"EntryPoint","urlTemplate":"https:\/\/www.avancehair.com\/es\/?s={search_term_string}"},"query-input":{"@type":"PropertyValueSpecification","valueRequired":true,"valueName":"search_term_string"}}],"inLanguage":"es"}]}},"_links":{"self":[{"href":"https:\/\/www.avancehair.com\/es\/wp-json\/wp\/v2\/pages\/8831","targetHints":{"allow":["GET"]}}],"collection":[{"href":"https:\/\/www.avancehair.com\/es\/wp-json\/wp\/v2\/pages"}],"about":[{"href":"https:\/\/www.avancehair.com\/es\/wp-json\/wp\/v2\/types\/page"}],"author":[{"embeddable":true,"href":"https:\/\/www.avancehair.com\/es\/wp-json\/wp\/v2\/users\/1"}],"replies":[{"embeddable":true,"href":"https:\/\/www.avancehair.com\/es\/wp-json\/wp\/v2\/comments?post=8831"}],"version-history":[{"count":1,"href":"https:\/\/www.avancehair.com\/es\/wp-json\/wp\/v2\/pages\/8831\/revisions"}],"predecessor-version":[{"id":8941,"href":"https:\/\/www.avancehair.com\/es\/wp-json\/wp\/v2\/pages\/8831\/revisions\/8941"}],"up":[{"embeddable":true,"href":"https:\/\/www.avancehair.com\/es\/wp-json\/wp\/v2\/pages\/8828"}],"wp:attachment":[{"href":"https:\/\/www.avancehair.com\/es\/wp-json\/wp\/v2\/media?parent=8831"}],"curies":[{"name":"wp","href":"https:\/\/api.w.org\/{rel}","templated":true}]}}