{"id":8828,"date":"2022-04-06T10:17:44","date_gmt":"2022-04-06T10:17:44","guid":{"rendered":"https:\/\/www.avancehair.com\/hair-transplant-information\/"},"modified":"2024-10-25T12:51:14","modified_gmt":"2024-10-25T12:51:14","slug":"hair-transplant-information","status":"publish","type":"page","link":"https:\/\/www.avancehair.com\/es\/hair-transplant-information\/","title":{"rendered":"Informaci\u00f3n sobre el trasplante capilar"},"content":{"rendered":"<h1>Informaci\u00f3n sobre el trasplante capilar<\/h1>\n<p> \u00bfEst\u00e1s buscando informaci\u00f3n sobre trasplantes capilares que te ayude a mejorar tu autoestima? La cantidad de informaci\u00f3n que puedes encontrar en Internet puede ser abrumadora. Cuando te planteas este procedimiento, quieres la orientaci\u00f3n de profesionales con experiencia que te ayuden en tu viaje. Los expertos en trasplante capilar Avance se esfuerzan por ofrecer los mejores recursos educativos para ayudar a las personas a tomar decisiones informadas sobre la restauraci\u00f3n capilar.    <\/p>\n<h2>Informaci\u00f3n sobre el implante capilar para hombres y mujeres<\/h2>\n<p><a title=\"Trasplante capilar Reno NV\" href=\"https:\/\/www.avancehair.com\/es\/\"><em><strong>Avance Trasplante Capilar<\/strong><\/em><\/a> es una cl\u00ednica de trasplante capilar de primera categor\u00eda en Reno, Nevada. El centro cuenta con profesionales m\u00e9dicos experimentados y altamente formados en el uso de las \u00faltimas t\u00e9cnicas y tecnolog\u00edas de restauraci\u00f3n capilar. En la cl\u00ednica se forman m\u00e9dicos y cirujanos de todo el mundo. El Dr. Erez Dayan es un reputado cirujano pl\u00e1stico y reconstructivo autor de numerosos libros y conferenciante en todo el mundo sobre cirug\u00eda est\u00e9tica. Si quieres recibir m\u00e1s informaci\u00f3n sobre trasplantes capilares para hombres y mujeres, consulta los siguientes enlaces:     <nav class=\"flc-submenu\" aria-label=\"sub menu\"><ul><li class=\"page_item page-item-8852\"><a href=\"https:\/\/www.avancehair.com\/es\/hair-transplant-information\/coste-del-trasplante-capilar\/\">Coste del trasplante capilar<\/a><\/li>\n<li class=\"page_item page-item-8831\"><a href=\"https:\/\/www.avancehair.com\/es\/hair-transplant-information\/datos-sobre-la-caida-del-cabello\/\">Datos sobre la ca\u00edda del cabello<\/a><\/li>\n<li class=\"page_item page-item-8854\"><a href=\"https:\/\/www.avancehair.com\/es\/hair-transplant-information\/preguntas-frecuentes-sobre-el-trasplante-capilar\/\">Preguntas frecuentes sobre el trasplante capilar<\/a><\/li>\n<\/ul><\/nav><\/p>\n<h3>Hair Transplant Surgery Options<\/h3>\n<p> Hay varias opciones de cirug\u00eda de trasplante capilar disponibles en Avance Hair Transplant de Reno, Nevada. El tipo que te realicen depender\u00e1 de tus necesidades y objetivos est\u00e9ticos. El Dr. Dayan est\u00e1 especializado en la extracci\u00f3n y transferencia de unidades foliculares, as\u00ed como en microneedling, inyecciones de PRP, inyecciones de c\u00e9lulas madre y terapia l\u00e1ser. Cada tratamiento tiene sus propios beneficios y riesgos para ayudarte en tu viaje de restauraci\u00f3n de la ca\u00edda del cabello. Los pacientes reciben un plan de tratamiento personalizado adaptado a sus necesidades y objetivos individuales, de modo que se consiguen resultados \u00f3ptimos con un tiempo de inactividad m\u00ednimo.     <\/p>\n<h4>\u00bfQuieres m\u00e1s informaci\u00f3n sobre el trasplante capilar?<\/h4>\n<p> Los trasplantes capilares son una soluci\u00f3n de tratamiento eficaz para hombres y mujeres que sufren debilitamiento del cabello y calvicie. Existen consultas virtuales y en persona para las personas que necesitan m\u00e1s informaci\u00f3n sobre el trasplante capilar para satisfacer necesidades y objetivos est\u00e9ticos espec\u00edficos. El Dr. Erez Dayan, de Avance Hair Transplant, puede ayudarte a determinar si eres un candidato ideal y a resolver cualquier duda o preocupaci\u00f3n que puedas tener. Durante tu cita, podr\u00e1s informarte sobre los beneficios y riesgos de este procedimiento y recibir recursos para tomar las decisiones mejor informadas respecto a tu cuidado. <a title=\"Contacta con Avance Hair Transplant en Reno NV\" href=\"https:\/\/www.avancehair.com\/es\/contact-us-dr-erez-dayan\/\"><em><strong>Programa una consulta<\/strong><\/em><\/a> hoy mismo.   <\/p>\n","protected":false},"excerpt":{"rendered":"<p>Informaci\u00f3n sobre el trasplante capilar \u00bfEst\u00e1s buscando informaci\u00f3n sobre trasplantes capilares que te ayude a mejorar tu autoestima? La&hellip;<\/p>\n","protected":false},"author":1,"featured_media":0,"parent":0,"menu_order":20,"comment_status":"closed","ping_status":"closed","template":"","meta":{"_acf_changed":false,"footnotes":""},"class_list":["post-8828","page","type-page","status-publish"],"acf":[],"yoast_head":"<!-- This site is optimized with the Yoast SEO plugin v27.4 - https:\/\/yoast.com\/product\/yoast-seo-wordpress\/ -->\n<title>Informaci\u00f3n sobre el trasplante capilar | Reno NV Reemplazo capilar para hombres\/mujeres<\/title>\n<meta name=\"description\" content=\"Recibe informaci\u00f3n sobre el trasplante capilar de Avance Hair Transplant en Nevada para decidir si el procedimiento es adecuado para ti.\" \/>\n<meta name=\"robots\" content=\"index, follow, max-snippet:-1, max-image-preview:large, max-video-preview:-1\" \/>\n<link rel=\"canonical\" href=\"https:\/\/www.avancehair.com\/es\/hair-transplant-information\/\" \/>\n<meta property=\"og:locale\" content=\"es_ES\" \/>\n<meta property=\"og:type\" content=\"article\" \/>\n<meta property=\"og:title\" content=\"Informaci\u00f3n sobre el trasplante capilar | Reno NV Reemplazo capilar para hombres\/mujeres\" \/>\n<meta property=\"og:description\" content=\"Recibe informaci\u00f3n sobre el trasplante capilar de Avance Hair Transplant en Nevada para decidir si el procedimiento es adecuado para ti.\" \/>\n<meta property=\"og:url\" content=\"https:\/\/www.avancehair.com\/es\/hair-transplant-information\/\" \/>\n<meta property=\"og:site_name\" content=\"Avance Hair Transplant\" \/>\n<meta property=\"article:modified_time\" content=\"2024-10-25T12:51:14+00:00\" \/>\n<meta name=\"twitter:card\" content=\"summary_large_image\" \/>\n<meta name=\"twitter:label1\" content=\"Tiempo de lectura\" \/>\n\t<meta name=\"twitter:data1\" content=\"2 minutos\" \/>\n<!-- \/ Yoast SEO plugin. -->","yoast_head_json":{"title":"Informaci\u00f3n sobre el trasplante capilar | Reno NV Reemplazo capilar para hombres\/mujeres","description":"Recibe informaci\u00f3n sobre el trasplante capilar de Avance Hair Transplant en Nevada para decidir si el procedimiento es adecuado para ti.","robots":{"index":"index","follow":"follow","max-snippet":"max-snippet:-1","max-image-preview":"max-image-preview:large","max-video-preview":"max-video-preview:-1"},"canonical":"https:\/\/www.avancehair.com\/es\/hair-transplant-information\/","og_locale":"es_ES","og_type":"article","og_title":"Informaci\u00f3n sobre el trasplante capilar | Reno NV Reemplazo capilar para hombres\/mujeres","og_description":"Recibe informaci\u00f3n sobre el trasplante capilar de Avance Hair Transplant en Nevada para decidir si el procedimiento es adecuado para ti.","og_url":"https:\/\/www.avancehair.com\/es\/hair-transplant-information\/","og_site_name":"Avance Hair Transplant","article_modified_time":"2024-10-25T12:51:14+00:00","twitter_card":"summary_large_image","twitter_misc":{"Tiempo de lectura":"2 minutos"},"schema":{"@context":"https:\/\/schema.org","@graph":[{"@type":"WebPage","@id":"https:\/\/www.avancehair.com\/es\/hair-transplant-information\/","url":"https:\/\/www.avancehair.com\/es\/hair-transplant-information\/","name":"Informaci\u00f3n sobre el trasplante capilar | Reno NV Reemplazo capilar para hombres\/mujeres","isPartOf":{"@id":"https:\/\/www.avancehair.com\/es\/#website"},"datePublished":"2022-04-06T10:17:44+00:00","dateModified":"2024-10-25T12:51:14+00:00","description":"Recibe informaci\u00f3n sobre el trasplante capilar de Avance Hair Transplant en Nevada para decidir si el procedimiento es adecuado para ti.","breadcrumb":{"@id":"https:\/\/www.avancehair.com\/es\/hair-transplant-information\/#breadcrumb"},"inLanguage":"es","potentialAction":[{"@type":"ReadAction","target":["https:\/\/www.avancehair.com\/es\/hair-transplant-information\/"]}]},{"@type":"BreadcrumbList","@id":"https:\/\/www.avancehair.com\/es\/hair-transplant-information\/#breadcrumb","itemListElement":[{"@type":"ListItem","position":1,"name":"Home","item":"https:\/\/www.avancehair.com\/es\/"},{"@type":"ListItem","position":2,"name":"Informaci\u00f3n sobre el trasplante capilar"}]},{"@type":"WebSite","@id":"https:\/\/www.avancehair.com\/es\/#website","url":"https:\/\/www.avancehair.com\/es\/","name":"Avance Hair Transplant","description":"","potentialAction":[{"@type":"SearchAction","target":{"@type":"EntryPoint","urlTemplate":"https:\/\/www.avancehair.com\/es\/?s={search_term_string}"},"query-input":{"@type":"PropertyValueSpecification","valueRequired":true,"valueName":"search_term_string"}}],"inLanguage":"es"}]}},"_links":{"self":[{"href":"https:\/\/www.avancehair.com\/es\/wp-json\/wp\/v2\/pages\/8828","targetHints":{"allow":["GET"]}}],"collection":[{"href":"https:\/\/www.avancehair.com\/es\/wp-json\/wp\/v2\/pages"}],"about":[{"href":"https:\/\/www.avancehair.com\/es\/wp-json\/wp\/v2\/types\/page"}],"author":[{"embeddable":true,"href":"https:\/\/www.avancehair.com\/es\/wp-json\/wp\/v2\/users\/1"}],"replies":[{"embeddable":true,"href":"https:\/\/www.avancehair.com\/es\/wp-json\/wp\/v2\/comments?post=8828"}],"version-history":[{"count":3,"href":"https:\/\/www.avancehair.com\/es\/wp-json\/wp\/v2\/pages\/8828\/revisions"}],"predecessor-version":[{"id":8925,"href":"https:\/\/www.avancehair.com\/es\/wp-json\/wp\/v2\/pages\/8828\/revisions\/8925"}],"wp:attachment":[{"href":"https:\/\/www.avancehair.com\/es\/wp-json\/wp\/v2\/media?parent=8828"}],"curies":[{"name":"wp","href":"https:\/\/api.w.org\/{rel}","templated":true}]}}